{"id":42571,"date":"2024-01-31T11:58:45","date_gmt":"2024-01-31T11:58:45","guid":{"rendered":"https:\/\/e.kosmolat.eu\/product\/dr-s-hyaluron-hair-sampuns-deep-hydration-1-l\/"},"modified":"2025-03-10T11:10:31","modified_gmt":"2025-03-10T11:10:31","slug":"i_dr-s-hyaluron-hair-sampuns-deep-hydration-1-l","status":"publish","type":"product","link":"https:\/\/e.kosmolat.eu\/lt\/produktas\/i_dr-s-hyaluron-hair-sampuns-deep-hydration-1-l\/","title":{"rendered":"I_DR.SANTE Hyaluron Hair Plauk\u0173 \u0161amp\u016bnas Deep Hydration, 1 l"},"content":{"rendered":"<p>Hyaluron Hair serija yra plauk\u0173 dr\u0117kinimo programa. Hialurono r\u016bg&scaron;ties molekuli\u0173 ir augal\u0173 dr\u0117kinimo komplekso sinergija suteikia 3D efekt\u0105: blizges\u012f, glotnum\u0105, elastingum\u0105.<\/p>\n<ul>\n<li>Dr\u0117kinamasis kompleksas 4 viename &ndash; skirtingos molekulin\u0117s mas\u0117s augalini\u0173 dr\u0117kinam\u0173j\u0173 priemoni\u0173 ir hialurono r\u016bg&scaron;\u010di\u0173 mi&scaron;inys, sukuriantis optimizuot\u0105 vietin\u0119 buferin\u0119 vandens pl\u0117vel\u0119 ant plauk\u0173 stiebo.<\/li>\n<li>&Scaron;amp\u016bnas be sulfat\u0173 u\u017etikrina maksimali\u0105 prie\u017ei\u016br\u0105 ir valym\u0105.<\/li>\n<li>Hialurono r\u016bg&scaron;tis u\u017etikrina b\u016btin\u0105 galvos odos dr\u0117kinim\u0105, gerina nat\u016bral\u0173 plauk\u0173 vandens balans\u0105.<\/li>\n<li>&nbsp;Alavij\u0173 gelis palaiko reikiam\u0105 dr\u0117gm\u0117s lyg\u012f ir apsaugo nuo plauk\u0173 l\u016b\u017ein\u0117jimo.<\/li>\n<\/ul>\n<p><strong>Naudojimo b\u016bdas: <\/strong>paskirstyti ant dr\u0117gn\u0173 plauk\u0173, suputoti, nuplauti vandeniu.<\/p>\n<p><strong>Atsargumo priemon\u0117s:<\/strong> jei pateko \u012f akis, nuplaukite vandeniu.<\/p>\n<p>Laikyti nuo +5&deg;C iki +25&deg;C temperat\u016broje.<br \/>\n&nbsp;<\/p>\n","protected":false},"excerpt":{"rendered":"<p>Hyaluron Hair serija yra plauk\u0173 dr\u0117kinimo programa. Hialurono r\u016bg&scaron;ties molekuli\u0173 ir augal\u0173 dr\u0117kinimo komplekso sinergija suteikia 3D efekt\u0105: blizges\u012f, glotnum\u0105, elastingum\u0105. Dr\u0117kinamasis kompleksas 4 viename &ndash; skirtingos molekulin\u0117s mas\u0117s augalini\u0173 dr\u0117kinam\u0173j\u0173 priemoni\u0173 ir hialurono r\u016bg&scaron;\u010di\u0173 mi&scaron;inys, sukuriantis optimizuot\u0105 vietin\u0119 buferin\u0119 vandens pl\u0117vel\u0119 ant plauk\u0173 stiebo. &Scaron;amp\u016bnas be sulfat\u0173 u\u017etikrina maksimali\u0105 prie\u017ei\u016br\u0105 ir valym\u0105. Hialurono r\u016bg&scaron;tis [&#8230;]\n","protected":false},"featured_media":42573,"template":"","meta":[],"product_cat":[1251],"product_tag":[],"class_list":{"0":"post-42571","1":"product","2":"type-product","3":"status-publish","4":"has-post-thumbnail","6":"product_brand-elfa_ua-lt","7":"product_cat-sampunai","9":"first","10":"outofstock","11":"taxable","12":"shipping-taxable","13":"product-type-simple"},"_links":{"self":[{"href":"https:\/\/e.kosmolat.eu\/lt\/wp-json\/wp\/v2\/product\/42571","targetHints":{"allow":["GET"]}}],"collection":[{"href":"https:\/\/e.kosmolat.eu\/lt\/wp-json\/wp\/v2\/product"}],"about":[{"href":"https:\/\/e.kosmolat.eu\/lt\/wp-json\/wp\/v2\/types\/product"}],"wp:featuredmedia":[{"embeddable":true,"href":"https:\/\/e.kosmolat.eu\/lt\/wp-json\/wp\/v2\/media\/42573"}],"wp:attachment":[{"href":"https:\/\/e.kosmolat.eu\/lt\/wp-json\/wp\/v2\/media?parent=42571"}],"wp:term":[{"taxonomy":"product_cat","embeddable":true,"href":"https:\/\/e.kosmolat.eu\/lt\/wp-json\/wp\/v2\/product_cat?post=42571"},{"taxonomy":"product_tag","embeddable":true,"href":"https:\/\/e.kosmolat.eu\/lt\/wp-json\/wp\/v2\/product_tag?post=42571"}],"curies":[{"name":"wp","href":"https:\/\/api.w.org\/{rel}","templated":true}]}}