{"id":42510,"date":"2024-01-31T11:52:04","date_gmt":"2024-01-31T11:52:04","guid":{"rendered":"https:\/\/e.kosmolat.eu\/product\/klasika-z-pasta-propoliss-150-g\/"},"modified":"2025-05-16T14:48:07","modified_gmt":"2025-05-16T14:48:07","slug":"klasika-z-pasta-propoliss-150-g","status":"publish","type":"product","link":"https:\/\/e.kosmolat.eu\/lt\/produktas\/klasika-z-pasta-propoliss-150-g\/","title":{"rendered":"&#8220;Klasika&#8221; Dant\u0173 valymo pasta &#8220;Propolis&#8221; , 150g"},"content":{"rendered":"<p>Pastos sud\u0117tyje yra propolio ekstraktas, naudojamas kai yra gleivin\u0117s ir danten\u0173 u\u017edegimas.<br \/>\nPropolio ekstraktas turi antimikrobini\u0173, prie\u0161u\u017edegimini\u0173, valymo ir gydom\u0173j\u0173 savybi\u0173. Ma\u017eina kraujavim\u0105 ir u\u017edegim\u0105, gydo burnos gleivin\u0119. Stiprina dantis ir dantenas.<\/p>\n<p>NAUDOJIMO B\u016aDAS: valyti dantis 2 kartus per dien\u0105.<\/p>\n<p>Laikymo s\u0105lygos: nuo 0\u00b0\u0421 iki +25\u00b0\u0421.<\/p>\n","protected":false},"excerpt":{"rendered":"<p>Pastos sud\u0117tyje yra propolio ekstraktas, naudojamas kai yra gleivin\u0117s ir danten\u0173 u\u017edegimas. Propolio ekstraktas turi antimikrobini\u0173, prie\u0161u\u017edegimini\u0173, valymo ir gydom\u0173j\u0173 savybi\u0173. Ma\u017eina kraujavim\u0105 ir u\u017edegim\u0105, gydo burnos gleivin\u0119. Stiprina dantis ir dantenas. NAUDOJIMO B\u016aDAS: valyti dantis 2 kartus per dien\u0105. Laikymo s\u0105lygos: nuo 0\u00b0\u0421 iki +25\u00b0\u0421.<\/p>\n","protected":false},"featured_media":1832,"template":"","meta":[],"product_cat":[1308],"product_tag":[],"class_list":{"0":"post-42510","1":"product","2":"type-product","3":"status-publish","4":"has-post-thumbnail","6":"product_brand-modum_by-lt","7":"product_cat-dantu-pastos-ir-geliai","9":"first","10":"outofstock","11":"taxable","12":"shipping-taxable","13":"product-type-simple"},"_links":{"self":[{"href":"https:\/\/e.kosmolat.eu\/lt\/wp-json\/wp\/v2\/product\/42510","targetHints":{"allow":["GET"]}}],"collection":[{"href":"https:\/\/e.kosmolat.eu\/lt\/wp-json\/wp\/v2\/product"}],"about":[{"href":"https:\/\/e.kosmolat.eu\/lt\/wp-json\/wp\/v2\/types\/product"}],"wp:featuredmedia":[{"embeddable":true,"href":"https:\/\/e.kosmolat.eu\/lt\/wp-json\/wp\/v2\/media\/1832"}],"wp:attachment":[{"href":"https:\/\/e.kosmolat.eu\/lt\/wp-json\/wp\/v2\/media?parent=42510"}],"wp:term":[{"taxonomy":"product_cat","embeddable":true,"href":"https:\/\/e.kosmolat.eu\/lt\/wp-json\/wp\/v2\/product_cat?post=42510"},{"taxonomy":"product_tag","embeddable":true,"href":"https:\/\/e.kosmolat.eu\/lt\/wp-json\/wp\/v2\/product_tag?post=42510"}],"curies":[{"name":"wp","href":"https:\/\/api.w.org\/{rel}","templated":true}]}}