{"id":42498,"date":"2024-01-31T11:51:14","date_gmt":"2024-01-31T11:51:14","guid":{"rendered":"https:\/\/e.kosmolat.eu\/product\/krems-nega-pretgrumbu-44-g\/"},"modified":"2026-04-23T06:05:44","modified_gmt":"2026-04-23T06:05:44","slug":"krems-nega-pretgrumbu-44-g","status":"publish","type":"product","link":"https:\/\/e.kosmolat.eu\/lt\/produktas\/krems-nega-pretgrumbu-44-g\/","title":{"rendered":"FITODOCTOR Kremas nuo rauk\u0161li\u0173 &#8220;Nega&#8221;, 44 g"},"content":{"rendered":"<p>Avokad\u0173 aliejus, vitaminas F, ginkmed\u017ei\u0173 ir \u017ealiosios arbatos ekstraktai maitina od\u0105, skatina jos regeneracijos procesus, o hialurono r\u016bg&scaron;tis giliai dr\u0117kina od\u0105.<\/p>\n<p><strong>Naudojimas: <\/strong>Tepkite &scaron;vari\u0105 od\u0105.<\/p>\n<p><strong>Atsargumo priemon\u0117s:<\/strong> Tik i&scaron;oriniam naudojimui.<\/p>\n<p><strong>Laikymo s\u0105lygos: <\/strong>0&deg;\u0421 iki +25&deg;\u0421.<br \/>\n&nbsp;<\/p>\n","protected":false},"excerpt":{"rendered":"<p>Avokad\u0173 aliejus, vitaminas F, ginkmed\u017ei\u0173 ir \u017ealiosios arbatos ekstraktai maitina od\u0105, skatina jos regeneracijos procesus, o hialurono r\u016bg&scaron;tis giliai dr\u0117kina od\u0105. Naudojimas: Tepkite &scaron;vari\u0105 od\u0105. Atsargumo priemon\u0117s: Tik i&scaron;oriniam naudojimui. Laikymo s\u0105lygos: 0&deg;\u0421 iki +25&deg;\u0421. &nbsp;<\/p>\n","protected":false},"featured_media":79282,"template":"","meta":[],"product_cat":[1322],"product_tag":[],"class_list":{"0":"post-42498","1":"product","2":"type-product","3":"status-publish","4":"has-post-thumbnail","6":"product_brand-fitodoktor_ua-lt","7":"product_cat-veido-kremai","9":"first","10":"instock","11":"taxable","12":"shipping-taxable","13":"product-type-simple"},"_links":{"self":[{"href":"https:\/\/e.kosmolat.eu\/lt\/wp-json\/wp\/v2\/product\/42498","targetHints":{"allow":["GET"]}}],"collection":[{"href":"https:\/\/e.kosmolat.eu\/lt\/wp-json\/wp\/v2\/product"}],"about":[{"href":"https:\/\/e.kosmolat.eu\/lt\/wp-json\/wp\/v2\/types\/product"}],"wp:featuredmedia":[{"embeddable":true,"href":"https:\/\/e.kosmolat.eu\/lt\/wp-json\/wp\/v2\/media\/79282"}],"wp:attachment":[{"href":"https:\/\/e.kosmolat.eu\/lt\/wp-json\/wp\/v2\/media?parent=42498"}],"wp:term":[{"taxonomy":"product_cat","embeddable":true,"href":"https:\/\/e.kosmolat.eu\/lt\/wp-json\/wp\/v2\/product_cat?post=42498"},{"taxonomy":"product_tag","embeddable":true,"href":"https:\/\/e.kosmolat.eu\/lt\/wp-json\/wp\/v2\/product_tag?post=42498"}],"curies":[{"name":"wp","href":"https:\/\/api.w.org\/{rel}","templated":true}]}}