{"id":42486,"date":"2024-01-31T11:50:37","date_gmt":"2024-01-31T11:50:37","guid":{"rendered":"https:\/\/e.kosmolat.eu\/product\/krems-kajam-pret-seniti-44-g\/"},"modified":"2026-04-23T06:04:32","modified_gmt":"2026-04-23T06:04:32","slug":"krems-kajam-pret-seniti-44-g","status":"publish","type":"product","link":"https:\/\/e.kosmolat.eu\/lt\/produktas\/krems-kajam-pret-seniti-44-g\/","title":{"rendered":"FITODOCTOR Koj\u0173 kremas &#8220;Prie\u0161grybelinis poveikis&#8221;, 44 g"},"content":{"rendered":"<p>Koj\u0173 prie\u017ei\u016bros priemon\u0117. Arbatmed\u017eio aliejaus ir maklejaus ekstrakto kompleksas turi antiseptini\u0173, antibakterini\u0173 ir prie&scaron;grybelini\u0173 savybi\u0173. Kremas gydo \u012ftr\u016bkimus, pa&scaron;alina pleiskanojim\u0105, ma\u017eina prakaitavim\u0105, pa&scaron;alina nemalon\u0173 kvap\u0105, gaivina ir ramina od\u0105.<\/p>\n<p><strong>Naudojimas:<\/strong> Tepkite &scaron;vari\u0105 od\u0105.<\/p>\n<p><strong>Atsargumo priemon\u0117s:<\/strong> Tik i&scaron;oriniam naudojimui.<\/p>\n<p>Laikymo s\u0105lygos: 0&deg;\u0421 iki +25&deg;\u0421.<br \/>\n&nbsp;<\/p>\n","protected":false},"excerpt":{"rendered":"<p>Koj\u0173 prie\u017ei\u016bros priemon\u0117. Arbatmed\u017eio aliejaus ir maklejaus ekstrakto kompleksas turi antiseptini\u0173, antibakterini\u0173 ir prie&scaron;grybelini\u0173 savybi\u0173. Kremas gydo \u012ftr\u016bkimus, pa&scaron;alina pleiskanojim\u0105, ma\u017eina prakaitavim\u0105, pa&scaron;alina nemalon\u0173 kvap\u0105, gaivina ir ramina od\u0105. Naudojimas: Tepkite &scaron;vari\u0105 od\u0105. Atsargumo priemon\u0117s: Tik i&scaron;oriniam naudojimui. Laikymo s\u0105lygos: 0&deg;\u0421 iki +25&deg;\u0421. &nbsp;<\/p>\n","protected":false},"featured_media":79182,"template":"","meta":[],"product_cat":[1763],"product_tag":[],"class_list":{"0":"post-42486","1":"product","2":"type-product","3":"status-publish","4":"has-post-thumbnail","6":"product_brand-fitodoktor_ua-lt","7":"product_cat-koju-prieziuros-kosmetika","9":"first","10":"outofstock","11":"taxable","12":"shipping-taxable","13":"product-type-simple"},"_links":{"self":[{"href":"https:\/\/e.kosmolat.eu\/lt\/wp-json\/wp\/v2\/product\/42486","targetHints":{"allow":["GET"]}}],"collection":[{"href":"https:\/\/e.kosmolat.eu\/lt\/wp-json\/wp\/v2\/product"}],"about":[{"href":"https:\/\/e.kosmolat.eu\/lt\/wp-json\/wp\/v2\/types\/product"}],"wp:featuredmedia":[{"embeddable":true,"href":"https:\/\/e.kosmolat.eu\/lt\/wp-json\/wp\/v2\/media\/79182"}],"wp:attachment":[{"href":"https:\/\/e.kosmolat.eu\/lt\/wp-json\/wp\/v2\/media?parent=42486"}],"wp:term":[{"taxonomy":"product_cat","embeddable":true,"href":"https:\/\/e.kosmolat.eu\/lt\/wp-json\/wp\/v2\/product_cat?post=42486"},{"taxonomy":"product_tag","embeddable":true,"href":"https:\/\/e.kosmolat.eu\/lt\/wp-json\/wp\/v2\/product_tag?post=42486"}],"curies":[{"name":"wp","href":"https:\/\/api.w.org\/{rel}","templated":true}]}}