{"id":42482,"date":"2024-01-31T11:50:21","date_gmt":"2024-01-31T11:50:21","guid":{"rendered":"https:\/\/e.kosmolat.eu\/product\/pret-nogurumu-krems-kajam-44-g\/"},"modified":"2026-04-22T10:37:20","modified_gmt":"2026-04-22T10:37:20","slug":"pret-nogurumu-krems-kajam-44-g","status":"publish","type":"product","link":"https:\/\/e.kosmolat.eu\/lt\/produktas\/pret-nogurumu-krems-kajam-44-g\/","title":{"rendered":"FITODOCTOR Koj\u0173 kremas nuovarg\u012f pa\u0161alinantis, 44 g"},"content":{"rendered":"<p>Atgaivina od\u0105, ma\u017eina \u012ftamp\u0105 ir pavargusi\u0173 koj\u0173 sunkum\u0105. Stiprina kraujagysli\u0173 sieneles, gerina kraujotak\u0105, pa&scaron;alina pabrinkim\u0105.<\/p>\n<p><strong>Naudojimas:<\/strong> Tepkite &scaron;vari\u0105 od\u0105.<\/p>\n<p><strong>Atsargumo priemon\u0117s:<\/strong> Tik i&scaron;oriniam naudojimui.<\/p>\n<p><strong>Laikymo s\u0105lygos: <\/strong>0&deg;\u0421 iki +25&deg;\u0421.<br \/>\n&nbsp;<\/p>\n","protected":false},"excerpt":{"rendered":"<p>Atgaivina od\u0105, ma\u017eina \u012ftamp\u0105 ir pavargusi\u0173 koj\u0173 sunkum\u0105. Stiprina kraujagysli\u0173 sieneles, gerina kraujotak\u0105, pa&scaron;alina pabrinkim\u0105. Naudojimas: Tepkite &scaron;vari\u0105 od\u0105. Atsargumo priemon\u0117s: Tik i&scaron;oriniam naudojimui. Laikymo s\u0105lygos: 0&deg;\u0421 iki +25&deg;\u0421. &nbsp;<\/p>\n","protected":false},"featured_media":79170,"template":"","meta":[],"product_cat":[2181],"product_tag":[],"class_list":{"0":"post-42482","1":"product","2":"type-product","3":"status-publish","4":"has-post-thumbnail","6":"product_brand-fitodoktor_ua-lt","7":"product_cat-bez-kategorijas-lt","9":"first","10":"instock","11":"taxable","12":"shipping-taxable","13":"product-type-simple"},"_links":{"self":[{"href":"https:\/\/e.kosmolat.eu\/lt\/wp-json\/wp\/v2\/product\/42482","targetHints":{"allow":["GET"]}}],"collection":[{"href":"https:\/\/e.kosmolat.eu\/lt\/wp-json\/wp\/v2\/product"}],"about":[{"href":"https:\/\/e.kosmolat.eu\/lt\/wp-json\/wp\/v2\/types\/product"}],"wp:featuredmedia":[{"embeddable":true,"href":"https:\/\/e.kosmolat.eu\/lt\/wp-json\/wp\/v2\/media\/79170"}],"wp:attachment":[{"href":"https:\/\/e.kosmolat.eu\/lt\/wp-json\/wp\/v2\/media?parent=42482"}],"wp:term":[{"taxonomy":"product_cat","embeddable":true,"href":"https:\/\/e.kosmolat.eu\/lt\/wp-json\/wp\/v2\/product_cat?post=42482"},{"taxonomy":"product_tag","embeddable":true,"href":"https:\/\/e.kosmolat.eu\/lt\/wp-json\/wp\/v2\/product_tag?post=42482"}],"curies":[{"name":"wp","href":"https:\/\/api.w.org\/{rel}","templated":true}]}}