{"id":42478,"date":"2024-01-31T11:50:04","date_gmt":"2024-01-31T11:50:04","guid":{"rendered":"https:\/\/e.kosmolat.eu\/product\/vazelins-higieniskais-44-g\/"},"modified":"2026-04-02T08:28:03","modified_gmt":"2026-04-02T08:28:03","slug":"vazelins-higieniskais-44-g","status":"publish","type":"product","link":"https:\/\/e.kosmolat.eu\/lt\/produktas\/vazelins-higieniskais-44-g\/","title":{"rendered":"FITODOCTOR Kosmetinis vazelinas Higieninis, 44 g"},"content":{"rendered":"<p>Mink&scaron;tina ir apsaugo od\u0105 nuo kenksming\u0173 aplinkos faktori\u0173. Apsaugo od\u0105 dirbant su \u017eeme.<\/p>\n<p><strong>Naudojimas: <\/strong>Tepkite &scaron;vari\u0105 od\u0105.<\/p>\n<p><strong>Atsargumo priemon\u0117s:<\/strong> Tik i&scaron;oriniam naudojimui.<\/p>\n<p><strong>Laikymo s\u0105lygos: <\/strong>0&deg;\u0421 iki +25&deg;\u0421.<\/p>\n","protected":false},"excerpt":{"rendered":"<p>Mink&scaron;tina ir apsaugo od\u0105 nuo kenksming\u0173 aplinkos faktori\u0173. Apsaugo od\u0105 dirbant su \u017eeme. Naudojimas: Tepkite &scaron;vari\u0105 od\u0105. Atsargumo priemon\u0117s: Tik i&scaron;oriniam naudojimui. Laikymo s\u0105lygos: 0&deg;\u0421 iki +25&deg;\u0421.<\/p>\n","protected":false},"featured_media":79142,"template":"","meta":[],"product_cat":[2181],"product_tag":[],"class_list":{"0":"post-42478","1":"product","2":"type-product","3":"status-publish","4":"has-post-thumbnail","6":"product_brand-fitodoktor_ua-lt","7":"product_cat-bez-kategorijas-lt","9":"first","10":"instock","11":"taxable","12":"shipping-taxable","13":"product-type-simple"},"_links":{"self":[{"href":"https:\/\/e.kosmolat.eu\/lt\/wp-json\/wp\/v2\/product\/42478","targetHints":{"allow":["GET"]}}],"collection":[{"href":"https:\/\/e.kosmolat.eu\/lt\/wp-json\/wp\/v2\/product"}],"about":[{"href":"https:\/\/e.kosmolat.eu\/lt\/wp-json\/wp\/v2\/types\/product"}],"wp:featuredmedia":[{"embeddable":true,"href":"https:\/\/e.kosmolat.eu\/lt\/wp-json\/wp\/v2\/media\/79142"}],"wp:attachment":[{"href":"https:\/\/e.kosmolat.eu\/lt\/wp-json\/wp\/v2\/media?parent=42478"}],"wp:term":[{"taxonomy":"product_cat","embeddable":true,"href":"https:\/\/e.kosmolat.eu\/lt\/wp-json\/wp\/v2\/product_cat?post=42478"},{"taxonomy":"product_tag","embeddable":true,"href":"https:\/\/e.kosmolat.eu\/lt\/wp-json\/wp\/v2\/product_tag?post=42478"}],"curies":[{"name":"wp","href":"https:\/\/api.w.org\/{rel}","templated":true}]}}