{"id":42474,"date":"2024-01-31T11:49:48","date_gmt":"2024-01-31T11:49:48","guid":{"rendered":"https:\/\/e.kosmolat.eu\/product\/krems-klingerite-44-g\/"},"modified":"2026-04-22T08:45:58","modified_gmt":"2026-04-22T08:45:58","slug":"krems-klingerite-44-g","status":"publish","type":"product","link":"https:\/\/e.kosmolat.eu\/lt\/produktas\/krems-klingerite-44-g\/","title":{"rendered":"FITODOCTOR Veido kremas &#8220;Metedka&#8221; tinka jautriai odai, 44 g"},"content":{"rendered":"<p>Tinka jautriai odai. Medetkos ir laki&scaron;iaus ekstraktai pa&scaron;alina dirginim\u0105 ir paraudim\u0105. Vitaminai A, C ir E pa&scaron;alina pleiskanojim\u0105 ir sausumo poj\u016bt\u012f.<\/p>\n<p><strong>Naudojimas:<\/strong> Tepkite &scaron;vari\u0105 od\u0105.<\/p>\n<p><strong>Atsargumo priemon\u0117s: <\/strong>Tik i&scaron;oriniam naudojimui.<\/p>\n<p><strong>Laikymo s\u0105lygos: <\/strong>0&deg;\u0421 iki +25&deg;\u0421.<br \/>\n&nbsp;<\/p>\n","protected":false},"excerpt":{"rendered":"<p>Tinka jautriai odai. Medetkos ir laki&scaron;iaus ekstraktai pa&scaron;alina dirginim\u0105 ir paraudim\u0105. Vitaminai A, C ir E pa&scaron;alina pleiskanojim\u0105 ir sausumo poj\u016bt\u012f. Naudojimas: Tepkite &scaron;vari\u0105 od\u0105. Atsargumo priemon\u0117s: Tik i&scaron;oriniam naudojimui. Laikymo s\u0105lygos: 0&deg;\u0421 iki +25&deg;\u0421. &nbsp;<\/p>\n","protected":false},"featured_media":79122,"template":"","meta":[],"product_cat":[1322],"product_tag":[],"class_list":{"0":"post-42474","1":"product","2":"type-product","3":"status-publish","4":"has-post-thumbnail","6":"product_brand-fitodoktor_ua-lt","7":"product_cat-veido-kremai","9":"first","10":"outofstock","11":"taxable","12":"shipping-taxable","13":"product-type-simple"},"_links":{"self":[{"href":"https:\/\/e.kosmolat.eu\/lt\/wp-json\/wp\/v2\/product\/42474","targetHints":{"allow":["GET"]}}],"collection":[{"href":"https:\/\/e.kosmolat.eu\/lt\/wp-json\/wp\/v2\/product"}],"about":[{"href":"https:\/\/e.kosmolat.eu\/lt\/wp-json\/wp\/v2\/types\/product"}],"wp:featuredmedia":[{"embeddable":true,"href":"https:\/\/e.kosmolat.eu\/lt\/wp-json\/wp\/v2\/media\/79122"}],"wp:attachment":[{"href":"https:\/\/e.kosmolat.eu\/lt\/wp-json\/wp\/v2\/media?parent=42474"}],"wp:term":[{"taxonomy":"product_cat","embeddable":true,"href":"https:\/\/e.kosmolat.eu\/lt\/wp-json\/wp\/v2\/product_cat?post=42474"},{"taxonomy":"product_tag","embeddable":true,"href":"https:\/\/e.kosmolat.eu\/lt\/wp-json\/wp\/v2\/product_tag?post=42474"}],"curies":[{"name":"wp","href":"https:\/\/api.w.org\/{rel}","templated":true}]}}