{"id":42470,"date":"2024-01-31T11:49:29","date_gmt":"2024-01-31T11:49:29","guid":{"rendered":"https:\/\/e.kosmolat.eu\/product\/krems-aloe-44-g\/"},"modified":"2026-04-14T06:40:48","modified_gmt":"2026-04-14T06:40:48","slug":"krems-aloe-44-g","status":"publish","type":"product","link":"https:\/\/e.kosmolat.eu\/lt\/produktas\/krems-aloe-44-g\/","title":{"rendered":"FITODOCTOR Naujinamasis kremas &#8220;Aloe&#8221; vis\u0173 tip\u0173 odai, 44 g"},"content":{"rendered":"<p>Alavij\u0173 ir gyslo\u010di\u0173 ekstraktai dr\u0117kina, tonizuoja ir atkuria od\u0105, suteikdami jai gaivumo ir elastingumo poj\u016bt\u012f.<\/p>\n<p><strong>Naudojimo b\u016bdas: <\/strong>u\u017etepkite kremo ant &scaron;varios rank\u0173 odos.<\/p>\n<p><strong>Atsargumo priemon\u0117s:<\/strong> Tik i&scaron;oriniam naudojimui.<\/p>\n<p><strong>Laikymo s\u0105lygos:<\/strong> nuo 0 &deg;\u0421 iki +25 &deg;\u0421.<br \/>\n&nbsp;<\/p>\n","protected":false},"excerpt":{"rendered":"<p>Alavij\u0173 ir gyslo\u010di\u0173 ekstraktai dr\u0117kina, tonizuoja ir atkuria od\u0105, suteikdami jai gaivumo ir elastingumo poj\u016bt\u012f. Naudojimo b\u016bdas: u\u017etepkite kremo ant &scaron;varios rank\u0173 odos. Atsargumo priemon\u0117s: Tik i&scaron;oriniam naudojimui. Laikymo s\u0105lygos: nuo 0 &deg;\u0421 iki +25 &deg;\u0421. &nbsp;<\/p>\n","protected":false},"featured_media":79118,"template":"","meta":[],"product_cat":[1322],"product_tag":[],"class_list":{"0":"post-42470","1":"product","2":"type-product","3":"status-publish","4":"has-post-thumbnail","6":"product_brand-fitodoktor_ua-lt","7":"product_cat-veido-kremai","9":"first","10":"outofstock","11":"taxable","12":"shipping-taxable","13":"product-type-simple"},"_links":{"self":[{"href":"https:\/\/e.kosmolat.eu\/lt\/wp-json\/wp\/v2\/product\/42470","targetHints":{"allow":["GET"]}}],"collection":[{"href":"https:\/\/e.kosmolat.eu\/lt\/wp-json\/wp\/v2\/product"}],"about":[{"href":"https:\/\/e.kosmolat.eu\/lt\/wp-json\/wp\/v2\/types\/product"}],"wp:featuredmedia":[{"embeddable":true,"href":"https:\/\/e.kosmolat.eu\/lt\/wp-json\/wp\/v2\/media\/79118"}],"wp:attachment":[{"href":"https:\/\/e.kosmolat.eu\/lt\/wp-json\/wp\/v2\/media?parent=42470"}],"wp:term":[{"taxonomy":"product_cat","embeddable":true,"href":"https:\/\/e.kosmolat.eu\/lt\/wp-json\/wp\/v2\/product_cat?post=42470"},{"taxonomy":"product_tag","embeddable":true,"href":"https:\/\/e.kosmolat.eu\/lt\/wp-json\/wp\/v2\/product_tag?post=42470"}],"curies":[{"name":"wp","href":"https:\/\/api.w.org\/{rel}","templated":true}]}}