{"id":42462,"date":"2024-01-31T11:49:11","date_gmt":"2024-01-31T11:49:11","guid":{"rendered":"https:\/\/e.kosmolat.eu\/product\/krems-strutenes-44-g\/"},"modified":"2026-04-22T13:34:49","modified_gmt":"2026-04-22T13:34:49","slug":"krems-strutenes-44-g","status":"publish","type":"product","link":"https:\/\/e.kosmolat.eu\/lt\/produktas\/krems-strutenes-44-g\/","title":{"rendered":"FITODOKTOR Veido kremas &#8220;Ugnia\u017eol\u0117&#8221; tinka probleminei odai, 44 g"},"content":{"rendered":"<p>Tinka probleminiai odai. Ugnia\u017eol\u0117s ir laki&scaron;iaus ekstraktai turi prie&scaron;u\u017edegimini\u0173 ir antibakterini\u0173 savybi\u0173, neleid\u017eia atsirasti ink&scaron;tirams.<\/p>\n<p><strong>Naudojimas:<\/strong> Tepkite &scaron;vari\u0105 od\u0105.<\/p>\n<p><strong>Atsargumo priemon\u0117s: <\/strong>Tik i&scaron;oriniam naudojimui.<\/p>\n<p><strong>Laikymo s\u0105lygos:<\/strong> 0&deg;\u0421 iki +25&deg;\u0421.<\/p>\n","protected":false},"excerpt":{"rendered":"<p>Tinka probleminiai odai. Ugnia\u017eol\u0117s ir laki&scaron;iaus ekstraktai turi prie&scaron;u\u017edegimini\u0173 ir antibakterini\u0173 savybi\u0173, neleid\u017eia atsirasti ink&scaron;tirams. Naudojimas: Tepkite &scaron;vari\u0105 od\u0105. Atsargumo priemon\u0117s: Tik i&scaron;oriniam naudojimui. Laikymo s\u0105lygos: 0&deg;\u0421 iki +25&deg;\u0421.<\/p>\n","protected":false},"featured_media":79110,"template":"","meta":[],"product_cat":[2181],"product_tag":[],"class_list":{"0":"post-42462","1":"product","2":"type-product","3":"status-publish","4":"has-post-thumbnail","6":"product_brand-fitodoktor_ua-lt","7":"product_cat-bez-kategorijas-lt","9":"first","10":"instock","11":"taxable","12":"shipping-taxable","13":"product-type-simple"},"_links":{"self":[{"href":"https:\/\/e.kosmolat.eu\/lt\/wp-json\/wp\/v2\/product\/42462","targetHints":{"allow":["GET"]}}],"collection":[{"href":"https:\/\/e.kosmolat.eu\/lt\/wp-json\/wp\/v2\/product"}],"about":[{"href":"https:\/\/e.kosmolat.eu\/lt\/wp-json\/wp\/v2\/types\/product"}],"wp:featuredmedia":[{"embeddable":true,"href":"https:\/\/e.kosmolat.eu\/lt\/wp-json\/wp\/v2\/media\/79110"}],"wp:attachment":[{"href":"https:\/\/e.kosmolat.eu\/lt\/wp-json\/wp\/v2\/media?parent=42462"}],"wp:term":[{"taxonomy":"product_cat","embeddable":true,"href":"https:\/\/e.kosmolat.eu\/lt\/wp-json\/wp\/v2\/product_cat?post=42462"},{"taxonomy":"product_tag","embeddable":true,"href":"https:\/\/e.kosmolat.eu\/lt\/wp-json\/wp\/v2\/product_tag?post=42462"}],"curies":[{"name":"wp","href":"https:\/\/api.w.org\/{rel}","templated":true}]}}