{"id":42458,"date":"2024-01-31T11:48:52","date_gmt":"2024-01-31T11:48:52","guid":{"rendered":"https:\/\/e.kosmolat.eu\/product\/krems-kumelite-44-g\/"},"modified":"2026-04-01T16:50:48","modified_gmt":"2026-04-01T16:50:48","slug":"krems-kumelite-44-g","status":"publish","type":"product","link":"https:\/\/e.kosmolat.eu\/lt\/produktas\/krems-kumelite-44-g\/","title":{"rendered":"Veido ir k\u016bno kremas &#8220;Ramun\u0117l\u0117s&#8221;"},"content":{"rendered":"<p>Tinka veidui ir k\u016bnui. Ramun\u0117li\u0173 ekstraktas ir lecitinas skatina aktyvi\u0105 l\u0105steli\u0173 regeneracij\u0105.<\/p>\n<p>Vitaminai A, C ir E suteikia odai stangrum\u0105 ir elastingum\u0105, pa&scaron;alina sausumo poj\u016bt\u012f ir pleiskanojim\u0105.<\/p>\n<p><strong>Naudojimas:<\/strong> Tepkite &scaron;vari\u0105 od\u0105.<\/p>\n<p><strong>Atsargumo priemon\u0117s: <\/strong>Tik i&scaron;oriniam naudojimui.<\/p>\n<p><strong>Laikymo s\u0105lygos:<\/strong> 0&deg;\u0421 iki +25&deg;\u0421.<\/p>\n","protected":false},"excerpt":{"rendered":"<p>Tinka veidui ir k\u016bnui. Ramun\u0117li\u0173 ekstraktas ir lecitinas skatina aktyvi\u0105 l\u0105steli\u0173 regeneracij\u0105. Vitaminai A, C ir E suteikia odai stangrum\u0105 ir elastingum\u0105, pa&scaron;alina sausumo poj\u016bt\u012f ir pleiskanojim\u0105. Naudojimas: Tepkite &scaron;vari\u0105 od\u0105. Atsargumo priemon\u0117s: Tik i&scaron;oriniam naudojimui. Laikymo s\u0105lygos: 0&deg;\u0421 iki +25&deg;\u0421.<\/p>\n","protected":false},"featured_media":79106,"template":"","meta":[],"product_cat":[1322],"product_tag":[],"class_list":{"0":"post-42458","1":"product","2":"type-product","3":"status-publish","4":"has-post-thumbnail","6":"product_brand-fitodoktor_ua-lt","7":"product_cat-veido-kremai","9":"first","10":"instock","11":"taxable","12":"shipping-taxable","13":"product-type-simple"},"_links":{"self":[{"href":"https:\/\/e.kosmolat.eu\/lt\/wp-json\/wp\/v2\/product\/42458","targetHints":{"allow":["GET"]}}],"collection":[{"href":"https:\/\/e.kosmolat.eu\/lt\/wp-json\/wp\/v2\/product"}],"about":[{"href":"https:\/\/e.kosmolat.eu\/lt\/wp-json\/wp\/v2\/types\/product"}],"wp:featuredmedia":[{"embeddable":true,"href":"https:\/\/e.kosmolat.eu\/lt\/wp-json\/wp\/v2\/media\/79106"}],"wp:attachment":[{"href":"https:\/\/e.kosmolat.eu\/lt\/wp-json\/wp\/v2\/media?parent=42458"}],"wp:term":[{"taxonomy":"product_cat","embeddable":true,"href":"https:\/\/e.kosmolat.eu\/lt\/wp-json\/wp\/v2\/product_cat?post=42458"},{"taxonomy":"product_tag","embeddable":true,"href":"https:\/\/e.kosmolat.eu\/lt\/wp-json\/wp\/v2\/product_tag?post=42458"}],"curies":[{"name":"wp","href":"https:\/\/api.w.org\/{rel}","templated":true}]}}