{"id":42446,"date":"2024-01-31T11:48:13","date_gmt":"2024-01-31T11:48:13","guid":{"rendered":"https:\/\/e.kosmolat.eu\/product\/krems-antoska-pret-veju-un-lietu-70-ml\/"},"modified":"2025-09-19T17:05:04","modified_gmt":"2025-09-19T17:05:04","slug":"i_krems-antoska-pret-veju-un-lietu-70-ml","status":"publish","type":"product","link":"https:\/\/e.kosmolat.eu\/lt\/produktas\/i_krems-antoska-pret-veju-un-lietu-70-ml\/","title":{"rendered":"I_FITODOCTOR  Vaiki\u0161kas kremas nuo v\u0117jo ir lietaus &#8220;Anto\u0161ka&#8221;, 75 g"},"content":{"rendered":"<p>Apsaugo k\u016bdikio od\u0105 nuo neigiamo poveikio esant blogoms oro s\u0105lygoms (v\u0117jui, dr\u0117gmei, r\u016bkui, lietui, &scaron;al\u010diui), mink&scaron;tina ir dr\u0117kina od\u0105. Skatina l\u0105steli\u0173 regeneracij\u0105,turi \u017eaizdeli\u0173 gijimo poveik\u012f, prie&scaron;u\u017edegimin\u012f ir antialergin\u012f poveik\u012f.  Kremas tinka suaugusiems.<\/p>\n<p><strong>Naudojimas:<\/strong> Tepkite &scaron;vari\u0105 od\u0105.<\/p>\n<p><strong>Atsargumo priemon\u0117s:<\/strong> Tik i&scaron;oriniam naudojimui.<\/p>\n<p><strong>Laikymo s\u0105lygos: <\/strong>0&deg;\u0421 iki +25&deg;\u0421.<\/p>\n","protected":false},"excerpt":{"rendered":"<p>Apsaugo k\u016bdikio od\u0105 nuo neigiamo poveikio esant blogoms oro s\u0105lygoms (v\u0117jui, dr\u0117gmei, r\u016bkui, lietui, &scaron;al\u010diui), mink&scaron;tina ir dr\u0117kina od\u0105. Skatina l\u0105steli\u0173 regeneracij\u0105,turi \u017eaizdeli\u0173 gijimo poveik\u012f, prie&scaron;u\u017edegimin\u012f ir antialergin\u012f poveik\u012f. Kremas tinka suaugusiems. Naudojimas: Tepkite &scaron;vari\u0105 od\u0105. Atsargumo priemon\u0117s: Tik i&scaron;oriniam naudojimui. Laikymo s\u0105lygos: 0&deg;\u0421 iki +25&deg;\u0421.<\/p>\n","protected":false},"featured_media":80438,"template":"","meta":[],"product_cat":[1363],"product_tag":[],"class_list":{"0":"post-42446","1":"product","2":"type-product","3":"status-publish","4":"has-post-thumbnail","6":"product_brand-fitodoktor_ua-lt","7":"product_cat-kuno-prieziuros-kosmetika","9":"first","10":"outofstock","11":"taxable","12":"shipping-taxable","13":"product-type-simple"},"_links":{"self":[{"href":"https:\/\/e.kosmolat.eu\/lt\/wp-json\/wp\/v2\/product\/42446","targetHints":{"allow":["GET"]}}],"collection":[{"href":"https:\/\/e.kosmolat.eu\/lt\/wp-json\/wp\/v2\/product"}],"about":[{"href":"https:\/\/e.kosmolat.eu\/lt\/wp-json\/wp\/v2\/types\/product"}],"wp:featuredmedia":[{"embeddable":true,"href":"https:\/\/e.kosmolat.eu\/lt\/wp-json\/wp\/v2\/media\/80438"}],"wp:attachment":[{"href":"https:\/\/e.kosmolat.eu\/lt\/wp-json\/wp\/v2\/media?parent=42446"}],"wp:term":[{"taxonomy":"product_cat","embeddable":true,"href":"https:\/\/e.kosmolat.eu\/lt\/wp-json\/wp\/v2\/product_cat?post=42446"},{"taxonomy":"product_tag","embeddable":true,"href":"https:\/\/e.kosmolat.eu\/lt\/wp-json\/wp\/v2\/product_tag?post=42446"}],"curies":[{"name":"wp","href":"https:\/\/api.w.org\/{rel}","templated":true}]}}