{"id":42442,"date":"2024-01-31T11:47:52","date_gmt":"2024-01-31T11:47:52","guid":{"rendered":"https:\/\/e.kosmolat.eu\/product\/omega-369-sejas-krems-fluids-normalai-adai-48g\/"},"modified":"2025-09-19T19:39:17","modified_gmt":"2025-09-19T19:39:17","slug":"omega-369-sejas-krems-fluids-normalai-adai-48g","status":"publish","type":"product","link":"https:\/\/e.kosmolat.eu\/lt\/produktas\/omega-369-sejas-krems-fluids-normalai-adai-48g\/","title":{"rendered":"BELKOSMEX OMEGA 369 Veido kremas-fluidas normaliai odai, 48g"},"content":{"rendered":"<p>100% ekologi&scaron;kas Inca Omega Oil aliejus intensyviai regeneruoja od\u0105: efektyviai ma\u017eina dirginim\u0105, kur\u012f sukelia padid\u0117j\u0119s jautrumas, pasi\u017eymi itin maitinan\u010diu poveikiu, prisotina l\u0105steles omega 3-6-9 riebal\u0173 r\u016bg&scaron;timis, atkuria odos elastingum\u0105 ir efektyviai prie&scaron;inasi prie&scaron;laikiniam sen\u0117jimui.<br \/>\nOmega Plus &ndash; verting\u0173 saul\u0117gr\u0105\u017e\u0173, kukur\u016bz\u0173, sezam\u0173, makadamij\u0173 ir alyvuogi\u0173 aliej\u0173 kompleksas &ndash; atkuria odos lipidin\u012f barjer\u0105, efektyviai ma\u017eina sausum\u0105 ir stangrum\u0105, skatina l\u0105steli\u0173 atsinaujinim\u0105, &bdquo;i&scaron;trina&ldquo; nuovargio ir streso po\u017eymius bei pripildo od\u0105 gro\u017eio. ir spindesys.<br \/>\nDidel\u0117s molekulin\u0117s mas\u0117s hialurono r\u016bg&scaron;tis akimirksniu sudr\u0117kina od\u0105, i&scaron;laiko dr\u0117gm\u0119 per vis\u0105 dien\u0105 ir d\u0117l to apsaugo j\u0105 nuo vytimo ir tonuso praradimo.<br \/>\nLengva tekst\u016bra leid\u017eia kremui lengvai \u012fsigerti, nepaliekant riebumo ar lipnumo poj\u016b\u010dio.<br \/>\nNormaliai ir mi&scaron;riai odai. Tinka kaip makia\u017eo pagrindas.<\/p>\n<p><strong>Naudojimas:<\/strong> ryte tepkite krem\u0105 i&scaron;ilgai masa\u017eo linij\u0173 ant nuvalytos veido ir kaklo odos.<br \/>\n&nbsp;<\/p>\n","protected":false},"excerpt":{"rendered":"<p>100% ekologi&scaron;kas Inca Omega Oil aliejus intensyviai regeneruoja od\u0105: efektyviai ma\u017eina dirginim\u0105, kur\u012f sukelia padid\u0117j\u0119s jautrumas, pasi\u017eymi itin maitinan\u010diu poveikiu, prisotina l\u0105steles omega 3-6-9 riebal\u0173 r\u016bg&scaron;timis, atkuria odos elastingum\u0105 ir efektyviai prie&scaron;inasi prie&scaron;laikiniam sen\u0117jimui. Omega Plus &ndash; verting\u0173 saul\u0117gr\u0105\u017e\u0173, kukur\u016bz\u0173, sezam\u0173, makadamij\u0173 ir alyvuogi\u0173 aliej\u0173 kompleksas &ndash; atkuria odos lipidin\u012f barjer\u0105, efektyviai ma\u017eina sausum\u0105 ir [&#8230;]\n","protected":false},"featured_media":83042,"template":"","meta":[],"product_cat":[1322],"product_tag":[],"class_list":{"0":"post-42442","1":"product","2":"type-product","3":"status-publish","4":"has-post-thumbnail","6":"product_brand-belkosmex_by-lt","7":"product_cat-veido-kremai","9":"first","10":"outofstock","11":"taxable","12":"shipping-taxable","13":"product-type-simple"},"_links":{"self":[{"href":"https:\/\/e.kosmolat.eu\/lt\/wp-json\/wp\/v2\/product\/42442","targetHints":{"allow":["GET"]}}],"collection":[{"href":"https:\/\/e.kosmolat.eu\/lt\/wp-json\/wp\/v2\/product"}],"about":[{"href":"https:\/\/e.kosmolat.eu\/lt\/wp-json\/wp\/v2\/types\/product"}],"wp:featuredmedia":[{"embeddable":true,"href":"https:\/\/e.kosmolat.eu\/lt\/wp-json\/wp\/v2\/media\/83042"}],"wp:attachment":[{"href":"https:\/\/e.kosmolat.eu\/lt\/wp-json\/wp\/v2\/media?parent=42442"}],"wp:term":[{"taxonomy":"product_cat","embeddable":true,"href":"https:\/\/e.kosmolat.eu\/lt\/wp-json\/wp\/v2\/product_cat?post=42442"},{"taxonomy":"product_tag","embeddable":true,"href":"https:\/\/e.kosmolat.eu\/lt\/wp-json\/wp\/v2\/product_tag?post=42442"}],"curies":[{"name":"wp","href":"https:\/\/api.w.org\/{rel}","templated":true}]}}