{"id":42438,"date":"2024-01-31T11:47:32","date_gmt":"2024-01-31T11:47:32","guid":{"rendered":"https:\/\/e.kosmolat.eu\/product\/dk-maska-sejai-pret-novecosanos-ar-augu-placentu-26-g\/"},"modified":"2025-09-19T16:35:18","modified_gmt":"2025-09-19T16:35:18","slug":"i_dk-maska-sejai-pret-novecosanos-ar-augu-placentu-26-g","status":"publish","type":"product","link":"https:\/\/e.kosmolat.eu\/lt\/produktas\/i_dk-maska-sejai-pret-novecosanos-ar-augu-placentu-26-g\/","title":{"rendered":"BELKOSMEX DOMA\u0160NIJ KOSMETOLOG Veido kauk\u0117 Anti-age su augaline placenta, 26 g"},"content":{"rendered":"<p>Intensyvi anti-age odos prie\u017ei\u016bra. Rekomenduojama naudoti kauk\u0119 reguliariai (1-2 kartus per savait\u0119), arba kaip greito poveikio priemone.<br \/>\nAtkuria vandens balanso lyg\u012f, normalizuoja med\u017eiag\u0173 apykait\u0105, suteikia odai stangrum\u0105 ir elastingum\u0105. Prisotina od\u0105 maitinan\u010diai komponentais, atkuria tonus\u0105, apsaugo nuo laisv\u0173j\u0173 radikal\u0173 ir sen\u0117jimo.<\/p>\n<p>Naudojimo b\u016bdas: u\u017ed\u0117kite kauk\u0119 ant \u0161varios veido odos. Nuimkite po 20-25 min. Skys\u010dio liku\u010dius \u0161velniai \u012ftrinkite \u012f od\u0105. U\u017etepkite veido krem\u0105. Vienkartiniam naudojimui.<\/p>\n<p>Laikymo s\u0105lygos: nuo +5\u00b0\u0421 iki +25\u00b0C.<\/p>\n","protected":false},"excerpt":{"rendered":"<p>Intensyvi anti-age odos prie\u017ei\u016bra. Rekomenduojama naudoti kauk\u0119 reguliariai (1-2 kartus per savait\u0119), arba kaip greito poveikio priemone. Atkuria vandens balanso lyg\u012f, normalizuoja med\u017eiag\u0173 apykait\u0105, suteikia odai stangrum\u0105 ir elastingum\u0105. Prisotina od\u0105 maitinan\u010diai komponentais, atkuria tonus\u0105, apsaugo nuo laisv\u0173j\u0173 radikal\u0173 ir sen\u0117jimo. Naudojimo b\u016bdas: u\u017ed\u0117kite kauk\u0119 ant \u0161varios veido odos. Nuimkite po 20-25 min. Skys\u010dio liku\u010dius [&#8230;]\n","protected":false},"featured_media":79782,"template":"","meta":[],"product_cat":[1369],"product_tag":[],"class_list":{"0":"post-42438","1":"product","2":"type-product","3":"status-publish","4":"has-post-thumbnail","6":"product_brand-belkosmex_by-lt","7":"product_cat-veido-kaukes","9":"first","10":"outofstock","11":"taxable","12":"shipping-taxable","13":"product-type-simple"},"_links":{"self":[{"href":"https:\/\/e.kosmolat.eu\/lt\/wp-json\/wp\/v2\/product\/42438","targetHints":{"allow":["GET"]}}],"collection":[{"href":"https:\/\/e.kosmolat.eu\/lt\/wp-json\/wp\/v2\/product"}],"about":[{"href":"https:\/\/e.kosmolat.eu\/lt\/wp-json\/wp\/v2\/types\/product"}],"wp:featuredmedia":[{"embeddable":true,"href":"https:\/\/e.kosmolat.eu\/lt\/wp-json\/wp\/v2\/media\/79782"}],"wp:attachment":[{"href":"https:\/\/e.kosmolat.eu\/lt\/wp-json\/wp\/v2\/media?parent=42438"}],"wp:term":[{"taxonomy":"product_cat","embeddable":true,"href":"https:\/\/e.kosmolat.eu\/lt\/wp-json\/wp\/v2\/product_cat?post=42438"},{"taxonomy":"product_tag","embeddable":true,"href":"https:\/\/e.kosmolat.eu\/lt\/wp-json\/wp\/v2\/product_tag?post=42438"}],"curies":[{"name":"wp","href":"https:\/\/api.w.org\/{rel}","templated":true}]}}