{"id":42430,"date":"2024-01-31T11:47:13","date_gmt":"2024-01-31T11:47:13","guid":{"rendered":"https:\/\/e.kosmolat.eu\/product\/dr-s-macadamia-hair-sprejs-matiem-150-ml\/"},"modified":"2025-09-23T10:37:11","modified_gmt":"2025-09-23T10:37:11","slug":"i_dr-s-macadamia-hair-sprejs-matiem-150-ml","status":"publish","type":"product","link":"https:\/\/e.kosmolat.eu\/lt\/produktas\/i_dr-s-macadamia-hair-sprejs-matiem-150-ml\/","title":{"rendered":"I_DR.SANTE Macadamia Hair Pur\u0161kiklis plaukams Atstatymas ir apsauga, 150 ml"},"content":{"rendered":"<p>Lengvas pur&scaron;kiklis stiprina ir dr\u0117kina plaukus, u\u017ekertant keli\u0105 galiuk\u0173 skilin\u0117jimui. I&scaron;lygina, suteikia blizgesio ir u\u017etikrina lengv\u0105 i&scaron;&scaron;ukavim\u0105. Neapsunkina. Sud\u0117tyje yra 100% makadamij\u0173 aliejaus ir keratino. Susilpn\u0117jusi\u0173 plauk\u0173 atstatymas ir apsauga.<\/p>\n<p><strong>Naudojimo b\u016bdas:<\/strong> purk&scaron;kite 15-20 cm atstumu ant &scaron;vari\u0173 saus\u0173 arba dr\u0117gn\u0173 plauk\u0173. Nenuplaunamas.<br \/>\nAtsargumo priemon\u0117s: &nbsp;Jei pateko \u012f akis, praplaukite vandeniu.<\/p>\n<p>Laikyti nuo +5 &deg;C iki +25 &deg;C temperat\u016broje.<\/p>\n<p><strong>Geriausias: <\/strong>30 m\u0117nesiai nuo pagaminimo datos.<br \/>\n&nbsp;<\/p>\n","protected":false},"excerpt":{"rendered":"<p>Lengvas pur&scaron;kiklis stiprina ir dr\u0117kina plaukus, u\u017ekertant keli\u0105 galiuk\u0173 skilin\u0117jimui. I&scaron;lygina, suteikia blizgesio ir u\u017etikrina lengv\u0105 i&scaron;&scaron;ukavim\u0105. Neapsunkina. Sud\u0117tyje yra 100% makadamij\u0173 aliejaus ir keratino. Susilpn\u0117jusi\u0173 plauk\u0173 atstatymas ir apsauga. Naudojimo b\u016bdas: purk&scaron;kite 15-20 cm atstumu ant &scaron;vari\u0173 saus\u0173 arba dr\u0117gn\u0173 plauk\u0173. Nenuplaunamas. Atsargumo priemon\u0117s: &nbsp;Jei pateko \u012f akis, praplaukite vandeniu. Laikyti nuo +5 &deg;C [&#8230;]\n","protected":false},"featured_media":96545,"template":"","meta":[],"product_cat":[1345],"product_tag":[],"class_list":{"0":"post-42430","1":"product","2":"type-product","3":"status-publish","4":"has-post-thumbnail","6":"product_brand-elfa_ua-lt","7":"product_cat-kitos-plauku-prieziuros-priemones","9":"first","10":"outofstock","11":"taxable","12":"shipping-taxable","13":"product-type-simple"},"_links":{"self":[{"href":"https:\/\/e.kosmolat.eu\/lt\/wp-json\/wp\/v2\/product\/42430","targetHints":{"allow":["GET"]}}],"collection":[{"href":"https:\/\/e.kosmolat.eu\/lt\/wp-json\/wp\/v2\/product"}],"about":[{"href":"https:\/\/e.kosmolat.eu\/lt\/wp-json\/wp\/v2\/types\/product"}],"wp:featuredmedia":[{"embeddable":true,"href":"https:\/\/e.kosmolat.eu\/lt\/wp-json\/wp\/v2\/media\/96545"}],"wp:attachment":[{"href":"https:\/\/e.kosmolat.eu\/lt\/wp-json\/wp\/v2\/media?parent=42430"}],"wp:term":[{"taxonomy":"product_cat","embeddable":true,"href":"https:\/\/e.kosmolat.eu\/lt\/wp-json\/wp\/v2\/product_cat?post=42430"},{"taxonomy":"product_tag","embeddable":true,"href":"https:\/\/e.kosmolat.eu\/lt\/wp-json\/wp\/v2\/product_tag?post=42430"}],"curies":[{"name":"wp","href":"https:\/\/api.w.org\/{rel}","templated":true}]}}