{"id":42414,"date":"2024-01-31T11:46:29","date_gmt":"2024-01-31T11:46:29","guid":{"rendered":"https:\/\/e.kosmolat.eu\/product\/dd-krems-balzams-bisu-inde-un-hondroitins-75-ml\/"},"modified":"2026-04-23T09:26:42","modified_gmt":"2026-04-23T09:26:42","slug":"dd-krems-balzams-bisu-inde-un-hondroitins-75-ml","status":"publish","type":"product","link":"https:\/\/e.kosmolat.eu\/lt\/produktas\/dd-krems-balzams-bisu-inde-un-hondroitins-75-ml\/","title":{"rendered":"DOMA\u0160NIJ DOKTOR Kremas-balzamas bi\u010di\u0173 nuodai ir chondroitinas 75ml"},"content":{"rendered":"<p>Suteikia jud\u0117jimo laisv\u0119 ir lengvum\u0105, odos audini\u0173 atstatym\u0105 ir elastingum\u0105, atsipalaidavim\u0105 po sporto ir fizinio kr\u016bvio.<\/p>\n<p><strong>Indikacijos: <\/strong>kremo-balzamo naudingum\u0105 ir efektyvum\u0105 lemia bi\u010di\u0173 nuod\u0173 ir chondroitino savyb\u0117s, kurios yra jo dalis.<\/p>\n<p><strong>Veikliosios med\u017eiagos: <\/strong>bi\u010di\u0173 nuod\u0173 ekstraktas, chondroitinas, \u0161altalanki\u0173 aliejus.<\/p>\n<p><strong>Naudojimas:<\/strong> nedidel\u012f kiek\u012f kremo-balzamo u\u017etepkite ant problemin\u0117s k\u016bno vietos. Lengvai masa\u017euokite sukamaisiais judesiais 3-5 minutes, kol kremas-balzamas visi\u0161kai susigers. Nor\u0117dami sustiprinti efekt\u0105, apvyniokite vilnoniu audiniu. Rekomenduojama naudoti 1-4 savaites. U\u017etepus krem\u0105-balzam\u0105, kruop\u0161\u010diai nusiplaukite rankas.<\/p>\n<p><strong>Laikymo s\u0105lygos:<\/strong> laikyti nuo +5 &deg;C iki +25 &deg;C temperat\u016broje.<\/p>\n<p><strong>Atsargumo priemon\u0117s:<\/strong> gali padid\u0117ti individualus jautrumas atskiriems komponentams.<br \/>\n&nbsp;<\/p>\n","protected":false},"excerpt":{"rendered":"<p>Suteikia jud\u0117jimo laisv\u0119 ir lengvum\u0105, odos audini\u0173 atstatym\u0105 ir elastingum\u0105, atsipalaidavim\u0105 po sporto ir fizinio kr\u016bvio. Indikacijos: kremo-balzamo naudingum\u0105 ir efektyvum\u0105 lemia bi\u010di\u0173 nuod\u0173 ir chondroitino savyb\u0117s, kurios yra jo dalis. Veikliosios med\u017eiagos: bi\u010di\u0173 nuod\u0173 ekstraktas, chondroitinas, \u0161altalanki\u0173 aliejus. Naudojimas: nedidel\u012f kiek\u012f kremo-balzamo u\u017etepkite ant problemin\u0117s k\u016bno vietos. Lengvai masa\u017euokite sukamaisiais judesiais 3-5 minutes, kol [&#8230;]\n","protected":false},"featured_media":96614,"template":"","meta":[],"product_cat":[2181],"product_tag":[],"class_list":{"0":"post-42414","1":"product","2":"type-product","3":"status-publish","4":"has-post-thumbnail","6":"product_brand-elfa_ua-lt","7":"product_cat-bez-kategorijas-lt","9":"first","10":"instock","11":"taxable","12":"shipping-taxable","13":"product-type-simple"},"_links":{"self":[{"href":"https:\/\/e.kosmolat.eu\/lt\/wp-json\/wp\/v2\/product\/42414","targetHints":{"allow":["GET"]}}],"collection":[{"href":"https:\/\/e.kosmolat.eu\/lt\/wp-json\/wp\/v2\/product"}],"about":[{"href":"https:\/\/e.kosmolat.eu\/lt\/wp-json\/wp\/v2\/types\/product"}],"wp:featuredmedia":[{"embeddable":true,"href":"https:\/\/e.kosmolat.eu\/lt\/wp-json\/wp\/v2\/media\/96614"}],"wp:attachment":[{"href":"https:\/\/e.kosmolat.eu\/lt\/wp-json\/wp\/v2\/media?parent=42414"}],"wp:term":[{"taxonomy":"product_cat","embeddable":true,"href":"https:\/\/e.kosmolat.eu\/lt\/wp-json\/wp\/v2\/product_cat?post=42414"},{"taxonomy":"product_tag","embeddable":true,"href":"https:\/\/e.kosmolat.eu\/lt\/wp-json\/wp\/v2\/product_tag?post=42414"}],"curies":[{"name":"wp","href":"https:\/\/api.w.org\/{rel}","templated":true}]}}