{"id":42398,"date":"2024-01-31T11:45:05","date_gmt":"2024-01-31T11:45:05","guid":{"rendered":"https:\/\/e.kosmolat.eu\/product\/dd-sampuns-alus-raugs-un-olivella-1-l\/"},"modified":"2026-04-20T13:56:35","modified_gmt":"2026-04-20T13:56:35","slug":"i_dd-sampuns-alus-raugs-un-olivella-1-l","status":"publish","type":"product","link":"https:\/\/e.kosmolat.eu\/lt\/produktas\/i_dd-sampuns-alus-raugs-un-olivella-1-l\/","title":{"rendered":"DOMA\u0160NIJ DOKTOR  Plauk\u0173 \u0161amp\u016bnas Blizgesys ir j\u0117ga 1000 \u043c\u0117"},"content":{"rendered":"<p>Pa\u017eeistiems plaukams, apsaugo nuo l\u016b\u017ein\u0117jimo, atkuria nat\u016brali\u0105 spalv\u0105.<br \/>\n\u0160amp\u016bnas \u0161velniai valo plaukus ir galvos od\u0105. Sud\u0117tyje yra alaus miel\u0117s ir alyvuogi\u0173 aliejus, kurie atkuria nat\u016bral\u0173 plauk\u0173 gro\u017e\u012f, prisotina silpnus, pa\u017eeistus, nublukusius plaukus gyvybingumu.<br \/>\nAlaus miel\u0117s &#8211;  vienas i\u0161 da\u017eniausiai naudojam\u0173 priemoni\u0173, kuris stiprina plaukus ir skatina j\u0173 augim\u0105, suteikia jiems stiprum\u0105, elastingum\u0105 ir \u0161ilkum\u0105.<br \/>\nAlyvuogi\u0173 aliejus &#8211; puikiai dr\u0117kina, maitina ir vitaminizuoja galvos od\u0105. Suteikia plaukams mink\u0161tum\u0105 ir \u017evilges\u012f.<\/p>\n<p>NAUDOJIMO B\u016aDAS: u\u017etepkite ant dr\u0117gn\u0173 plauk\u0173, sukelkite putas, tada nuplaukite vandeniu. Jei reikia, proced\u016br\u0105 galite pakartoti.<br \/>\nJei norite pasiekti geresnio rezultato, naudokite tos pa\u010dios linijos balzam\u0105-kauk\u0119.<\/p>\n<p>ATSARGUMO PRIEMON\u0116: Tik i\u0161oriniam naudojimui. Jei pateko \u012f akis, praplaukite vandeniu.<\/p>\n<p>Laikymo s\u0105lygos: nuo +5\u00b0\u0421 iki +25\u00b0\u0421.<\/p>\n","protected":false},"excerpt":{"rendered":"<p>Pa\u017eeistiems plaukams, apsaugo nuo l\u016b\u017ein\u0117jimo, atkuria nat\u016brali\u0105 spalv\u0105. \u0160amp\u016bnas \u0161velniai valo plaukus ir galvos od\u0105. Sud\u0117tyje yra alaus miel\u0117s ir alyvuogi\u0173 aliejus, kurie atkuria nat\u016bral\u0173 plauk\u0173 gro\u017e\u012f, prisotina silpnus, pa\u017eeistus, nublukusius plaukus gyvybingumu. Alaus miel\u0117s &#8211; vienas i\u0161 da\u017eniausiai naudojam\u0173 priemoni\u0173, kuris stiprina plaukus ir skatina j\u0173 augim\u0105, suteikia jiems stiprum\u0105, elastingum\u0105 ir \u0161ilkum\u0105. Alyvuogi\u0173 [&#8230;]\n","protected":false},"featured_media":96533,"template":"","meta":[],"product_cat":[1251],"product_tag":[],"class_list":{"0":"post-42398","1":"product","2":"type-product","3":"status-publish","4":"has-post-thumbnail","6":"product_brand-elfa_ua-lt","7":"product_cat-sampunai","9":"first","10":"instock","11":"taxable","12":"shipping-taxable","13":"product-type-simple"},"_links":{"self":[{"href":"https:\/\/e.kosmolat.eu\/lt\/wp-json\/wp\/v2\/product\/42398","targetHints":{"allow":["GET"]}}],"collection":[{"href":"https:\/\/e.kosmolat.eu\/lt\/wp-json\/wp\/v2\/product"}],"about":[{"href":"https:\/\/e.kosmolat.eu\/lt\/wp-json\/wp\/v2\/types\/product"}],"wp:featuredmedia":[{"embeddable":true,"href":"https:\/\/e.kosmolat.eu\/lt\/wp-json\/wp\/v2\/media\/96533"}],"wp:attachment":[{"href":"https:\/\/e.kosmolat.eu\/lt\/wp-json\/wp\/v2\/media?parent=42398"}],"wp:term":[{"taxonomy":"product_cat","embeddable":true,"href":"https:\/\/e.kosmolat.eu\/lt\/wp-json\/wp\/v2\/product_cat?post=42398"},{"taxonomy":"product_tag","embeddable":true,"href":"https:\/\/e.kosmolat.eu\/lt\/wp-json\/wp\/v2\/product_tag?post=42398"}],"curies":[{"name":"wp","href":"https:\/\/api.w.org\/{rel}","templated":true}]}}