{"id":42394,"date":"2024-01-31T11:44:44","date_gmt":"2024-01-31T11:44:44","guid":{"rendered":"https:\/\/e.kosmolat.eu\/product\/dd-roku-krems-glicerina-42-ml\/"},"modified":"2026-04-23T11:42:23","modified_gmt":"2026-04-23T11:42:23","slug":"dd-roku-krems-glicerina-42-ml","status":"publish","type":"product","link":"https:\/\/e.kosmolat.eu\/lt\/produktas\/dd-roku-krems-glicerina-42-ml\/","title":{"rendered":"THE DOCTOR HEALTH &#038; CARE  Rank\u0173 kremas Glicerininis 42ml"},"content":{"rendered":"<p>Kremas apsaugo rank\u0173 od\u0105 nuo sudirginimo ir pleiskanojimo.<br \/>\nKremas mink\u0161tina ir dr\u0117kina od\u0105, sukuriant apsaugin\u0119 nepermatom\u0105 pl\u0117vel\u0119.<br \/>\nGreitai \u012fsigeria ir nepalieka riebaus blizgesio.<br \/>\n\u0160altalankio aliejus ir er\u0161k\u0117tuogi\u0173 ekstraktas gr\u0105\u017eina rank\u0173 odai mink\u0161tum\u0105, glotnum\u0105 ir \u0161velnum\u0105.<\/p>\n<p>NAUDOJIMO B\u016aDAS: u\u017etepti kremo ant \u0161varios ir sausos rank\u0173 odos.<\/p>\n<p>Laikymo s\u0105lygos: nuo +5\u00b0\u0421 iki +25\u00b0\u0421.<br \/>\nPo atidarymo naudoti 12 m\u0117n.<\/p>\n","protected":false},"excerpt":{"rendered":"<p>Kremas apsaugo rank\u0173 od\u0105 nuo sudirginimo ir pleiskanojimo. Kremas mink\u0161tina ir dr\u0117kina od\u0105, sukuriant apsaugin\u0119 nepermatom\u0105 pl\u0117vel\u0119. Greitai \u012fsigeria ir nepalieka riebaus blizgesio. \u0160altalankio aliejus ir er\u0161k\u0117tuogi\u0173 ekstraktas gr\u0105\u017eina rank\u0173 odai mink\u0161tum\u0105, glotnum\u0105 ir \u0161velnum\u0105. NAUDOJIMO B\u016aDAS: u\u017etepti kremo ant \u0161varios ir sausos rank\u0173 odos. Laikymo s\u0105lygos: nuo +5\u00b0\u0421 iki +25\u00b0\u0421. Po atidarymo naudoti 12 [&#8230;]\n","protected":false},"featured_media":79678,"template":"","meta":[],"product_cat":[1304],"product_tag":[],"class_list":{"0":"post-42394","1":"product","2":"type-product","3":"status-publish","4":"has-post-thumbnail","6":"product_brand-elfa_ua-lt","7":"product_cat-ranku-prieziuros-kosmetika","9":"first","10":"instock","11":"taxable","12":"shipping-taxable","13":"product-type-simple"},"_links":{"self":[{"href":"https:\/\/e.kosmolat.eu\/lt\/wp-json\/wp\/v2\/product\/42394","targetHints":{"allow":["GET"]}}],"collection":[{"href":"https:\/\/e.kosmolat.eu\/lt\/wp-json\/wp\/v2\/product"}],"about":[{"href":"https:\/\/e.kosmolat.eu\/lt\/wp-json\/wp\/v2\/types\/product"}],"wp:featuredmedia":[{"embeddable":true,"href":"https:\/\/e.kosmolat.eu\/lt\/wp-json\/wp\/v2\/media\/79678"}],"wp:attachment":[{"href":"https:\/\/e.kosmolat.eu\/lt\/wp-json\/wp\/v2\/media?parent=42394"}],"wp:term":[{"taxonomy":"product_cat","embeddable":true,"href":"https:\/\/e.kosmolat.eu\/lt\/wp-json\/wp\/v2\/product_cat?post=42394"},{"taxonomy":"product_tag","embeddable":true,"href":"https:\/\/e.kosmolat.eu\/lt\/wp-json\/wp\/v2\/product_tag?post=42394"}],"curies":[{"name":"wp","href":"https:\/\/api.w.org\/{rel}","templated":true}]}}