{"id":42386,"date":"2024-01-31T11:44:21","date_gmt":"2024-01-31T11:44:21","guid":{"rendered":"https:\/\/e.kosmolat.eu\/product\/dr-s-coconut-hair-sprejs-matiem-150-ml\/"},"modified":"2026-04-23T09:24:28","modified_gmt":"2026-04-23T09:24:28","slug":"dr-s-coconut-hair-sprejs-matiem-150-ml","status":"publish","type":"product","link":"https:\/\/e.kosmolat.eu\/lt\/produktas\/dr-s-coconut-hair-sprejs-matiem-150-ml\/","title":{"rendered":"DR.SANTE Coconut Hair Pur\u0161kiklis plaukams, 150 ml"},"content":{"rendered":"<p>Papildomas dr\u0117kinimas. Kokos\u0173 aliejus. Apsauga ir atk\u016brimas. Sausiems ir l\u016b\u017ein\u0117jantiems plaukams. Trapumo ir sausumo pa&scaron;alinimas. &Scaron;ilumin\u0117s apsaugos funkcija. Antistatinis poveikis. Pur&scaron;kiklis kondicionuoja plaukus, padidina j\u0173 elastingum\u0105, saugo nuo susiv\u0117limo. Plaukai tampa lengvai i&scaron;&scaron;ukuojami, spindintys ir atrodo sveikai. Priemon\u0119 lengva naudoti, neapsunkina ir neriebina plauk\u0173.<\/p>\n<p><strong>Naudojimas: <\/strong>purk&scaron;ti ant dr\u0117gn\u0173 arba saus\u0173 plauk\u0173, pur&scaron;kiant i&scaron; 15-20 cm atstumo.Nenuskalauti.<\/p>\n<p><strong>Atsargumo priemon\u0117s: <\/strong>Patekus \u012f akis, praplauti vandeniu. Galimas individualus jautrumas atskiriems komponentams.<br \/>\n&nbsp;<\/p>\n","protected":false},"excerpt":{"rendered":"<p>Papildomas dr\u0117kinimas. Kokos\u0173 aliejus. Apsauga ir atk\u016brimas. Sausiems ir l\u016b\u017ein\u0117jantiems plaukams. Trapumo ir sausumo pa&scaron;alinimas. &Scaron;ilumin\u0117s apsaugos funkcija. Antistatinis poveikis. Pur&scaron;kiklis kondicionuoja plaukus, padidina j\u0173 elastingum\u0105, saugo nuo susiv\u0117limo. Plaukai tampa lengvai i&scaron;&scaron;ukuojami, spindintys ir atrodo sveikai. Priemon\u0119 lengva naudoti, neapsunkina ir neriebina plauk\u0173. Naudojimas: purk&scaron;ti ant dr\u0117gn\u0173 arba saus\u0173 plauk\u0173, pur&scaron;kiant i&scaron; 15-20 cm [&#8230;]\n","protected":false},"featured_media":80926,"template":"","meta":[],"product_cat":[2181],"product_tag":[],"class_list":{"0":"post-42386","1":"product","2":"type-product","3":"status-publish","4":"has-post-thumbnail","6":"product_brand-elfa_ua-lt","7":"product_cat-bez-kategorijas-lt","9":"first","10":"instock","11":"taxable","12":"shipping-taxable","13":"product-type-simple"},"_links":{"self":[{"href":"https:\/\/e.kosmolat.eu\/lt\/wp-json\/wp\/v2\/product\/42386","targetHints":{"allow":["GET"]}}],"collection":[{"href":"https:\/\/e.kosmolat.eu\/lt\/wp-json\/wp\/v2\/product"}],"about":[{"href":"https:\/\/e.kosmolat.eu\/lt\/wp-json\/wp\/v2\/types\/product"}],"wp:featuredmedia":[{"embeddable":true,"href":"https:\/\/e.kosmolat.eu\/lt\/wp-json\/wp\/v2\/media\/80926"}],"wp:attachment":[{"href":"https:\/\/e.kosmolat.eu\/lt\/wp-json\/wp\/v2\/media?parent=42386"}],"wp:term":[{"taxonomy":"product_cat","embeddable":true,"href":"https:\/\/e.kosmolat.eu\/lt\/wp-json\/wp\/v2\/product_cat?post=42386"},{"taxonomy":"product_tag","embeddable":true,"href":"https:\/\/e.kosmolat.eu\/lt\/wp-json\/wp\/v2\/product_tag?post=42386"}],"curies":[{"name":"wp","href":"https:\/\/api.w.org\/{rel}","templated":true}]}}