{"id":42378,"date":"2024-01-31T11:44:03","date_gmt":"2024-01-31T11:44:03","guid":{"rendered":"https:\/\/e.kosmolat.eu\/product\/fj-vannas-putas-tangerine-sicilian-orange-1-l\/"},"modified":"2026-04-22T09:58:16","modified_gmt":"2026-04-22T09:58:16","slug":"fj-vannas-putas-tangerine-sicilian-orange-1-l","status":"publish","type":"product","link":"https:\/\/e.kosmolat.eu\/lt\/produktas\/fj-vannas-putas-tangerine-sicilian-orange-1-l\/","title":{"rendered":"FRESH JUICE Vonios putos Tangerine &#038; Sicilian Orange, 1 l"},"content":{"rendered":"<p>Gaivus citrusinis mandarin\u0173 ir sicilieti&scaron;k\u0173 apelsin\u0173 aromatas slepia malonum\u0105, nauj\u0173 ry&scaron;ki\u0173 emocij\u0173 antpl\u016bd\u012f, kuris nu&scaron;luoja nuobodul\u012f ir monotonij\u0105. &Scaron;velnios putos su mandarin\u0173 ekstraktu ir apelsin\u0173 eteriniu aliejumi suteiks odai elastingumo, malonaus &scaron;velnumo ir &scaron;ilkingumo. Fresh Juice putos &ndash; &scaron;velnumas, malonumas ir gera nuotaika. Dermatologi&scaron;kai patikrintas.<\/p>\n<p><strong>Naudojimas:<\/strong> 50-100 ml put\u0173 po tekan\u010diu vandeniu. Vonia rekomenduojama naudoti 15-20 min. Nuplaukite vandeniu.<\/p>\n<p><strong>Atsargumo priemon\u0117s:<\/strong> gali padid\u0117ti individualus jautrumas atskiriems komponentams. Dermatologi&scaron;kai patikrintas.<\/p>\n<p><strong>Laikymo s\u0105lygos:<\/strong> nuo +5 &deg;\u0421 iki +25 &deg;\u0421.<br \/>\n&nbsp;<\/p>\n","protected":false},"excerpt":{"rendered":"<p>Gaivus citrusinis mandarin\u0173 ir sicilieti&scaron;k\u0173 apelsin\u0173 aromatas slepia malonum\u0105, nauj\u0173 ry&scaron;ki\u0173 emocij\u0173 antpl\u016bd\u012f, kuris nu&scaron;luoja nuobodul\u012f ir monotonij\u0105. &Scaron;velnios putos su mandarin\u0173 ekstraktu ir apelsin\u0173 eteriniu aliejumi suteiks odai elastingumo, malonaus &scaron;velnumo ir &scaron;ilkingumo. Fresh Juice putos &ndash; &scaron;velnumas, malonumas ir gera nuotaika. Dermatologi&scaron;kai patikrintas. Naudojimas: 50-100 ml put\u0173 po tekan\u010diu vandeniu. Vonia rekomenduojama naudoti [&#8230;]\n","protected":false},"featured_media":80854,"template":"","meta":[],"product_cat":[2181],"product_tag":[],"class_list":{"0":"post-42378","1":"product","2":"type-product","3":"status-publish","4":"has-post-thumbnail","6":"product_brand-elfa_ua-lt","7":"product_cat-bez-kategorijas-lt","9":"first","10":"instock","11":"taxable","12":"shipping-taxable","13":"product-type-simple"},"_links":{"self":[{"href":"https:\/\/e.kosmolat.eu\/lt\/wp-json\/wp\/v2\/product\/42378","targetHints":{"allow":["GET"]}}],"collection":[{"href":"https:\/\/e.kosmolat.eu\/lt\/wp-json\/wp\/v2\/product"}],"about":[{"href":"https:\/\/e.kosmolat.eu\/lt\/wp-json\/wp\/v2\/types\/product"}],"wp:featuredmedia":[{"embeddable":true,"href":"https:\/\/e.kosmolat.eu\/lt\/wp-json\/wp\/v2\/media\/80854"}],"wp:attachment":[{"href":"https:\/\/e.kosmolat.eu\/lt\/wp-json\/wp\/v2\/media?parent=42378"}],"wp:term":[{"taxonomy":"product_cat","embeddable":true,"href":"https:\/\/e.kosmolat.eu\/lt\/wp-json\/wp\/v2\/product_cat?post=42378"},{"taxonomy":"product_tag","embeddable":true,"href":"https:\/\/e.kosmolat.eu\/lt\/wp-json\/wp\/v2\/product_tag?post=42378"}],"curies":[{"name":"wp","href":"https:\/\/api.w.org\/{rel}","templated":true}]}}