{"id":42366,"date":"2024-01-31T11:43:27","date_gmt":"2024-01-31T11:43:27","guid":{"rendered":"https:\/\/e.kosmolat.eu\/product\/fj-vannas-putas-tiramisu-1-l\/"},"modified":"2026-04-07T07:59:55","modified_gmt":"2026-04-07T07:59:55","slug":"fj-vannas-putas-tiramisu-1-l","status":"publish","type":"product","link":"https:\/\/e.kosmolat.eu\/lt\/produktas\/fj-vannas-putas-tiramisu-1-l\/","title":{"rendered":"FRESH JUICE Vonios putos Tiramisu, 1 l"},"content":{"rendered":"<p>Kakava, kava su pieno baltymais.<\/p>\n<ul>\n<li>atpalaiduoja k\u016bn\u0105<\/li>\n<li>dr\u0117kina od\u0105<\/li>\n<li>gerina nuotaik\u0105<\/li>\n<\/ul>\n<p>&Scaron;okoladinis kreminis subtiliausi\u0173 tiramisu put\u0173 debes\u0117lis suteiks garsiojo itali&scaron;ko deserto \u017eavesio ir taps m\u0117gstamiausiu j\u016bs\u0173 odos skan\u0117stu. &Scaron;okoladas, &bdquo;laim\u0117s hormon\u0173&ldquo; &scaron;altinis, pakels nuotaik\u0105 ir suteiks energijos. Kakavos ir kavos ekstraktai suteikia odai gaivumo ir elastingumo. Dermatologi&scaron;kai patikrintas.<\/p>\n<p><strong>Naudojimas:<\/strong> 50-100 ml put\u0173 po tekan\u010diu vandeniu. Vonia rekomenduojama naudoti 15-20 min. Nuplaukite vandeniu.<\/p>\n<p><strong>Atsargumo priemon\u0117s:<\/strong> gali padid\u0117ti individualus jautrumas atskiriems komponentams. Dermatologi&scaron;kai patikrintas.<\/p>\n<p><strong>Laikymo s\u0105lygos:<\/strong> nuo +5 &deg;\u0421 iki +25 &deg;\u0421.<br \/>\n&nbsp;<\/p>\n","protected":false},"excerpt":{"rendered":"<p>Kakava, kava su pieno baltymais. atpalaiduoja k\u016bn\u0105 dr\u0117kina od\u0105 gerina nuotaik\u0105 &Scaron;okoladinis kreminis subtiliausi\u0173 tiramisu put\u0173 debes\u0117lis suteiks garsiojo itali&scaron;ko deserto \u017eavesio ir taps m\u0117gstamiausiu j\u016bs\u0173 odos skan\u0117stu. &Scaron;okoladas, &bdquo;laim\u0117s hormon\u0173&ldquo; &scaron;altinis, pakels nuotaik\u0105 ir suteiks energijos. Kakavos ir kavos ekstraktai suteikia odai gaivumo ir elastingumo. Dermatologi&scaron;kai patikrintas. Naudojimas: 50-100 ml put\u0173 po tekan\u010diu vandeniu. [&#8230;]\n","protected":false},"featured_media":80846,"template":"","meta":[],"product_cat":[2181],"product_tag":[],"class_list":{"0":"post-42366","1":"product","2":"type-product","3":"status-publish","4":"has-post-thumbnail","6":"product_brand-elfa_ua-lt","7":"product_cat-bez-kategorijas-lt","9":"first","10":"instock","11":"taxable","12":"shipping-taxable","13":"product-type-simple"},"_links":{"self":[{"href":"https:\/\/e.kosmolat.eu\/lt\/wp-json\/wp\/v2\/product\/42366","targetHints":{"allow":["GET"]}}],"collection":[{"href":"https:\/\/e.kosmolat.eu\/lt\/wp-json\/wp\/v2\/product"}],"about":[{"href":"https:\/\/e.kosmolat.eu\/lt\/wp-json\/wp\/v2\/types\/product"}],"wp:featuredmedia":[{"embeddable":true,"href":"https:\/\/e.kosmolat.eu\/lt\/wp-json\/wp\/v2\/media\/80846"}],"wp:attachment":[{"href":"https:\/\/e.kosmolat.eu\/lt\/wp-json\/wp\/v2\/media?parent=42366"}],"wp:term":[{"taxonomy":"product_cat","embeddable":true,"href":"https:\/\/e.kosmolat.eu\/lt\/wp-json\/wp\/v2\/product_cat?post=42366"},{"taxonomy":"product_tag","embeddable":true,"href":"https:\/\/e.kosmolat.eu\/lt\/wp-json\/wp\/v2\/product_tag?post=42366"}],"curies":[{"name":"wp","href":"https:\/\/api.w.org\/{rel}","templated":true}]}}