{"id":42358,"date":"2024-01-31T11:42:57","date_gmt":"2024-01-31T11:42:57","guid":{"rendered":"https:\/\/e.kosmolat.eu\/product\/fj-vannas-putas-peach-souffle-1-l\/"},"modified":"2026-04-23T07:47:17","modified_gmt":"2026-04-23T07:47:17","slug":"fj-vannas-putas-peach-souffle-1-l","status":"publish","type":"product","link":"https:\/\/e.kosmolat.eu\/lt\/produktas\/fj-vannas-putas-peach-souffle-1-l\/","title":{"rendered":"FRESH JUICE Vonios putos Peach Souffle, 1 l"},"content":{"rendered":"<p>Prinok\u0119s persikas + pieno baltymai.<\/p>\n<ul>\n<li>atpalaiduoja k\u016bn\u0105<\/li>\n<li>dr\u0117kina od\u0105<\/li>\n<li>gerina nuotaik\u0105<\/li>\n<\/ul>\n<p>&Scaron;velnus oro put\u0173 prisilietimas primins lengv\u0105 aksominio persiko prisilietim\u0105 prie odos, o gaivus sulting\u0173 vaisi\u0173 aromatas atgaivins vaizduot\u0119 ir suteiks jausming\u0105 malonum\u0105, pana&scaron;\u0173 \u012f savo gro\u017eiu ir rafinuotumu tobul\u0105 vaisi\u0173 desert\u0105. Pieno baltymai pasir\u016bpins odos dr\u0117kinimu ir &scaron;velnumu. Dermatologi&scaron;kai patikrintas.<\/p>\n<p><strong>Naudojimas:<\/strong> 50-100 ml put\u0173 po tekan\u010diu vandeniu. Vonia rekomenduojama naudoti 15-20 min. Nuplaukite vandeniu.<\/p>\n<p><strong>Atsargumo priemon\u0117s:<\/strong> gali padid\u0117ti individualus jautrumas atskiriems komponentams. Dermatologi&scaron;kai patikrintas.<\/p>\n<p><strong>Laikymo s\u0105lygos:<\/strong> nuo +5 &deg;\u0421 iki +25 &deg;\u0421.<br \/>\n&nbsp;<\/p>\n","protected":false},"excerpt":{"rendered":"<p>Prinok\u0119s persikas + pieno baltymai. atpalaiduoja k\u016bn\u0105 dr\u0117kina od\u0105 gerina nuotaik\u0105 &Scaron;velnus oro put\u0173 prisilietimas primins lengv\u0105 aksominio persiko prisilietim\u0105 prie odos, o gaivus sulting\u0173 vaisi\u0173 aromatas atgaivins vaizduot\u0119 ir suteiks jausming\u0105 malonum\u0105, pana&scaron;\u0173 \u012f savo gro\u017eiu ir rafinuotumu tobul\u0105 vaisi\u0173 desert\u0105. Pieno baltymai pasir\u016bpins odos dr\u0117kinimu ir &scaron;velnumu. Dermatologi&scaron;kai patikrintas. Naudojimas: 50-100 ml put\u0173 [&#8230;]\n","protected":false},"featured_media":80842,"template":"","meta":[],"product_cat":[1612],"product_tag":[],"class_list":{"0":"post-42358","1":"product","2":"type-product","3":"status-publish","4":"has-post-thumbnail","6":"product_brand-elfa_ua-lt","7":"product_cat-putos-druska-vonios-bombos","9":"first","10":"instock","11":"taxable","12":"shipping-taxable","13":"product-type-simple"},"_links":{"self":[{"href":"https:\/\/e.kosmolat.eu\/lt\/wp-json\/wp\/v2\/product\/42358","targetHints":{"allow":["GET"]}}],"collection":[{"href":"https:\/\/e.kosmolat.eu\/lt\/wp-json\/wp\/v2\/product"}],"about":[{"href":"https:\/\/e.kosmolat.eu\/lt\/wp-json\/wp\/v2\/types\/product"}],"wp:featuredmedia":[{"embeddable":true,"href":"https:\/\/e.kosmolat.eu\/lt\/wp-json\/wp\/v2\/media\/80842"}],"wp:attachment":[{"href":"https:\/\/e.kosmolat.eu\/lt\/wp-json\/wp\/v2\/media?parent=42358"}],"wp:term":[{"taxonomy":"product_cat","embeddable":true,"href":"https:\/\/e.kosmolat.eu\/lt\/wp-json\/wp\/v2\/product_cat?post=42358"},{"taxonomy":"product_tag","embeddable":true,"href":"https:\/\/e.kosmolat.eu\/lt\/wp-json\/wp\/v2\/product_tag?post=42358"}],"curies":[{"name":"wp","href":"https:\/\/api.w.org\/{rel}","templated":true}]}}