{"id":42342,"date":"2024-01-31T11:41:58","date_gmt":"2024-01-31T11:41:58","guid":{"rendered":"https:\/\/e.kosmolat.eu\/product\/i_za-masazas-ella-atslabinosa-200-ml\/"},"modified":"2026-04-22T14:05:39","modified_gmt":"2026-04-22T14:05:39","slug":"gp-masazas-ella-atslabinosa-200-ml","status":"publish","type":"product","link":"https:\/\/e.kosmolat.eu\/lt\/produktas\/gp-masazas-ella-atslabinosa-200-ml\/","title":{"rendered":"GREEN PHARMACY Masa\u017einis aliejus Atpalaiduojantis, 200 ml"},"content":{"rendered":"<p>Bazini\u0173 ir eterini\u0173 aliej\u0173 kompozicija. Profesionaliam ir naudojimui namuose. Levand\u0173, m\u0117t\u0173, rozmarin\u0173, apelsin\u0173, ylang-ylang eteriniai aliejai + baziniai makadamijos, avokad\u0173 aliejai<\/p>\n<p>7 aliej\u0173 kompozicija &nbsp;(levand\u0173, ylang-ylang, apelsin\u0173 avokad\u0173, rozmarin\u0173, makadamij\u0173, m\u0117t\u0173) &nbsp;skatina atsipalaidavim\u0105 &nbsp;ir normalaus emocinio fono atk\u016brim\u0105. Levand\u0173, rozmarin\u0173 ir apelsin\u0173 aliej\u0173 mi&scaron;inys veikia raminan\u010diai, &scaron;alina \u012ftamp\u0105 ir raumen\u0173 nuovarg\u012f. Aromaterapinis masa\u017eas naudingas esant miego sutrikimams, da\u017enoms nuotaik\u0173 kaitoms, taip pat norint palengvinti pervargim\u0105 po sunkios darbo dienos ar aktyvaus sporto.<br \/>\nYlang-ylang ir m\u0117t\u0173 aliej\u0173 aromatas padeda pripildyti organizm\u0105 gyvybin\u0117s energijos, atstatyti j\u0117gas, o baziniai makadamij\u0173 ir avokad\u0173 aliejai pasi\u017eymi puikiomis mink&scaron;tinan\u010diomis ir dr\u0117kinan\u010diomis savyb\u0117mis. Sud\u0117tyje n\u0117ra konservant\u0173 ir da\u017eikli\u0173.<\/p>\n<p><strong>Naudojimo b\u016bdas: <\/strong>masa\u017eui &ndash; masa\u017einiais judesiais u\u017etepkite nedidel\u012f kiek\u012f aliejaus ant &scaron;varios k\u016bno odos; odos prie\u017ei\u016brai &ndash; po du&scaron;o ar vonios dr\u0117gn\u0105 od\u0105 patepkite nedideliu kiekiu aliejaus.<\/p>\n<p><strong>Atsargumo priemon\u0117s: <\/strong>padid\u0117j\u0119s individualus jautrumas atskiriems komponentams.<br \/>\n&nbsp;<\/p>\n","protected":false},"excerpt":{"rendered":"<p>Bazini\u0173 ir eterini\u0173 aliej\u0173 kompozicija. Profesionaliam ir naudojimui namuose. Levand\u0173, m\u0117t\u0173, rozmarin\u0173, apelsin\u0173, ylang-ylang eteriniai aliejai + baziniai makadamijos, avokad\u0173 aliejai 7 aliej\u0173 kompozicija &nbsp;(levand\u0173, ylang-ylang, apelsin\u0173 avokad\u0173, rozmarin\u0173, makadamij\u0173, m\u0117t\u0173) &nbsp;skatina atsipalaidavim\u0105 &nbsp;ir normalaus emocinio fono atk\u016brim\u0105. Levand\u0173, rozmarin\u0173 ir apelsin\u0173 aliej\u0173 mi&scaron;inys veikia raminan\u010diai, &scaron;alina \u012ftamp\u0105 ir raumen\u0173 nuovarg\u012f. Aromaterapinis masa\u017eas naudingas esant [&#8230;]\n","protected":false},"featured_media":80810,"template":"","meta":[],"product_cat":[2181],"product_tag":[],"class_list":{"0":"post-42342","1":"product","2":"type-product","3":"status-publish","4":"has-post-thumbnail","6":"product_brand-elfa_ua-lt","7":"product_cat-bez-kategorijas-lt","9":"first","10":"instock","11":"taxable","12":"shipping-taxable","13":"product-type-simple"},"_links":{"self":[{"href":"https:\/\/e.kosmolat.eu\/lt\/wp-json\/wp\/v2\/product\/42342","targetHints":{"allow":["GET"]}}],"collection":[{"href":"https:\/\/e.kosmolat.eu\/lt\/wp-json\/wp\/v2\/product"}],"about":[{"href":"https:\/\/e.kosmolat.eu\/lt\/wp-json\/wp\/v2\/types\/product"}],"wp:featuredmedia":[{"embeddable":true,"href":"https:\/\/e.kosmolat.eu\/lt\/wp-json\/wp\/v2\/media\/80810"}],"wp:attachment":[{"href":"https:\/\/e.kosmolat.eu\/lt\/wp-json\/wp\/v2\/media?parent=42342"}],"wp:term":[{"taxonomy":"product_cat","embeddable":true,"href":"https:\/\/e.kosmolat.eu\/lt\/wp-json\/wp\/v2\/product_cat?post=42342"},{"taxonomy":"product_tag","embeddable":true,"href":"https:\/\/e.kosmolat.eu\/lt\/wp-json\/wp\/v2\/product_tag?post=42342"}],"curies":[{"name":"wp","href":"https:\/\/api.w.org\/{rel}","templated":true}]}}