{"id":42338,"date":"2024-01-31T11:35:37","date_gmt":"2024-01-31T11:35:37","guid":{"rendered":"https:\/\/e.kosmolat.eu\/product\/za-masazas-ella-pret-celulitu-200-ml\/"},"modified":"2026-04-23T11:40:46","modified_gmt":"2026-04-23T11:40:46","slug":"gp-masazas-ella-pretcelulita-200-ml","status":"publish","type":"product","link":"https:\/\/e.kosmolat.eu\/lt\/produktas\/gp-masazas-ella-pretcelulita-200-ml\/","title":{"rendered":"GREEN PHARMACY Masa\u017einis aliejus (anticeliulitinis), 200 ml"},"content":{"rendered":"<p>Be konservant\u0173, be da\u017eikli\u0173, sud\u0117tyje yra eterini\u0173 aliej\u0173.<\/p>\n<p>VEIKLIOSIOS MED\u017dIAGOS: Migdol\u0173 aliejus, kipariso eterinis aliejus, kadagio, levand\u0173 ir \u017eali\u0173j\u0173 citrin\u0173 eterinis aliejus.<\/p>\n<p>Aliejus sukurtas problemini\u0173 sri\u010di\u0173 masa\u017eui, jo tikslas-suma\u017einti &#8220;apelsino \u017eievel\u0117s&#8221; efekt\u0105. Masa\u017eo d\u0117ka \u017eymiai pager\u0117ja odos  tekst\u016bra, vyksta formos korekcija.<\/p>\n<p>NAUDOJIMO B\u016aDAS: Tinkamas visoms masa\u017eo r\u016b\u0161ims. Prie\u0161 u\u017etepim\u0105 ant odos, su\u0161ildyti aliej\u0173 delnuose.<\/p>\n<p>LAIKYMO S\u0104LYGOS: nuo +5 \u00b0 C iki +25 \u00b0 C.<\/p>\n","protected":false},"excerpt":{"rendered":"<p>Be konservant\u0173, be da\u017eikli\u0173, sud\u0117tyje yra eterini\u0173 aliej\u0173. VEIKLIOSIOS MED\u017dIAGOS: Migdol\u0173 aliejus, kipariso eterinis aliejus, kadagio, levand\u0173 ir \u017eali\u0173j\u0173 citrin\u0173 eterinis aliejus. Aliejus sukurtas problemini\u0173 sri\u010di\u0173 masa\u017eui, jo tikslas-suma\u017einti &#8220;apelsino \u017eievel\u0117s&#8221; efekt\u0105. Masa\u017eo d\u0117ka \u017eymiai pager\u0117ja odos tekst\u016bra, vyksta formos korekcija. NAUDOJIMO B\u016aDAS: Tinkamas visoms masa\u017eo r\u016b\u0161ims. Prie\u0161 u\u017etepim\u0105 ant odos, su\u0161ildyti aliej\u0173 delnuose. LAIKYMO [&#8230;]\n","protected":false},"featured_media":79614,"template":"","meta":[],"product_cat":[1609],"product_tag":[],"class_list":{"0":"post-42338","1":"product","2":"type-product","3":"status-publish","4":"has-post-thumbnail","6":"product_brand-elfa_ua-lt","7":"product_cat-muilas","9":"first","10":"instock","11":"taxable","12":"shipping-taxable","13":"product-type-simple"},"_links":{"self":[{"href":"https:\/\/e.kosmolat.eu\/lt\/wp-json\/wp\/v2\/product\/42338","targetHints":{"allow":["GET"]}}],"collection":[{"href":"https:\/\/e.kosmolat.eu\/lt\/wp-json\/wp\/v2\/product"}],"about":[{"href":"https:\/\/e.kosmolat.eu\/lt\/wp-json\/wp\/v2\/types\/product"}],"wp:featuredmedia":[{"embeddable":true,"href":"https:\/\/e.kosmolat.eu\/lt\/wp-json\/wp\/v2\/media\/79614"}],"wp:attachment":[{"href":"https:\/\/e.kosmolat.eu\/lt\/wp-json\/wp\/v2\/media?parent=42338"}],"wp:term":[{"taxonomy":"product_cat","embeddable":true,"href":"https:\/\/e.kosmolat.eu\/lt\/wp-json\/wp\/v2\/product_cat?post=42338"},{"taxonomy":"product_tag","embeddable":true,"href":"https:\/\/e.kosmolat.eu\/lt\/wp-json\/wp\/v2\/product_tag?post=42338"}],"curies":[{"name":"wp","href":"https:\/\/api.w.org\/{rel}","templated":true}]}}