{"id":42330,"date":"2024-01-31T11:35:17","date_gmt":"2024-01-31T11:35:17","guid":{"rendered":"https:\/\/e.kosmolat.eu\/product\/za-roku-krems-ar-juras-algem-300-ml\/"},"modified":"2025-09-22T12:11:02","modified_gmt":"2025-09-22T12:11:02","slug":"za-roku-krems-ar-juras-algem-300-ml","status":"publish","type":"product","link":"https:\/\/e.kosmolat.eu\/lt\/produktas\/za-roku-krems-ar-juras-algem-300-ml\/","title":{"rendered":"ZA Kremas rankoms Intensyvus dr\u0117kinimas"},"content":{"rendered":"<p>Su j\u016bros dumbliais.<\/p>\n<p>Specialiai sukurtas intensyviam odos dr\u0117kinimui ir odos dr\u0117gm\u0117s palaikymui. I\u0161saugo dr\u0117kinim\u0105 ilg\u0105 laiko tarp\u0105. Maitina od\u0105 ir prisotina j\u0105 mikroelementais. Ypa\u010d stipriai dr\u0117kina. Atkuria odos elastingum\u0105 ir stangrum\u0105, stiprina nag\u0173 plok\u0161tel\u0117s strukt\u016br\u0105, u\u017ekerta keli\u0105 j\u0173 l\u016b\u017ein\u0117jimui ir sluoksniavimuisi. I\u0161lygina odos atspalv\u012f ir atgaivin\u0105 jos spalv\u0105.<\/p>\n<p>REKOMENDUOJAMA NAUDOTI: Skirtas kasdieninei sausos rank\u0173 odos ir nag\u0173 prie\u017ei\u016brai.<\/p>\n<p>NAUDOJIMO B\u016aDAS: Krem\u0105 u\u017etepti \u0161velniais, masa\u017euojan\u010diais judesiais ant \u0161varios rank\u0173 odos.<\/p>\n<p>LAIKYMO S\u0104LYGOS: nuo +5 \u00b0 C iki +25 \u00b0 C.<\/p>\n","protected":false},"excerpt":{"rendered":"<p>Su j\u016bros dumbliais. Specialiai sukurtas intensyviam odos dr\u0117kinimui ir odos dr\u0117gm\u0117s palaikymui. I\u0161saugo dr\u0117kinim\u0105 ilg\u0105 laiko tarp\u0105. Maitina od\u0105 ir prisotina j\u0105 mikroelementais. Ypa\u010d stipriai dr\u0117kina. Atkuria odos elastingum\u0105 ir stangrum\u0105, stiprina nag\u0173 plok\u0161tel\u0117s strukt\u016br\u0105, u\u017ekerta keli\u0105 j\u0173 l\u016b\u017ein\u0117jimui ir sluoksniavimuisi. I\u0161lygina odos atspalv\u012f ir atgaivin\u0105 jos spalv\u0105. REKOMENDUOJAMA NAUDOTI: Skirtas kasdieninei sausos rank\u0173 odos [&#8230;]\n","protected":false},"featured_media":78874,"template":"","meta":[],"product_cat":[1304],"product_tag":[],"class_list":{"0":"post-42330","1":"product","2":"type-product","3":"status-publish","4":"has-post-thumbnail","6":"product_brand-elfa_ua-lt","7":"product_cat-ranku-prieziuros-kosmetika","9":"first","10":"instock","11":"taxable","12":"shipping-taxable","13":"product-type-simple"},"_links":{"self":[{"href":"https:\/\/e.kosmolat.eu\/lt\/wp-json\/wp\/v2\/product\/42330","targetHints":{"allow":["GET"]}}],"collection":[{"href":"https:\/\/e.kosmolat.eu\/lt\/wp-json\/wp\/v2\/product"}],"about":[{"href":"https:\/\/e.kosmolat.eu\/lt\/wp-json\/wp\/v2\/types\/product"}],"wp:featuredmedia":[{"embeddable":true,"href":"https:\/\/e.kosmolat.eu\/lt\/wp-json\/wp\/v2\/media\/78874"}],"wp:attachment":[{"href":"https:\/\/e.kosmolat.eu\/lt\/wp-json\/wp\/v2\/media?parent=42330"}],"wp:term":[{"taxonomy":"product_cat","embeddable":true,"href":"https:\/\/e.kosmolat.eu\/lt\/wp-json\/wp\/v2\/product_cat?post=42330"},{"taxonomy":"product_tag","embeddable":true,"href":"https:\/\/e.kosmolat.eu\/lt\/wp-json\/wp\/v2\/product_tag?post=42330"}],"curies":[{"name":"wp","href":"https:\/\/api.w.org\/{rel}","templated":true}]}}