{"id":42322,"date":"2024-01-31T11:34:59","date_gmt":"2024-01-31T11:34:59","guid":{"rendered":"https:\/\/e.kosmolat.eu\/product\/za-sampuns-arstnieciska-klingerite-norm-uz-taukainibu-verstiem-matiem-350-ml\/"},"modified":"2026-04-01T06:41:43","modified_gmt":"2026-04-01T06:41:43","slug":"gp-sampuns-arstnieciska-klingerite-norm-uz-taukainibu-verstiem-matiem-350-ml","status":"publish","type":"product","link":"https:\/\/e.kosmolat.eu\/lt\/produktas\/gp-sampuns-arstnieciska-klingerite-norm-uz-taukainibu-verstiem-matiem-350-ml\/","title":{"rendered":"GREEN PHARMACY \u0160amp\u016bnas Normaliems ir linkusiem riebaluotis plaukams Vaistin\u0117 medetka, 350 ml"},"content":{"rendered":"<p>Pa&scaron;alina pleiskanas, ir aktyvina med\u017eiag\u0173 apykait\u0105. U\u017ekerta keli\u0105 greitam riebalavimuisi, kas ypa\u010d svarbu riebiems plaukams. Stiprina plaukus ir galvos od\u0105.<\/p>\n<p><strong>Naudojimo b\u016bdas:&nbsp;<\/strong>U\u017etepti ant dr\u0117gn\u0173 plauk\u0173, &scaron;velniai masa\u017euoti kol suputos, nuplauti vandeniu.<\/p>\n<p><strong>Laikymo s\u0105lygos:<\/strong>&nbsp;nuo +5 &deg; C iki +25 &deg; C.<\/p>\n","protected":false},"excerpt":{"rendered":"<p>Pa&scaron;alina pleiskanas, ir aktyvina med\u017eiag\u0173 apykait\u0105. U\u017ekerta keli\u0105 greitam riebalavimuisi, kas ypa\u010d svarbu riebiems plaukams. Stiprina plaukus ir galvos od\u0105. Naudojimo b\u016bdas:&nbsp;U\u017etepti ant dr\u0117gn\u0173 plauk\u0173, &scaron;velniai masa\u017euoti kol suputos, nuplauti vandeniu. Laikymo s\u0105lygos:&nbsp;nuo +5 &deg; C iki +25 &deg; C.<\/p>\n","protected":false},"featured_media":104416,"template":"","meta":[],"product_cat":[1251],"product_tag":[],"class_list":{"0":"post-42322","1":"product","2":"type-product","3":"status-publish","4":"has-post-thumbnail","6":"product_brand-elfa_ua-lt","7":"product_cat-sampunai","9":"first","10":"outofstock","11":"taxable","12":"shipping-taxable","13":"product-type-simple"},"_links":{"self":[{"href":"https:\/\/e.kosmolat.eu\/lt\/wp-json\/wp\/v2\/product\/42322","targetHints":{"allow":["GET"]}}],"collection":[{"href":"https:\/\/e.kosmolat.eu\/lt\/wp-json\/wp\/v2\/product"}],"about":[{"href":"https:\/\/e.kosmolat.eu\/lt\/wp-json\/wp\/v2\/types\/product"}],"wp:featuredmedia":[{"embeddable":true,"href":"https:\/\/e.kosmolat.eu\/lt\/wp-json\/wp\/v2\/media\/104416"}],"wp:attachment":[{"href":"https:\/\/e.kosmolat.eu\/lt\/wp-json\/wp\/v2\/media?parent=42322"}],"wp:term":[{"taxonomy":"product_cat","embeddable":true,"href":"https:\/\/e.kosmolat.eu\/lt\/wp-json\/wp\/v2\/product_cat?post=42322"},{"taxonomy":"product_tag","embeddable":true,"href":"https:\/\/e.kosmolat.eu\/lt\/wp-json\/wp\/v2\/product_tag?post=42322"}],"curies":[{"name":"wp","href":"https:\/\/api.w.org\/{rel}","templated":true}]}}