{"id":42314,"date":"2024-01-31T11:34:40","date_gmt":"2024-01-31T11:34:40","guid":{"rendered":"https:\/\/e.kosmolat.eu\/product\/i_za-putas-intimai-higienai-salvija-un-lavanda-150-ml\/"},"modified":"2026-05-08T15:34:25","modified_gmt":"2026-05-08T15:34:25","slug":"gp-putas-intimai-higienai-salvija-un-lavanda-150-ml","status":"publish","type":"product","link":"https:\/\/e.kosmolat.eu\/lt\/produktas\/gp-putas-intimai-higienai-salvija-un-lavanda-150-ml\/","title":{"rendered":"GREEN PHARMACY Putos intymiai higienai (\u0161alavijas ir levanda)"},"content":{"rendered":"<p>\u0160velnios putos intymiai higienai, tai \u0161iuolaikin\u0117 priemon\u0117 ypa\u010d lengvos konsistencijos. Putos \u0161velniai valo ir dezodoruoja. Aktyvus komponentai ne sausina odos, ramina sudirgimus, palaiko nat\u016bral\u0173 ph balans\u0105, apsaugo nuo infekcij\u0173 atsiradimo, suteikia gaivumo.<br \/>\nSud\u0117tyje n\u0117ra muilo! Tinka jautriai odai. Rekomenduojama naudoti moterims ir vyrams.<\/p>\n<p>NAUDOJIMO B\u016aDAS: i\u0161spauskite nedidel\u012f kiek\u012f put\u0173 ant delno, tepkite ant intymi\u0173 zon\u0173. Nuplaukite vandeniu.<\/p>\n<p>Laikymo s\u0105lygos: nuo +5\u00b0\u0421 iki +25\u00b0.<\/p>\n","protected":false},"excerpt":{"rendered":"<p>\u0160velnios putos intymiai higienai, tai \u0161iuolaikin\u0117 priemon\u0117 ypa\u010d lengvos konsistencijos. Putos \u0161velniai valo ir dezodoruoja. Aktyvus komponentai ne sausina odos, ramina sudirgimus, palaiko nat\u016bral\u0173 ph balans\u0105, apsaugo nuo infekcij\u0173 atsiradimo, suteikia gaivumo. Sud\u0117tyje n\u0117ra muilo! Tinka jautriai odai. Rekomenduojama naudoti moterims ir vyrams. NAUDOJIMO B\u016aDAS: i\u0161spauskite nedidel\u012f kiek\u012f put\u0173 ant delno, tepkite ant intymi\u0173 zon\u0173. [&#8230;]\n","protected":false},"featured_media":104412,"template":"","meta":[],"product_cat":[1374],"product_tag":[],"class_list":{"0":"post-42314","1":"product","2":"type-product","3":"status-publish","4":"has-post-thumbnail","6":"product_brand-elfa_ua-lt","7":"product_cat-intymi-higiena","9":"first","10":"instock","11":"taxable","12":"shipping-taxable","13":"product-type-simple"},"_links":{"self":[{"href":"https:\/\/e.kosmolat.eu\/lt\/wp-json\/wp\/v2\/product\/42314","targetHints":{"allow":["GET"]}}],"collection":[{"href":"https:\/\/e.kosmolat.eu\/lt\/wp-json\/wp\/v2\/product"}],"about":[{"href":"https:\/\/e.kosmolat.eu\/lt\/wp-json\/wp\/v2\/types\/product"}],"wp:featuredmedia":[{"embeddable":true,"href":"https:\/\/e.kosmolat.eu\/lt\/wp-json\/wp\/v2\/media\/104412"}],"wp:attachment":[{"href":"https:\/\/e.kosmolat.eu\/lt\/wp-json\/wp\/v2\/media?parent=42314"}],"wp:term":[{"taxonomy":"product_cat","embeddable":true,"href":"https:\/\/e.kosmolat.eu\/lt\/wp-json\/wp\/v2\/product_cat?post=42314"},{"taxonomy":"product_tag","embeddable":true,"href":"https:\/\/e.kosmolat.eu\/lt\/wp-json\/wp\/v2\/product_tag?post=42314"}],"curies":[{"name":"wp","href":"https:\/\/api.w.org\/{rel}","templated":true}]}}