{"id":42306,"date":"2024-01-31T11:34:20","date_gmt":"2024-01-31T11:34:20","guid":{"rendered":"https:\/\/e.kosmolat.eu\/product\/i_za-intimas-higienas-putas-balta-akacija-un-zala-teja-150-ml\/"},"modified":"2026-04-17T08:30:38","modified_gmt":"2026-04-17T08:30:38","slug":"gp-intimas-higienas-putas-balta-akacija-un-zala-teja-150-ml","status":"publish","type":"product","link":"https:\/\/e.kosmolat.eu\/lt\/produktas\/gp-intimas-higienas-putas-balta-akacija-un-zala-teja-150-ml\/","title":{"rendered":"ZA Intymios higienos putos (baltoji akacija ir \u017ealioji arbata)"},"content":{"rendered":"<p>Ramina sudirgim\u0105. Baltoji akacija ir \u017ealioji arbata.<\/p>\n<p>Kasdieninei intymiai higienai.<\/p>\n<p>Suteikia komfort\u0105 ir malon\u0173 gaivos poj\u016bt\u012f. Putos \u0161velniai valo od\u0105, lengvai nuplaunamos, ramina, i\u0161laiko nat\u016bral\u0173 pH lyg\u012f intymioje zonoje. Ned\u017eiovina odos.<br \/>\nSud\u0117tyje n\u0117ra muilo! Idealiai tinka jautriai odai. Rekuomenduojama tiek vyr\u0173, tiek moter\u0173 higienai.<\/p>\n<p>NAUDOJIMO B\u016aDAS: I\u0161spausti nedidel\u012f put\u0173 kiek\u012f antdelno, u\u017etepti ant intymi\u0173 k\u016bno viet\u0173. Nuplauti vandeniu.<br \/>\nNeplakti!<\/p>\n<p>LAIKYMO S\u0104LYGOS: nuo +5 \u00b0 C iki +25 \u00b0 C.<\/p>\n","protected":false},"excerpt":{"rendered":"<p>Ramina sudirgim\u0105. Baltoji akacija ir \u017ealioji arbata. Kasdieninei intymiai higienai. Suteikia komfort\u0105 ir malon\u0173 gaivos poj\u016bt\u012f. Putos \u0161velniai valo od\u0105, lengvai nuplaunamos, ramina, i\u0161laiko nat\u016bral\u0173 pH lyg\u012f intymioje zonoje. Ned\u017eiovina odos. Sud\u0117tyje n\u0117ra muilo! Idealiai tinka jautriai odai. Rekuomenduojama tiek vyr\u0173, tiek moter\u0173 higienai. NAUDOJIMO B\u016aDAS: I\u0161spausti nedidel\u012f put\u0173 kiek\u012f antdelno, u\u017etepti ant intymi\u0173 k\u016bno [&#8230;]\n","protected":false},"featured_media":78906,"template":"","meta":[],"product_cat":[2181],"product_tag":[],"class_list":{"0":"post-42306","1":"product","2":"type-product","3":"status-publish","4":"has-post-thumbnail","6":"product_brand-elfa_ua-lt","7":"product_cat-bez-kategorijas-lt","9":"first","10":"instock","11":"taxable","12":"shipping-taxable","13":"product-type-simple"},"_links":{"self":[{"href":"https:\/\/e.kosmolat.eu\/lt\/wp-json\/wp\/v2\/product\/42306","targetHints":{"allow":["GET"]}}],"collection":[{"href":"https:\/\/e.kosmolat.eu\/lt\/wp-json\/wp\/v2\/product"}],"about":[{"href":"https:\/\/e.kosmolat.eu\/lt\/wp-json\/wp\/v2\/types\/product"}],"wp:featuredmedia":[{"embeddable":true,"href":"https:\/\/e.kosmolat.eu\/lt\/wp-json\/wp\/v2\/media\/78906"}],"wp:attachment":[{"href":"https:\/\/e.kosmolat.eu\/lt\/wp-json\/wp\/v2\/media?parent=42306"}],"wp:term":[{"taxonomy":"product_cat","embeddable":true,"href":"https:\/\/e.kosmolat.eu\/lt\/wp-json\/wp\/v2\/product_cat?post=42306"},{"taxonomy":"product_tag","embeddable":true,"href":"https:\/\/e.kosmolat.eu\/lt\/wp-json\/wp\/v2\/product_tag?post=42306"}],"curies":[{"name":"wp","href":"https:\/\/api.w.org\/{rel}","templated":true}]}}