{"id":42302,"date":"2024-01-31T11:34:06","date_gmt":"2024-01-31T11:34:06","guid":{"rendered":"https:\/\/e.kosmolat.eu\/product\/za-maigs-mazg-gels-alveja-sausai-un-jutigai-adai-270-ml\/"},"modified":"2026-04-23T11:40:03","modified_gmt":"2026-04-23T11:40:03","slug":"gp-maiga-sejas-mazg-zeleja-alveja-un-lins-ella-270-ml","status":"publish","type":"product","link":"https:\/\/e.kosmolat.eu\/lt\/produktas\/gp-maiga-sejas-mazg-zeleja-alveja-un-lins-ella-270-ml\/","title":{"rendered":"ZELENAJA APTEKA \u0160velnus prausimosi gelis Alavijas, 270 ml"},"content":{"rendered":"<p>Ned\u017eiovina ir nesutraukia odos.&nbsp;Delika\u010diai pa&scaron;alina ne&scaron;varumus. Dr\u0117kina ir tonizuoja od\u0105. Gelis gerai i&scaron;valo od\u0105, palieka &scaron;varos ir komforto poj\u016bt\u012f, suteikia odai gaivi\u0105, spinduliuojan\u010di\u0105 i&scaron;vaizd\u0105.<\/p>\n<p><strong>Naudojimo b\u016bdas:<\/strong>&nbsp;U\u017etepti ant dr\u0117gnos odos, nuplauti vandeniu.<\/p>\n<p><strong>Laikymo s\u0105lygos:&nbsp;<\/strong>nuo +5 &deg; C iki +25 &deg; C.<\/p>\n","protected":false},"excerpt":{"rendered":"<p>Ned\u017eiovina ir nesutraukia odos.&nbsp;Delika\u010diai pa&scaron;alina ne&scaron;varumus. Dr\u0117kina ir tonizuoja od\u0105. Gelis gerai i&scaron;valo od\u0105, palieka &scaron;varos ir komforto poj\u016bt\u012f, suteikia odai gaivi\u0105, spinduliuojan\u010di\u0105 i&scaron;vaizd\u0105. Naudojimo b\u016bdas:&nbsp;U\u017etepti ant dr\u0117gnos odos, nuplauti vandeniu. Laikymo s\u0105lygos:&nbsp;nuo +5 &deg; C iki +25 &deg; C.<\/p>\n","protected":false},"featured_media":78902,"template":"","meta":[],"product_cat":[1577],"product_tag":[],"class_list":{"0":"post-42302","1":"product","2":"type-product","3":"status-publish","4":"has-post-thumbnail","6":"product_brand-elfa_ua-lt","7":"product_cat-gelis","9":"first","10":"instock","11":"taxable","12":"shipping-taxable","13":"product-type-simple"},"_links":{"self":[{"href":"https:\/\/e.kosmolat.eu\/lt\/wp-json\/wp\/v2\/product\/42302","targetHints":{"allow":["GET"]}}],"collection":[{"href":"https:\/\/e.kosmolat.eu\/lt\/wp-json\/wp\/v2\/product"}],"about":[{"href":"https:\/\/e.kosmolat.eu\/lt\/wp-json\/wp\/v2\/types\/product"}],"wp:featuredmedia":[{"embeddable":true,"href":"https:\/\/e.kosmolat.eu\/lt\/wp-json\/wp\/v2\/media\/78902"}],"wp:attachment":[{"href":"https:\/\/e.kosmolat.eu\/lt\/wp-json\/wp\/v2\/media?parent=42302"}],"wp:term":[{"taxonomy":"product_cat","embeddable":true,"href":"https:\/\/e.kosmolat.eu\/lt\/wp-json\/wp\/v2\/product_cat?post=42302"},{"taxonomy":"product_tag","embeddable":true,"href":"https:\/\/e.kosmolat.eu\/lt\/wp-json\/wp\/v2\/product_tag?post=42302"}],"curies":[{"name":"wp","href":"https:\/\/api.w.org\/{rel}","templated":true}]}}