{"id":42274,"date":"2024-01-31T11:32:32","date_gmt":"2024-01-31T11:32:32","guid":{"rendered":"https:\/\/e.kosmolat.eu\/product\/za-sejas-toniks-rozudens-un-mandelu-ella-200-ml\/"},"modified":"2026-04-22T09:12:33","modified_gmt":"2026-04-22T09:12:33","slug":"gp-sejas-toniks-rozudens-un-mandelu-ella-200-ml","status":"publish","type":"product","link":"https:\/\/e.kosmolat.eu\/lt\/produktas\/gp-sejas-toniks-rozudens-un-mandelu-ella-200-ml\/","title":{"rendered":"GREEN PHARMACY Veido tonikas Ro\u017einis vanduo ir migdol\u0173 aliejus, 200 ml"},"content":{"rendered":"<p>Brand\u017eiai odai. Dermatologi\u0161kai patikrintas.<\/p>\n<p>Tonikas augalini\u0173 aliej\u0173 ir ekstrakt\u0173 pagrindu. U\u017ebaigia odos valymo proced\u016br\u0105. Pa\u0161alina ne\u0161varumus ir makia\u017eo liku\u010dius. Ro\u017ei\u0173 vanduo saugo od\u0105 nuo sen\u0117jimo ir palaiko ger\u0105 jos b\u016bkl\u0119.<\/p>\n<p>Naudojimas: U\u017etepkite toniko ant vatos diskelio ir nuvalykite veid\u0105.<\/p>\n<p>Laikyti nuo +5\u00b0C iki +25\u00b0C temperat\u016broje.<\/p>\n","protected":false},"excerpt":{"rendered":"<p>Brand\u017eiai odai. Dermatologi\u0161kai patikrintas. Tonikas augalini\u0173 aliej\u0173 ir ekstrakt\u0173 pagrindu. U\u017ebaigia odos valymo proced\u016br\u0105. Pa\u0161alina ne\u0161varumus ir makia\u017eo liku\u010dius. Ro\u017ei\u0173 vanduo saugo od\u0105 nuo sen\u0117jimo ir palaiko ger\u0105 jos b\u016bkl\u0119. Naudojimas: U\u017etepkite toniko ant vatos diskelio ir nuvalykite veid\u0105. Laikyti nuo +5\u00b0C iki +25\u00b0C temperat\u016broje.<\/p>\n","protected":false},"featured_media":80762,"template":"","meta":[],"product_cat":[2181],"product_tag":[],"class_list":{"0":"post-42274","1":"product","2":"type-product","3":"status-publish","4":"has-post-thumbnail","6":"product_brand-elfa_ua-lt","7":"product_cat-bez-kategorijas-lt","9":"first","10":"instock","11":"taxable","12":"shipping-taxable","13":"product-type-simple"},"_links":{"self":[{"href":"https:\/\/e.kosmolat.eu\/lt\/wp-json\/wp\/v2\/product\/42274","targetHints":{"allow":["GET"]}}],"collection":[{"href":"https:\/\/e.kosmolat.eu\/lt\/wp-json\/wp\/v2\/product"}],"about":[{"href":"https:\/\/e.kosmolat.eu\/lt\/wp-json\/wp\/v2\/types\/product"}],"wp:featuredmedia":[{"embeddable":true,"href":"https:\/\/e.kosmolat.eu\/lt\/wp-json\/wp\/v2\/media\/80762"}],"wp:attachment":[{"href":"https:\/\/e.kosmolat.eu\/lt\/wp-json\/wp\/v2\/media?parent=42274"}],"wp:term":[{"taxonomy":"product_cat","embeddable":true,"href":"https:\/\/e.kosmolat.eu\/lt\/wp-json\/wp\/v2\/product_cat?post=42274"},{"taxonomy":"product_tag","embeddable":true,"href":"https:\/\/e.kosmolat.eu\/lt\/wp-json\/wp\/v2\/product_tag?post=42274"}],"curies":[{"name":"wp","href":"https:\/\/api.w.org\/{rel}","templated":true}]}}