{"id":42266,"date":"2024-01-31T11:32:15","date_gmt":"2024-01-31T11:32:15","guid":{"rendered":"https:\/\/e.kosmolat.eu\/product\/shik-skidras-ziepes-darvas-300-ml\/"},"modified":"2026-04-23T07:41:29","modified_gmt":"2026-04-23T07:41:29","slug":"shik-skidras-ziepes-darvas-300-g","status":"publish","type":"product","link":"https:\/\/e.kosmolat.eu\/lt\/produktas\/shik-skidras-ziepes-darvas-300-g\/","title":{"rendered":"SHIK Skystas muilas Degut\u0173, 300g"},"content":{"rendered":"<p>Muilas su ber\u017e\u0173 degutu veidui ir k\u016bnui rekomenduojamas kaip pagalbin\u0117 priemon\u0117 nuo spuog\u0173, puikiai tinka riebiai odai.. Sausai ir jautriai odai rekomenduojama lygiagre\u010diai naudoti mink&scaron;tinan\u010dias ir dr\u0117kinam\u0105sias priemones.<\/p>\n<p><strong>Naudojimas: <\/strong>ne da\u017eniau kaip 1-2 kartus per dien\u0105. Tepkite ant dr\u0117gnos odos, lengvai \u012fmasa\u017euokite, nuplaukite &scaron;iltu vandeniu.<\/p>\n<p><strong>Atsargumo priemon\u0117s:<\/strong> Tik i&scaron;oriniam naudojimui.<\/p>\n<p>Laikyti nuo +5 &deg;\u0421 iki +25 &deg;\u0421 temperat\u016broje, saugoti nuo tiesiogini\u0173 saul\u0117s spinduli\u0173.<br \/>\n&nbsp;<\/p>\n","protected":false},"excerpt":{"rendered":"<p>Muilas su ber\u017e\u0173 degutu veidui ir k\u016bnui rekomenduojamas kaip pagalbin\u0117 priemon\u0117 nuo spuog\u0173, puikiai tinka riebiai odai.. Sausai ir jautriai odai rekomenduojama lygiagre\u010diai naudoti mink&scaron;tinan\u010dias ir dr\u0117kinam\u0105sias priemones. Naudojimas: ne da\u017eniau kaip 1-2 kartus per dien\u0105. Tepkite ant dr\u0117gnos odos, lengvai \u012fmasa\u017euokite, nuplaukite &scaron;iltu vandeniu. Atsargumo priemon\u0117s: Tik i&scaron;oriniam naudojimui. Laikyti nuo +5 &deg;\u0421 iki [&#8230;]\n","protected":false},"featured_media":80750,"template":"","meta":[],"product_cat":[2181],"product_tag":[],"class_list":{"0":"post-42266","1":"product","2":"type-product","3":"status-publish","4":"has-post-thumbnail","6":"product_brand-slobozanskij-milovar_ua-lt","7":"product_cat-bez-kategorijas-lt","9":"first","10":"instock","11":"taxable","12":"shipping-taxable","13":"product-type-simple"},"_links":{"self":[{"href":"https:\/\/e.kosmolat.eu\/lt\/wp-json\/wp\/v2\/product\/42266","targetHints":{"allow":["GET"]}}],"collection":[{"href":"https:\/\/e.kosmolat.eu\/lt\/wp-json\/wp\/v2\/product"}],"about":[{"href":"https:\/\/e.kosmolat.eu\/lt\/wp-json\/wp\/v2\/types\/product"}],"wp:featuredmedia":[{"embeddable":true,"href":"https:\/\/e.kosmolat.eu\/lt\/wp-json\/wp\/v2\/media\/80750"}],"wp:attachment":[{"href":"https:\/\/e.kosmolat.eu\/lt\/wp-json\/wp\/v2\/media?parent=42266"}],"wp:term":[{"taxonomy":"product_cat","embeddable":true,"href":"https:\/\/e.kosmolat.eu\/lt\/wp-json\/wp\/v2\/product_cat?post=42266"},{"taxonomy":"product_tag","embeddable":true,"href":"https:\/\/e.kosmolat.eu\/lt\/wp-json\/wp\/v2\/product_tag?post=42266"}],"curies":[{"name":"wp","href":"https:\/\/api.w.org\/{rel}","templated":true}]}}