{"id":42262,"date":"2024-01-31T11:32:01","date_gmt":"2024-01-31T11:32:01","guid":{"rendered":"https:\/\/e.kosmolat.eu\/product\/losadinaja-griva-balzams-kondicionieris-350-ml\/"},"modified":"2026-04-10T08:10:38","modified_gmt":"2026-04-10T08:10:38","slug":"losadinaja-griva-balzams-kondicionieris-350-ml","status":"publish","type":"product","link":"https:\/\/e.kosmolat.eu\/lt\/produktas\/losadinaja-griva-balzams-kondicionieris-350-ml\/","title":{"rendered":"Arklio kar\u010diai Stiprinantis plauk\u0173 balzamas &#8211; kondicionierius, 350 ml"},"content":{"rendered":"<p>Tinka vis\u0173 tip\u0173 plaukams. Stiprumas, tankumas ir \u017evilgesys \u012fkv\u0117p\u0117 m\u016bs\u0173 laboratorij\u0105 sukurti nauj\u0105 plauk\u0173 prie\u017ei\u016bros priemon\u0119, kurios pagrindu b\u016bt\u0173 profesionali zoo kosmetikos formul\u0117. Arklio kar\u010diai &#8211; toks ne\u012ftik\u0117tinas tankumas ir stiprumas, akinamas blizgesys, kuris nepalieka abejing\u0173. Pasiekti tokio rezultato gali ir moterys, juk puo\u0161n\u016bs plaukai suteikia gracijos ir originalumo. Pagrind\u0105 sudaro profesionali recept\u016bra, skirta arkliams, ta\u010diau tinka moteri\u0161kiems plaukams. Sud\u0117tyje b\u0117ra silikono ir chemini\u0173 jungini\u0173. Maksimaliai subalansuota sud\u0117tis, prisotinta stiprinan\u010diomis savyb\u0117mis. Plauk\u0173 valymo metu balzamas &#8211; kondicionierius stiprina plauk\u0173 \u0161aknis, suteikia sveikum\u0105 ir elastingum\u0105. Balzamas &#8211; kondicionierius atkuria pa\u017eeist\u0173 plauk\u0173 strukt\u016br\u0105, suteikia tankum\u0105 ir apimt\u012f, sveik\u0105 ir gra\u017ei\u0105 i\u0161vaizd\u0105. Lygina plauk\u0173 strukt\u016br\u0105, suteikia nat\u016bral\u0173 blizges\u012f ir \u0161ilkum\u0105. Balzamas &#8211; kondicionierius dr\u0117kina plaukus, suteikia blizges\u012f. Net rieb\u016bs plaukai 24 valandas i\u0161lieka \u0161var\u016bs. <\/p>\n<p>Naudojimo b\u016bdas:<br \/>\nu\u017etepkite balzamo &#8211; kondicionieriaus ant dr\u0117gn\u0173 plauk\u0173, paskirstykite per vis\u0105 ilg\u012f, po 3 min. nuplaukite vandeniu. <\/p>\n<p>Laikymo s\u0105lygos: nuo +5\u00b0\u0421 iki +25\u00b0\u0421.<\/p>\n","protected":false},"excerpt":{"rendered":"<p>Tinka vis\u0173 tip\u0173 plaukams. Stiprumas, tankumas ir \u017evilgesys \u012fkv\u0117p\u0117 m\u016bs\u0173 laboratorij\u0105 sukurti nauj\u0105 plauk\u0173 prie\u017ei\u016bros priemon\u0119, kurios pagrindu b\u016bt\u0173 profesionali zoo kosmetikos formul\u0117. Arklio kar\u010diai &#8211; toks ne\u012ftik\u0117tinas tankumas ir stiprumas, akinamas blizgesys, kuris nepalieka abejing\u0173. Pasiekti tokio rezultato gali ir moterys, juk puo\u0161n\u016bs plaukai suteikia gracijos ir originalumo. Pagrind\u0105 sudaro profesionali recept\u016bra, skirta arkliams, [&#8230;]\n","protected":false},"featured_media":96574,"template":"","meta":[],"product_cat":[1640],"product_tag":[],"class_list":{"0":"post-42262","1":"product","2":"type-product","3":"status-publish","4":"has-post-thumbnail","6":"product_brand-pharma-group_ua-lt","7":"product_cat-balzamai","9":"first","10":"instock","11":"taxable","12":"shipping-taxable","13":"product-type-simple"},"_links":{"self":[{"href":"https:\/\/e.kosmolat.eu\/lt\/wp-json\/wp\/v2\/product\/42262","targetHints":{"allow":["GET"]}}],"collection":[{"href":"https:\/\/e.kosmolat.eu\/lt\/wp-json\/wp\/v2\/product"}],"about":[{"href":"https:\/\/e.kosmolat.eu\/lt\/wp-json\/wp\/v2\/types\/product"}],"wp:featuredmedia":[{"embeddable":true,"href":"https:\/\/e.kosmolat.eu\/lt\/wp-json\/wp\/v2\/media\/96574"}],"wp:attachment":[{"href":"https:\/\/e.kosmolat.eu\/lt\/wp-json\/wp\/v2\/media?parent=42262"}],"wp:term":[{"taxonomy":"product_cat","embeddable":true,"href":"https:\/\/e.kosmolat.eu\/lt\/wp-json\/wp\/v2\/product_cat?post=42262"},{"taxonomy":"product_tag","embeddable":true,"href":"https:\/\/e.kosmolat.eu\/lt\/wp-json\/wp\/v2\/product_tag?post=42262"}],"curies":[{"name":"wp","href":"https:\/\/api.w.org\/{rel}","templated":true}]}}