{"id":42194,"date":"2024-01-31T11:28:15","date_gmt":"2024-01-31T11:28:15","guid":{"rendered":"https:\/\/e.kosmolat.eu\/product\/i_lv-skropstu-tusa-3d-ekstra-apjoms-sadalisana-ieliekums-10-g\/"},"modified":"2025-09-19T19:21:17","modified_gmt":"2025-09-19T19:21:17","slug":"lv-skropstu-tusa-3d-ekstra-apjoms-sadalisana-ieliekums-10-g","status":"publish","type":"product","link":"https:\/\/e.kosmolat.eu\/lt\/produktas\/lv-skropstu-tusa-3d-ekstra-apjoms-sadalisana-ieliekums-10-g\/","title":{"rendered":"LUXVISAGE 3D  Blakstien\u0173 tu\u0161as  Ekstra apimtis-Atskyrimas-Ui\u017er\u0117timas, 10g"},"content":{"rendered":"<\/p>\n","protected":false},"excerpt":{"rendered":"","protected":false},"featured_media":82742,"template":"","meta":[],"product_cat":[1382],"product_tag":[],"class_list":{"0":"post-42194","1":"product","2":"type-product","3":"status-publish","4":"has-post-thumbnail","6":"product_brand-lux-visage_by-lt","7":"product_cat-tusai","9":"first","10":"outofstock","11":"taxable","12":"shipping-taxable","13":"product-type-simple"},"_links":{"self":[{"href":"https:\/\/e.kosmolat.eu\/lt\/wp-json\/wp\/v2\/product\/42194","targetHints":{"allow":["GET"]}}],"collection":[{"href":"https:\/\/e.kosmolat.eu\/lt\/wp-json\/wp\/v2\/product"}],"about":[{"href":"https:\/\/e.kosmolat.eu\/lt\/wp-json\/wp\/v2\/types\/product"}],"wp:featuredmedia":[{"embeddable":true,"href":"https:\/\/e.kosmolat.eu\/lt\/wp-json\/wp\/v2\/media\/82742"}],"wp:attachment":[{"href":"https:\/\/e.kosmolat.eu\/lt\/wp-json\/wp\/v2\/media?parent=42194"}],"wp:term":[{"taxonomy":"product_cat","embeddable":true,"href":"https:\/\/e.kosmolat.eu\/lt\/wp-json\/wp\/v2\/product_cat?post=42194"},{"taxonomy":"product_tag","embeddable":true,"href":"https:\/\/e.kosmolat.eu\/lt\/wp-json\/wp\/v2\/product_tag?post=42194"}],"curies":[{"name":"wp","href":"https:\/\/api.w.org\/{rel}","templated":true}]}}