{"id":42170,"date":"2024-01-31T11:20:23","date_gmt":"2024-01-31T11:20:23","guid":{"rendered":"https:\/\/e.kosmolat.eu\/product\/lv-tonalais-krems-matejoss-11-tonis-35-g\/"},"modified":"2025-09-19T18:47:47","modified_gmt":"2025-09-19T18:47:47","slug":"lv-tonalais-krems-matejoss-11-tonis-35-g","status":"publish","type":"product","link":"https:\/\/e.kosmolat.eu\/lt\/produktas\/lv-tonalais-krems-matejoss-11-tonis-35-g\/","title":{"rendered":"LUXVISAGE Tonalinis kremas Matinantis, 11 tonas, 35 g"},"content":{"rendered":"<p>Tonuojantis kremas pasi\u017eymi geru maskavimo ir matiniu efektu bei yra stabilus ir patvarus makia\u017eo pagrindas. \u0160velni ir tanki tekst\u016bra i\u0161lygina veido spalv\u0105, tod\u0117l oda tampa lygia ir \u0161velnia. Veidas \u012fgauna gaivi\u0105 ir gerai pri\u017ei\u016brim\u0105 i\u0161vaizd\u0105.<\/p>\n<p>Sud\u0117tyje yra vitamino A. Prie\u0161 naudojant atsi\u017evelgti \u012f paros doz\u0119.<\/p>\n<p>Naudojimas: tepkite tolygiu sluoksniu ant nuvalytos veido ir kaklo odos.<\/p>\n<p>Laikyti nuo +8 \u00b0\u0421 iki +25 \u00b0\u0421 temperat\u016broje sausoje vietoje, toliau nuo \u0161ildymo prietais\u0173, saugoti nuo tiesiogini\u0173 saul\u0117s spinduli\u0173.<\/p>\n<p>D\u0117mesio! spalvos ant gaminio gali \u0161iek tiek skirtis nuo tikrosios gaminio spalvos.<\/p>\n","protected":false},"excerpt":{"rendered":"<p>Tonuojantis kremas pasi\u017eymi geru maskavimo ir matiniu efektu bei yra stabilus ir patvarus makia\u017eo pagrindas. \u0160velni ir tanki tekst\u016bra i\u0161lygina veido spalv\u0105, tod\u0117l oda tampa lygia ir \u0161velnia. Veidas \u012fgauna gaivi\u0105 ir gerai pri\u017ei\u016brim\u0105 i\u0161vaizd\u0105. Sud\u0117tyje yra vitamino A. Prie\u0161 naudojant atsi\u017evelgti \u012f paros doz\u0119. Naudojimas: tepkite tolygiu sluoksniu ant nuvalytos veido ir kaklo odos. [&#8230;]\n","protected":false},"featured_media":82142,"template":"","meta":[],"product_cat":[1291],"product_tag":[],"class_list":{"0":"post-42170","1":"product","2":"type-product","3":"status-publish","4":"has-post-thumbnail","6":"product_brand-lux-visage_by-lt","7":"product_cat-makiazo-pagrindas","9":"first","10":"outofstock","11":"taxable","12":"shipping-taxable","13":"product-type-simple"},"_links":{"self":[{"href":"https:\/\/e.kosmolat.eu\/lt\/wp-json\/wp\/v2\/product\/42170","targetHints":{"allow":["GET"]}}],"collection":[{"href":"https:\/\/e.kosmolat.eu\/lt\/wp-json\/wp\/v2\/product"}],"about":[{"href":"https:\/\/e.kosmolat.eu\/lt\/wp-json\/wp\/v2\/types\/product"}],"wp:featuredmedia":[{"embeddable":true,"href":"https:\/\/e.kosmolat.eu\/lt\/wp-json\/wp\/v2\/media\/82142"}],"wp:attachment":[{"href":"https:\/\/e.kosmolat.eu\/lt\/wp-json\/wp\/v2\/media?parent=42170"}],"wp:term":[{"taxonomy":"product_cat","embeddable":true,"href":"https:\/\/e.kosmolat.eu\/lt\/wp-json\/wp\/v2\/product_cat?post=42170"},{"taxonomy":"product_tag","embeddable":true,"href":"https:\/\/e.kosmolat.eu\/lt\/wp-json\/wp\/v2\/product_tag?post=42170"}],"curies":[{"name":"wp","href":"https:\/\/api.w.org\/{rel}","templated":true}]}}