{"id":42012,"date":"2024-01-31T11:11:23","date_gmt":"2024-01-31T11:11:23","guid":{"rendered":"https:\/\/e.kosmolat.eu\/product\/suprim-sprejs-traipu-likvidetajs-400-ml\/"},"modified":"2025-09-19T18:01:56","modified_gmt":"2025-09-19T18:01:56","slug":"suprim-sprejs-traipu-likvidetajs-400-ml","status":"publish","type":"product","link":"https:\/\/e.kosmolat.eu\/lt\/produktas\/suprim-sprejs-traipu-likvidetajs-400-ml\/","title":{"rendered":"SUPRIM D\u0117mi\u0173 valiklis, 400 ml"},"content":{"rendered":"<p>&Scaron;velniai ir efektyviai pa&scaron;alina d\u0117mes i&scaron; vis\u0173 tip\u0173 audini\u0173. Sukurtas pirminiam apdorojimui ir labai ne&scaron;vari\u0173 daikt\u0173 plovimo efektyvumui padidinti. Tinka vaiki&scaron;kiems gaminiams.<\/p>\n<p><strong>Sud\u0117tis: <\/strong>5 % arba daugiau, bet ma\u017eiau kaip 15 % anijonini\u0173 &nbsp;aktyvi\u0173j\u0173 pavir&scaron;iaus med\u017eiagos, ma\u017eiau kaip 5 % nejonini\u0173 &nbsp;aktyvi\u0173j\u0173 pavir&scaron;iaus med\u017eiagos. Fermentai. Kvapai. Konservavimo med\u017eiaga: Methylchloroisothiazolinone, Methylisothiazolinone.<\/p>\n<p><strong>Naudojimas:<\/strong> tepkite ant d\u0117mi\u0173. Palikite 15 minu\u010di\u0173. Skalbkite kaip \u012fprasta.&nbsp;<br \/>\n&nbsp;<\/p>\n<p><strong><img decoding=\"async\" alt=\"\" src=\"file:\/\/\/C:\/Users\/masha\/Desktop\/GHS07.png\" style=\"height:40px; width:40px\" \/>GHS07 Atsargiai<\/strong><br \/>\n<strong>H318<\/strong> Sukelia smark\u0173 aki\u0173 dirginim\u0105.<br \/>\n<strong>H315<\/strong> Dirgina od\u0105 &nbsp; &nbsp; &nbsp;<br \/>\nP101 Jei reikalinga gydytojo konsultacija, su savimi tur\u0117kite produkto talpykl\u0105 ar jo etiket\u0119.<br \/>\nP102 Laikyti vaikams neprieinamoje vietoje<br \/>\nP103 Prie&scaron; naudojim\u0105 perskaityti etiket\u0119.<br \/>\nP264 Po naudojimo kruop&scaron;\u010diai nuplaukite rankas<br \/>\nP280 M\u016bv\u0117ti apsaugines pir&scaron;tines\/d\u0117v\u0117ti apsauginius drabu\u017eius\/naudoti aki\u0173 (veido) apsaugos priemones.<br \/>\nP305+P351+P338 PATEKUS \u012e AKIS: Kelias minutes atsargiai plauti vandeniu. I&scaron;imti kontaktinius l\u0119&scaron;ius, jeigu jie yra ir jeigu lengvai galima tai padaryti. Toliau plauti akis.<br \/>\nP337+P313 Jei aki\u0173 dirginimas nepraeina: kreiptis \u012f gydytoj\u0105<br \/>\nP302+P352 PATEKUS ANT ODOS: plauti dideliu vandens kiekiu&nbsp;<br \/>\nP332+P313 Jeigu sudirginama oda: kreiptis \u012f gydytoj\u0105.<br \/>\nP321 Specialus gydymas (\u017er. &scaron;ioje etiket\u0117je).<\/p>\n<p><strong>Laikymo s\u0105lygos:<\/strong> laikyti nuo +5 &deg;C iki +25 &deg;C temperat\u016broje, o santykin\u0117 oro dr\u0117gm\u0117 ne didesn\u0117 kaip 95%, nuo tiesiogini\u0173 saul\u0117s spinduli\u0173 apsaugotose patalpose.<\/p>\n<p><strong>Geriausias:&nbsp;<\/strong>36 m\u0117nesiai nuo pagaminimo datos.<br \/>\n&nbsp;<\/p>\n","protected":false},"excerpt":{"rendered":"<p>&Scaron;velniai ir efektyviai pa&scaron;alina d\u0117mes i&scaron; vis\u0173 tip\u0173 audini\u0173. Sukurtas pirminiam apdorojimui ir labai ne&scaron;vari\u0173 daikt\u0173 plovimo efektyvumui padidinti. Tinka vaiki&scaron;kiems gaminiams. Sud\u0117tis: 5 % arba daugiau, bet ma\u017eiau kaip 15 % anijonini\u0173 &nbsp;aktyvi\u0173j\u0173 pavir&scaron;iaus med\u017eiagos, ma\u017eiau kaip 5 % nejonini\u0173 &nbsp;aktyvi\u0173j\u0173 pavir&scaron;iaus med\u017eiagos. Fermentai. Kvapai. Konservavimo med\u017eiaga: Methylchloroisothiazolinone, Methylisothiazolinone. Naudojimas: tepkite ant d\u0117mi\u0173. Palikite [&#8230;]\n","protected":false},"featured_media":81374,"template":"","meta":[],"product_cat":[1534],"product_tag":[],"class_list":{"0":"post-42012","1":"product","2":"type-product","3":"status-publish","4":"has-post-thumbnail","6":"product_brand-sontsa-by-lt","7":"product_cat-priemones-demems","9":"first","10":"outofstock","11":"taxable","12":"shipping-taxable","13":"product-type-simple"},"_links":{"self":[{"href":"https:\/\/e.kosmolat.eu\/lt\/wp-json\/wp\/v2\/product\/42012","targetHints":{"allow":["GET"]}}],"collection":[{"href":"https:\/\/e.kosmolat.eu\/lt\/wp-json\/wp\/v2\/product"}],"about":[{"href":"https:\/\/e.kosmolat.eu\/lt\/wp-json\/wp\/v2\/types\/product"}],"wp:featuredmedia":[{"embeddable":true,"href":"https:\/\/e.kosmolat.eu\/lt\/wp-json\/wp\/v2\/media\/81374"}],"wp:attachment":[{"href":"https:\/\/e.kosmolat.eu\/lt\/wp-json\/wp\/v2\/media?parent=42012"}],"wp:term":[{"taxonomy":"product_cat","embeddable":true,"href":"https:\/\/e.kosmolat.eu\/lt\/wp-json\/wp\/v2\/product_cat?post=42012"},{"taxonomy":"product_tag","embeddable":true,"href":"https:\/\/e.kosmolat.eu\/lt\/wp-json\/wp\/v2\/product_tag?post=42012"}],"curies":[{"name":"wp","href":"https:\/\/api.w.org\/{rel}","templated":true}]}}