{"id":42004,"date":"2024-01-31T11:11:09","date_gmt":"2024-01-31T11:11:09","guid":{"rendered":"https:\/\/e.kosmolat.eu\/product\/dr-s-argan-hair-krems-maska-300-ml-2\/"},"modified":"2025-07-08T13:54:50","modified_gmt":"2025-07-08T13:54:50","slug":"i_dr-s-argan-hair-krems-maska-300-ml","status":"publish","type":"product","link":"https:\/\/e.kosmolat.eu\/lt\/produktas\/i_dr-s-argan-hair-krems-maska-300-ml\/","title":{"rendered":"I_ELFA Dr. Sante Argan kremin\u0117 plauk\u0173 kauk\u0117, 300 ml"},"content":{"rendered":"<p>Intensyvi prie\u017ei\u016bra pa\u017eeistiems plaukams.<\/p>\n<p><strong>Naudojimas: <\/strong>tolygiai paskirstykite pakankam\u0105 kiek\u012f kauk\u0117s ant rank&scaron;luos\u010diu nusausint\u0173 plauk\u0173 nuo &scaron;akn\u0173 iki galiuk\u0173. Palikite 5 minutes, tada kruop&scaron;\u010diai nuplaukite. Naudokite kart\u0105 per savait\u0119.<\/p>\n<p><strong>Atsargumo priemon\u0117s:<\/strong>&nbsp;patekus \u012f akis, praplauti vandeniu. Galimas padid\u0117j\u0119s individualus jautrumas atskiriems komponentams.<\/p>\n<p>Laikyti nuo +5 &deg;C iki +25 &deg;C temperat\u016broje.<\/p>\n","protected":false},"excerpt":{"rendered":"<p>Intensyvi prie\u017ei\u016bra pa\u017eeistiems plaukams. Naudojimas: tolygiai paskirstykite pakankam\u0105 kiek\u012f kauk\u0117s ant rank&scaron;luos\u010diu nusausint\u0173 plauk\u0173 nuo &scaron;akn\u0173 iki galiuk\u0173. Palikite 5 minutes, tada kruop&scaron;\u010diai nuplaukite. Naudokite kart\u0105 per savait\u0119. Atsargumo priemon\u0117s:&nbsp;patekus \u012f akis, praplauti vandeniu. Galimas padid\u0117j\u0119s individualus jautrumas atskiriems komponentams. Laikyti nuo +5 &deg;C iki +25 &deg;C temperat\u016broje.<\/p>\n","protected":false},"featured_media":42006,"template":"","meta":[],"product_cat":[1256],"product_tag":[],"class_list":{"0":"post-42004","1":"product","2":"type-product","3":"status-publish","4":"has-post-thumbnail","6":"product_brand-elfa_ua-lt","7":"product_cat-plauku-kaukes","9":"first","10":"outofstock","11":"taxable","12":"shipping-taxable","13":"product-type-simple"},"_links":{"self":[{"href":"https:\/\/e.kosmolat.eu\/lt\/wp-json\/wp\/v2\/product\/42004","targetHints":{"allow":["GET"]}}],"collection":[{"href":"https:\/\/e.kosmolat.eu\/lt\/wp-json\/wp\/v2\/product"}],"about":[{"href":"https:\/\/e.kosmolat.eu\/lt\/wp-json\/wp\/v2\/types\/product"}],"wp:featuredmedia":[{"embeddable":true,"href":"https:\/\/e.kosmolat.eu\/lt\/wp-json\/wp\/v2\/media\/42006"}],"wp:attachment":[{"href":"https:\/\/e.kosmolat.eu\/lt\/wp-json\/wp\/v2\/media?parent=42004"}],"wp:term":[{"taxonomy":"product_cat","embeddable":true,"href":"https:\/\/e.kosmolat.eu\/lt\/wp-json\/wp\/v2\/product_cat?post=42004"},{"taxonomy":"product_tag","embeddable":true,"href":"https:\/\/e.kosmolat.eu\/lt\/wp-json\/wp\/v2\/product_tag?post=42004"}],"curies":[{"name":"wp","href":"https:\/\/api.w.org\/{rel}","templated":true}]}}