{"id":41984,"date":"2024-01-30T10:10:36","date_gmt":"2024-01-30T10:10:36","guid":{"rendered":"https:\/\/e.kosmolat.eu\/?post_type=product&#038;p=41984"},"modified":"2026-04-21T13:32:19","modified_gmt":"2026-04-21T13:32:19","slug":"favor-lokon-super-permanent-aukst-permanents-ilgvilniem-gruti-veidojamiem-mat-2-x-100-ml","status":"publish","type":"product","link":"https:\/\/e.kosmolat.eu\/lt\/produktas\/favor-lokon-super-permanent-aukst-permanents-ilgvilniem-gruti-veidojamiem-mat-2-x-100-ml\/","title":{"rendered":"FAVOR Lokon Super Permanent Priemon\u0117 \u0161altam ilgalaikiiam cheminiam su\u0161ukavimui garbanojimui nepaklus"},"content":{"rendered":"<p><strong>Pakuot\u0117je yra:<\/strong><\/p>\n<ul>\n<li>Priemon\u0117 &scaron;altam cheminiam garbanojimui FAVOR Lokon Super Permanent (100 ml)<\/li>\n<li>Fiksa\u017eas Permanet FAVOR 3% (100 ml)<\/li>\n<li>Pir&scaron;tin\u0117s<\/li>\n<li>Kepur\u0117l\u0117<\/li>\n<li>Kempin\u0117<\/li>\n<li>Instrukcija<\/li>\n<\/ul>\n<p>Tai klasikinio po\u017ei\u016brio \u012f plauk\u0173 garbanojim\u0105 ir &scaron;iuolaikini\u0173 kosmetikos technologij\u0173 derinys. Lengva naudoti, tinka naudoti namuose ir kirpyklose. D\u0117l formul\u0117s su apyni\u0173 spurg\u0173 ekstraktu u\u017etikrina nepriekai&scaron;ting\u0105 garbanojimo kokyb\u0119 ir &scaron;velniausi\u0105 poveik\u012f plaukams. D\u0117l specialiai atrinkt\u0173 ingredient\u0173 plaukai tampa nat\u016braliai garbanoti ir pilni apimties. Lengva pasiekti &bdquo;lengv\u0173 bang\u0173&ldquo; ar t\u016brini\u0173 garban\u0173 efekt\u0105.<\/p>\n<p><strong>\u012esp\u0117jimas:<\/strong> prie&scaron; naudodami gamin\u012f atid\u017eiai perskaitykite instrukcijas. Likus 24 valandoms iki produkto naudojimo, atlikite odos jautrumo test\u0105 (\u017er. instrukcijas). Saugokit\u0117s, kad produktas nepatekt\u0173 \u012f akis. Patekus \u012f akis, nedelsiant gausiai praplauti vandeniu ir, jei reikia, kreiptis \u012f gydytoj\u0105. Naudokite pir&scaron;tines. Produkt\u0105 laikykite v\u0117sioje, vaikams nepasiekiamoje vietoje. Sud\u0117tyje yra etanolamino tioglikolato, vandenilio peroksido. Galimas individualus jautrumas produkto sudedamosioms dalims.<\/p>\n<p><strong>Geriausias:<\/strong> 24 m\u0117nesiai nuo pagaminimo datos.<\/p>\n<p><strong>Laikymo s\u0105lygos:<\/strong> laikyti nuo +5&deg;C iki +25&deg;C temperat\u016broje, saugoti nuo tiesiogini\u0173 saul\u0117s spinduli\u0173. Draud\u017eiama produktus laikyti ma\u017eesniu kaip 0,5 m atstumu nuo \u012fjungt\u0173 &scaron;ildymo prietais\u0173.<\/p>\n<p>Tu&scaron;\u010dias pakuotes i&scaron;meskite kaip buitines atliekas.<br \/>\n&nbsp;<\/p>\n","protected":false},"excerpt":{"rendered":"<p>Pakuot\u0117je yra: Priemon\u0117 &scaron;altam cheminiam garbanojimui FAVOR Lokon Super Permanent (100 ml) Fiksa\u017eas Permanet FAVOR 3% (100 ml) Pir&scaron;tin\u0117s Kepur\u0117l\u0117 Kempin\u0117 Instrukcija Tai klasikinio po\u017ei\u016brio \u012f plauk\u0173 garbanojim\u0105 ir &scaron;iuolaikini\u0173 kosmetikos technologij\u0173 derinys. Lengva naudoti, tinka naudoti namuose ir kirpyklose. D\u0117l formul\u0117s su apyni\u0173 spurg\u0173 ekstraktu u\u017etikrina nepriekai&scaron;ting\u0105 garbanojimo kokyb\u0119 ir &scaron;velniausi\u0105 poveik\u012f plaukams. D\u0117l [&#8230;]\n","protected":false},"featured_media":90390,"template":"","meta":[],"product_cat":[1345],"product_tag":[],"class_list":{"0":"post-41984","1":"product","2":"type-product","3":"status-publish","4":"has-post-thumbnail","6":"product_brand-supermash_ua-lt","7":"product_cat-kitos-plauku-prieziuros-priemones","9":"first","10":"instock","11":"taxable","12":"shipping-taxable","13":"product-type-simple"},"_links":{"self":[{"href":"https:\/\/e.kosmolat.eu\/lt\/wp-json\/wp\/v2\/product\/41984","targetHints":{"allow":["GET"]}}],"collection":[{"href":"https:\/\/e.kosmolat.eu\/lt\/wp-json\/wp\/v2\/product"}],"about":[{"href":"https:\/\/e.kosmolat.eu\/lt\/wp-json\/wp\/v2\/types\/product"}],"wp:featuredmedia":[{"embeddable":true,"href":"https:\/\/e.kosmolat.eu\/lt\/wp-json\/wp\/v2\/media\/90390"}],"wp:attachment":[{"href":"https:\/\/e.kosmolat.eu\/lt\/wp-json\/wp\/v2\/media?parent=41984"}],"wp:term":[{"taxonomy":"product_cat","embeddable":true,"href":"https:\/\/e.kosmolat.eu\/lt\/wp-json\/wp\/v2\/product_cat?post=41984"},{"taxonomy":"product_tag","embeddable":true,"href":"https:\/\/e.kosmolat.eu\/lt\/wp-json\/wp\/v2\/product_tag?post=41984"}],"curies":[{"name":"wp","href":"https:\/\/api.w.org\/{rel}","templated":true}]}}