{"id":41950,"date":"2024-01-18T08:20:42","date_gmt":"2024-01-18T08:20:42","guid":{"rendered":"https:\/\/e.kosmolat.eu\/?post_type=product&#038;p=41950"},"modified":"2026-04-01T07:52:01","modified_gmt":"2026-04-01T07:52:01","slug":"sage-sea-smarzas-sievietem-50-ml","status":"publish","type":"product","link":"https:\/\/e.kosmolat.eu\/lt\/produktas\/sage-sea-smarzas-sievietem-50-ml\/","title":{"rendered":"FLAVIO NERI Sage &#038; Sea Moteri\u0161ki kvepalai, 50 ml"},"content":{"rendered":"<p><strong>Kvap\u0173 &scaron;eima:<\/strong> aromatingas vandens<\/p>\n<p><strong>Vir&scaron;utin\u0117s natos: <\/strong>greipfrutas, &scaron;alavijas.<br \/>\n<strong>&Scaron;irdies natos:<\/strong> j\u016bros druska, ambratas.<br \/>\n<strong>Pagrindin\u0117s natos:<\/strong> ambra, medienos akordas.<\/p>\n<p>Etilo alkoholio t\u016brin\u0117 dalis 80 t\u016brio proc.<\/p>\n<p>Laikyti nuo +5 &deg;\u0421 iki +25 &deg;\u0421 temperat\u016broje sausoje vietoje, toliau nuo &scaron;ildymo prietais\u0173, saugoti nuo tiesiogini\u0173 saul\u0117s spinduli\u0173.<br \/>\n&nbsp;<\/p>\n","protected":false},"excerpt":{"rendered":"<p>Kvap\u0173 &scaron;eima: aromatingas vandens Vir&scaron;utin\u0117s natos: greipfrutas, &scaron;alavijas. &Scaron;irdies natos: j\u016bros druska, ambratas. Pagrindin\u0117s natos: ambra, medienos akordas. Etilo alkoholio t\u016brin\u0117 dalis 80 t\u016brio proc. Laikyti nuo +5 &deg;\u0421 iki +25 &deg;\u0421 temperat\u016broje sausoje vietoje, toliau nuo &scaron;ildymo prietais\u0173, saugoti nuo tiesiogini\u0173 saul\u0117s spinduli\u0173. &nbsp;<\/p>\n","protected":false},"featured_media":90506,"template":"","meta":[],"product_cat":[1447],"product_tag":[],"class_list":{"0":"post-41950","1":"product","2":"type-product","3":"status-publish","4":"has-post-thumbnail","6":"product_brand-parfum-by-lt","7":"product_cat-kvepalai-ir-tualetinis-vanduo-moterims","9":"first","10":"instock","11":"taxable","12":"shipping-taxable","13":"product-type-simple"},"_links":{"self":[{"href":"https:\/\/e.kosmolat.eu\/lt\/wp-json\/wp\/v2\/product\/41950","targetHints":{"allow":["GET"]}}],"collection":[{"href":"https:\/\/e.kosmolat.eu\/lt\/wp-json\/wp\/v2\/product"}],"about":[{"href":"https:\/\/e.kosmolat.eu\/lt\/wp-json\/wp\/v2\/types\/product"}],"wp:featuredmedia":[{"embeddable":true,"href":"https:\/\/e.kosmolat.eu\/lt\/wp-json\/wp\/v2\/media\/90506"}],"wp:attachment":[{"href":"https:\/\/e.kosmolat.eu\/lt\/wp-json\/wp\/v2\/media?parent=41950"}],"wp:term":[{"taxonomy":"product_cat","embeddable":true,"href":"https:\/\/e.kosmolat.eu\/lt\/wp-json\/wp\/v2\/product_cat?post=41950"},{"taxonomy":"product_tag","embeddable":true,"href":"https:\/\/e.kosmolat.eu\/lt\/wp-json\/wp\/v2\/product_tag?post=41950"}],"curies":[{"name":"wp","href":"https:\/\/api.w.org\/{rel}","templated":true}]}}