{"id":41945,"date":"2024-01-18T07:20:33","date_gmt":"2024-01-18T07:20:33","guid":{"rendered":"https:\/\/e.kosmolat.eu\/?post_type=product&#038;p=41945"},"modified":"2025-09-20T03:00:09","modified_gmt":"2025-09-20T03:00:09","slug":"almond-cherry-smarzas-sievietem-50-ml","status":"publish","type":"product","link":"https:\/\/e.kosmolat.eu\/lt\/produktas\/almond-cherry-smarzas-sievietem-50-ml\/","title":{"rendered":"Almond &#038; Cherry Smar\u017eas sieviet\u0113m, 50 ml"},"content":{"rendered":"<p><strong>Smar\u017eu \u0123imene: <\/strong>Austrumu.<\/p>\n<p><strong>Galven\u0101s notis: <\/strong>mandeles, melnais \u0137irsis, \u0137ir&scaron;u li\u0137ieris.<br \/>\n<strong>Sirds notis:<\/strong> \u0137irsis, pl\u016bme, sambaka jasm\u012bns, roze.<br \/>\n<strong>B\u0101zes notis:<\/strong> tonkas pupi\u0146as, vani\u013ca, Peru balzams, pa\u010d\u016blija, kan\u0113lis, sandalkoks, benzo\u012bns, vetiv\u0113rs.&nbsp;<\/p>\n<p>Etilspirta tilpuma da\u013ca 80% tilp.<\/p>\n<p>Uzglab\u0101t temperat\u016br\u0101 no +5&deg;C l\u012bdz +25&deg;C, prom no apkures ier\u012bc\u0113m, sarg\u0101jot no tie&scaron;iem saules stariem.Tikai \u0101r\u012bgai lieto&scaron;anai. Izvair\u012bties no iek\u013c\u016b&scaron;anas ac\u012bs. Neizsmidzin\u0101t atv\u0113rtu liesmu tuvum\u0101. Lieto&scaron;ana p\u0101rtikas nol\u016bkos ir b\u012bstama dz\u012bv\u012bbai un vesel\u012bbai.<br \/>\n&nbsp;<\/p>\n","protected":false},"excerpt":{"rendered":"<p>Smar\u017eu \u0123imene: Austrumu. Galven\u0101s notis: mandeles, melnais \u0137irsis, \u0137ir&scaron;u li\u0137ieris. Sirds notis: \u0137irsis, pl\u016bme, sambaka jasm\u012bns, roze. B\u0101zes notis: tonkas pupi\u0146as, vani\u013ca, Peru balzams, pa\u010d\u016blija, kan\u0113lis, sandalkoks, benzo\u012bns, vetiv\u0113rs.&nbsp; Etilspirta tilpuma da\u013ca 80% tilp. Uzglab\u0101t temperat\u016br\u0101 no +5&deg;C l\u012bdz +25&deg;C, prom no apkures ier\u012bc\u0113m, sarg\u0101jot no tie&scaron;iem saules stariem.Tikai \u0101r\u012bgai lieto&scaron;anai. Izvair\u012bties no iek\u013c\u016b&scaron;anas ac\u012bs. [&#8230;]\n","protected":false},"featured_media":90502,"template":"","meta":[],"product_cat":[1447],"product_tag":[],"class_list":{"0":"post-41945","1":"product","2":"type-product","3":"status-publish","4":"has-post-thumbnail","6":"product_brand-parfum-by-lt","7":"product_cat-kvepalai-ir-tualetinis-vanduo-moterims","9":"first","10":"outofstock","11":"taxable","12":"shipping-taxable","13":"product-type-simple"},"_links":{"self":[{"href":"https:\/\/e.kosmolat.eu\/lt\/wp-json\/wp\/v2\/product\/41945","targetHints":{"allow":["GET"]}}],"collection":[{"href":"https:\/\/e.kosmolat.eu\/lt\/wp-json\/wp\/v2\/product"}],"about":[{"href":"https:\/\/e.kosmolat.eu\/lt\/wp-json\/wp\/v2\/types\/product"}],"wp:featuredmedia":[{"embeddable":true,"href":"https:\/\/e.kosmolat.eu\/lt\/wp-json\/wp\/v2\/media\/90502"}],"wp:attachment":[{"href":"https:\/\/e.kosmolat.eu\/lt\/wp-json\/wp\/v2\/media?parent=41945"}],"wp:term":[{"taxonomy":"product_cat","embeddable":true,"href":"https:\/\/e.kosmolat.eu\/lt\/wp-json\/wp\/v2\/product_cat?post=41945"},{"taxonomy":"product_tag","embeddable":true,"href":"https:\/\/e.kosmolat.eu\/lt\/wp-json\/wp\/v2\/product_tag?post=41945"}],"curies":[{"name":"wp","href":"https:\/\/api.w.org\/{rel}","templated":true}]}}