{"id":41941,"date":"2024-01-18T07:06:33","date_gmt":"2024-01-18T07:06:33","guid":{"rendered":"https:\/\/e.kosmolat.eu\/?post_type=product&#038;p=41941"},"modified":"2026-04-18T06:32:05","modified_gmt":"2026-04-18T06:32:05","slug":"angel-essence-smarzas-sievietem-50-ml","status":"publish","type":"product","link":"https:\/\/e.kosmolat.eu\/lt\/produktas\/angel-essence-smarzas-sievietem-50-ml\/","title":{"rendered":"FLAVIO NERI Almond &#038; Cherry Kvepalai moterims, 50 ml"},"content":{"rendered":"<p><strong>Kvap\u0173 &scaron;eima: <\/strong>rytieti&scaron;kas gurmani&scaron;kas.<\/p>\n<p><strong>Vir&scaron;utin\u0117s natos: <\/strong>migdolai, juodosios vy&scaron;nios, vy&scaron;ni\u0173 likeris.<br \/>\n<strong>&Scaron;irdies natos:<\/strong> vy&scaron;nia, slyva, jazminas sambakas, ro\u017e\u0117.<br \/>\n<strong>Pagrindin\u0117s natos: <\/strong>tonka pupel\u0117s, vanil\u0117, Peru balzamas, pa\u010diuliai, cinamonas, sandalmedis, benzoinas, vetiverijos.<\/p>\n<p>Etilo alkoholio t\u016brin\u0117 dalis 80 t\u016brio proc.<\/p>\n<p>Laikyti nuo +5 &deg;\u0421 iki +25 &deg;\u0421 temperat\u016broje sausoje vietoje, toliau nuo &scaron;ildymo prietais\u0173, saugoti nuo tiesiogini\u0173 saul\u0117s spinduli\u0173.<br \/>\n&nbsp;<\/p>\n","protected":false},"excerpt":{"rendered":"<p>Kvap\u0173 &scaron;eima: rytieti&scaron;kas gurmani&scaron;kas. Vir&scaron;utin\u0117s natos: migdolai, juodosios vy&scaron;nios, vy&scaron;ni\u0173 likeris. &Scaron;irdies natos: vy&scaron;nia, slyva, jazminas sambakas, ro\u017e\u0117. Pagrindin\u0117s natos: tonka pupel\u0117s, vanil\u0117, Peru balzamas, pa\u010diuliai, cinamonas, sandalmedis, benzoinas, vetiverijos. Etilo alkoholio t\u016brin\u0117 dalis 80 t\u016brio proc. Laikyti nuo +5 &deg;\u0421 iki +25 &deg;\u0421 temperat\u016broje sausoje vietoje, toliau nuo &scaron;ildymo prietais\u0173, saugoti nuo tiesiogini\u0173 saul\u0117s [&#8230;]\n","protected":false},"featured_media":90498,"template":"","meta":[],"product_cat":[1447],"product_tag":[],"class_list":{"0":"post-41941","1":"product","2":"type-product","3":"status-publish","4":"has-post-thumbnail","6":"product_brand-parfum-by-lt","7":"product_cat-kvepalai-ir-tualetinis-vanduo-moterims","9":"first","10":"outofstock","11":"taxable","12":"shipping-taxable","13":"product-type-simple"},"_links":{"self":[{"href":"https:\/\/e.kosmolat.eu\/lt\/wp-json\/wp\/v2\/product\/41941","targetHints":{"allow":["GET"]}}],"collection":[{"href":"https:\/\/e.kosmolat.eu\/lt\/wp-json\/wp\/v2\/product"}],"about":[{"href":"https:\/\/e.kosmolat.eu\/lt\/wp-json\/wp\/v2\/types\/product"}],"wp:featuredmedia":[{"embeddable":true,"href":"https:\/\/e.kosmolat.eu\/lt\/wp-json\/wp\/v2\/media\/90498"}],"wp:attachment":[{"href":"https:\/\/e.kosmolat.eu\/lt\/wp-json\/wp\/v2\/media?parent=41941"}],"wp:term":[{"taxonomy":"product_cat","embeddable":true,"href":"https:\/\/e.kosmolat.eu\/lt\/wp-json\/wp\/v2\/product_cat?post=41941"},{"taxonomy":"product_tag","embeddable":true,"href":"https:\/\/e.kosmolat.eu\/lt\/wp-json\/wp\/v2\/product_tag?post=41941"}],"curies":[{"name":"wp","href":"https:\/\/api.w.org\/{rel}","templated":true}]}}