{"id":41727,"date":"2023-12-23T03:26:56","date_gmt":"2023-12-23T03:26:56","guid":{"rendered":"https:\/\/e.kosmolat.eu\/product\/bd-tonalais-krems-magic-cream-tonis-22\/"},"modified":"2025-09-20T00:21:09","modified_gmt":"2025-09-20T00:21:09","slug":"bd-tonalais-krems-magic-cream-tonis-22","status":"publish","type":"product","link":"https:\/\/e.kosmolat.eu\/lt\/produktas\/bd-tonalais-krems-magic-cream-tonis-22\/","title":{"rendered":"BELOR DESIGN Intellect Tonuojantis kremas, tonas 22, dark elixir"},"content":{"rendered":"<p>Patekus ant odos, suaktyv\u0117ja kremo &nbsp;pigmentai, paver\u010diantys krem\u0105 pagrindu. Ilgai i&scaron;liekantis matinis pavir&scaron;ius, tankus dengimas, didelis prisitaikymas.<\/p>\n<p>Laikyti nuo +5 &deg;\u0421 iki +25 &deg;\u0421 temperat\u016broje, toliau nuo &scaron;ildymo prietais\u0173, saugoti nuo tiesiogini\u0173 saul\u0117s spinduli\u0173.<br \/>\n&nbsp;<\/p>\n","protected":false},"excerpt":{"rendered":"<p>Patekus ant odos, suaktyv\u0117ja kremo &nbsp;pigmentai, paver\u010diantys krem\u0105 pagrindu. Ilgai i&scaron;liekantis matinis pavir&scaron;ius, tankus dengimas, didelis prisitaikymas. Laikyti nuo +5 &deg;\u0421 iki +25 &deg;\u0421 temperat\u016broje, toliau nuo &scaron;ildymo prietais\u0173, saugoti nuo tiesiogini\u0173 saul\u0117s spinduli\u0173. &nbsp;<\/p>\n","protected":false},"featured_media":87902,"template":"","meta":[],"product_cat":[1291],"product_tag":[],"class_list":{"0":"post-41727","1":"product","2":"type-product","3":"status-publish","4":"has-post-thumbnail","6":"product_brand-belordizain_by-lt","7":"product_cat-makiazo-pagrindas","9":"first","10":"outofstock","11":"taxable","12":"shipping-taxable","13":"product-type-simple"},"_links":{"self":[{"href":"https:\/\/e.kosmolat.eu\/lt\/wp-json\/wp\/v2\/product\/41727","targetHints":{"allow":["GET"]}}],"collection":[{"href":"https:\/\/e.kosmolat.eu\/lt\/wp-json\/wp\/v2\/product"}],"about":[{"href":"https:\/\/e.kosmolat.eu\/lt\/wp-json\/wp\/v2\/types\/product"}],"wp:featuredmedia":[{"embeddable":true,"href":"https:\/\/e.kosmolat.eu\/lt\/wp-json\/wp\/v2\/media\/87902"}],"wp:attachment":[{"href":"https:\/\/e.kosmolat.eu\/lt\/wp-json\/wp\/v2\/media?parent=41727"}],"wp:term":[{"taxonomy":"product_cat","embeddable":true,"href":"https:\/\/e.kosmolat.eu\/lt\/wp-json\/wp\/v2\/product_cat?post=41727"},{"taxonomy":"product_tag","embeddable":true,"href":"https:\/\/e.kosmolat.eu\/lt\/wp-json\/wp\/v2\/product_tag?post=41727"}],"curies":[{"name":"wp","href":"https:\/\/api.w.org\/{rel}","templated":true}]}}