{"id":41715,"date":"2023-12-23T03:25:29","date_gmt":"2023-12-23T03:25:29","guid":{"rendered":"https:\/\/e.kosmolat.eu\/product\/avenelle-pienins-kosmetikas-nonemsanai-90-g\/"},"modified":"2025-09-20T00:20:12","modified_gmt":"2025-09-20T00:20:12","slug":"avenelle-pienins-kosmetikas-nonemsanai-90-g","status":"publish","type":"product","link":"https:\/\/e.kosmolat.eu\/lt\/produktas\/avenelle-pienins-kosmetikas-nonemsanai-90-g\/","title":{"rendered":"AVENELLE Pienelis makia\u017eui valyti, 90 g"},"content":{"rendered":"<p>Veiksminga priemon\u0117 tolygiai &scaron;velniam makia\u017eo pa&scaron;alinimui.&nbsp;Vazelino kosmetinis aliejus, ne\u012fsigeriantis \u012f od\u0105, gerai susimai&scaron;o su aliejais, riebalais, pavir&scaron;iaus ne&scaron;varumais ir efektyviai juos pa&scaron;alina. Apsaugo od\u0105 nuo dr\u0117gm\u0117s praradimo valymo metu. Glicerinas dr\u0117kina od\u0105, stiprina ir atkuria hidrolipidin\u012f sluoksn\u012f. Avi\u017e\u0173 ekstrakte yra aminor\u016bg&scaron;\u010di\u0173, vitamin\u0173 \u0410, \u04121, \u04122, \u0420\u0420, K, E, mineralini\u0173 med\u017eiag\u0173. Tonizuoja, regeneruoja, i&scaron;lygina odos tekst\u016br\u0105.<\/p>\n<p><strong>Naudojimas: <\/strong>Tolygiai paskirstykite priemon\u0119 ant odos &ndash; &scaron;velniai pa&scaron;alinkite makia\u017e\u0105 &ndash; nuplaukite produkt\u0105 tekan\u010diu vandeniu arba toniku.<\/p>\n<p>Laikyti nuo +5 &deg;C iki +25 &deg;C temperat\u016broje.<\/p>\n<p><strong>Geriausias: <\/strong>36 m\u0117nesiai nuo pagaminimo datos.<br \/>\n&nbsp;<\/p>\n","protected":false},"excerpt":{"rendered":"<p>Veiksminga priemon\u0117 tolygiai &scaron;velniam makia\u017eo pa&scaron;alinimui.&nbsp;Vazelino kosmetinis aliejus, ne\u012fsigeriantis \u012f od\u0105, gerai susimai&scaron;o su aliejais, riebalais, pavir&scaron;iaus ne&scaron;varumais ir efektyviai juos pa&scaron;alina. Apsaugo od\u0105 nuo dr\u0117gm\u0117s praradimo valymo metu. Glicerinas dr\u0117kina od\u0105, stiprina ir atkuria hidrolipidin\u012f sluoksn\u012f. Avi\u017e\u0173 ekstrakte yra aminor\u016bg&scaron;\u010di\u0173, vitamin\u0173 \u0410, \u04121, \u04122, \u0420\u0420, K, E, mineralini\u0173 med\u017eiag\u0173. Tonizuoja, regeneruoja, i&scaron;lygina odos tekst\u016br\u0105. [&#8230;]\n","protected":false},"featured_media":87886,"template":"","meta":[],"product_cat":[1574],"product_tag":[],"class_list":{"0":"post-41715","1":"product","2":"type-product","3":"status-publish","4":"has-post-thumbnail","6":"product_brand-belkosmex_by-lt","7":"product_cat-pieneliai-ir-aliejai","9":"first","10":"outofstock","11":"taxable","12":"shipping-taxable","13":"product-type-simple"},"_links":{"self":[{"href":"https:\/\/e.kosmolat.eu\/lt\/wp-json\/wp\/v2\/product\/41715","targetHints":{"allow":["GET"]}}],"collection":[{"href":"https:\/\/e.kosmolat.eu\/lt\/wp-json\/wp\/v2\/product"}],"about":[{"href":"https:\/\/e.kosmolat.eu\/lt\/wp-json\/wp\/v2\/types\/product"}],"wp:featuredmedia":[{"embeddable":true,"href":"https:\/\/e.kosmolat.eu\/lt\/wp-json\/wp\/v2\/media\/87886"}],"wp:attachment":[{"href":"https:\/\/e.kosmolat.eu\/lt\/wp-json\/wp\/v2\/media?parent=41715"}],"wp:term":[{"taxonomy":"product_cat","embeddable":true,"href":"https:\/\/e.kosmolat.eu\/lt\/wp-json\/wp\/v2\/product_cat?post=41715"},{"taxonomy":"product_tag","embeddable":true,"href":"https:\/\/e.kosmolat.eu\/lt\/wp-json\/wp\/v2\/product_tag?post=41715"}],"curies":[{"name":"wp","href":"https:\/\/api.w.org\/{rel}","templated":true}]}}