{"id":41679,"date":"2023-12-23T03:22:09","date_gmt":"2023-12-23T03:22:09","guid":{"rendered":"https:\/\/e.kosmolat.eu\/product\/lv-izgaismotajs-moonlight-02-tonis\/"},"modified":"2025-09-20T00:17:34","modified_gmt":"2025-09-20T00:17:34","slug":"lv-izgaismotajs-moonlight-02-tonis","status":"publish","type":"product","link":"https:\/\/e.kosmolat.eu\/lt\/produktas\/lv-izgaismotajs-moonlight-02-tonis\/","title":{"rendered":"LUXVISAGE Hailaiteris Moonlight, tonas 02"},"content":{"rendered":"<p><strong>Naudojimas: <\/strong>&scaron;epet\u0117liu u\u017etepkite priemon\u0119 ant pasirinkt\u0173 &nbsp;veido viet\u0173.<\/p>\n<p>Laikyti nuo 0 &ordm;C iki +25 &ordm;C sausoje vietoje, apsaugotoje nuo tiesiogini\u0173 saul\u0117s spinduli\u0173.<br \/>\n&nbsp;<\/p>\n","protected":false},"excerpt":{"rendered":"<p>Naudojimas: &scaron;epet\u0117liu u\u017etepkite priemon\u0119 ant pasirinkt\u0173 &nbsp;veido viet\u0173. Laikyti nuo 0 &ordm;C iki +25 &ordm;C sausoje vietoje, apsaugotoje nuo tiesiogini\u0173 saul\u0117s spinduli\u0173. &nbsp;<\/p>\n","protected":false},"featured_media":87842,"template":"","meta":[],"product_cat":[1490],"product_tag":[],"class_list":{"0":"post-41679","1":"product","2":"type-product","3":"status-publish","4":"has-post-thumbnail","6":"product_brand-lux-visage_by-lt","7":"product_cat-korektoriai","9":"first","10":"outofstock","11":"taxable","12":"shipping-taxable","13":"product-type-simple"},"_links":{"self":[{"href":"https:\/\/e.kosmolat.eu\/lt\/wp-json\/wp\/v2\/product\/41679","targetHints":{"allow":["GET"]}}],"collection":[{"href":"https:\/\/e.kosmolat.eu\/lt\/wp-json\/wp\/v2\/product"}],"about":[{"href":"https:\/\/e.kosmolat.eu\/lt\/wp-json\/wp\/v2\/types\/product"}],"wp:featuredmedia":[{"embeddable":true,"href":"https:\/\/e.kosmolat.eu\/lt\/wp-json\/wp\/v2\/media\/87842"}],"wp:attachment":[{"href":"https:\/\/e.kosmolat.eu\/lt\/wp-json\/wp\/v2\/media?parent=41679"}],"wp:term":[{"taxonomy":"product_cat","embeddable":true,"href":"https:\/\/e.kosmolat.eu\/lt\/wp-json\/wp\/v2\/product_cat?post=41679"},{"taxonomy":"product_tag","embeddable":true,"href":"https:\/\/e.kosmolat.eu\/lt\/wp-json\/wp\/v2\/product_tag?post=41679"}],"curies":[{"name":"wp","href":"https:\/\/api.w.org\/{rel}","templated":true}]}}