{"id":41643,"date":"2023-12-23T03:19:11","date_gmt":"2023-12-23T03:19:11","guid":{"rendered":"https:\/\/e.kosmolat.eu\/product\/lv-nagu-laka-gel-shine-103-tonis\/"},"modified":"2025-09-20T00:14:55","modified_gmt":"2025-09-20T00:14:55","slug":"lv-nagu-laka-gel-shine-103-tonis","status":"publish","type":"product","link":"https:\/\/e.kosmolat.eu\/lt\/produktas\/lv-nagu-laka-gel-shine-103-tonis\/","title":{"rendered":"LUXVISAGE Nag\u0173 lakas Gel Shine, 103 tonas, 9 g"},"content":{"rendered":"<p><strong>Naudojimas: <\/strong>Suplakite buteliuk\u0105. Teptuku u\u017etepkite nagus 1-2 sluoksniais. Palaukite, kol i&scaron;d\u017eius.<\/p>\n<p>Laikyti nuo +5 &ordm;C iki +25 &ordm;C sausoje, gerai v\u0117dinamoje vietoje, apsaugotoje nuo tiesiogini\u0173 saul\u0117s spinduli\u0173.<br \/>\n&nbsp;<\/p>\n","protected":false},"excerpt":{"rendered":"<p>Naudojimas: Suplakite buteliuk\u0105. Teptuku u\u017etepkite nagus 1-2 sluoksniais. Palaukite, kol i&scaron;d\u017eius. Laikyti nuo +5 &ordm;C iki +25 &ordm;C sausoje, gerai v\u0117dinamoje vietoje, apsaugotoje nuo tiesiogini\u0173 saul\u0117s spinduli\u0173. &nbsp;<\/p>\n","protected":false},"featured_media":87806,"template":"","meta":[],"product_cat":[1517],"product_tag":[],"class_list":{"0":"post-41643","1":"product","2":"type-product","3":"status-publish","4":"has-post-thumbnail","6":"product_brand-lux-visage_by-lt","7":"product_cat-nagu-lakai","9":"first","10":"outofstock","11":"taxable","12":"shipping-taxable","13":"product-type-simple"},"_links":{"self":[{"href":"https:\/\/e.kosmolat.eu\/lt\/wp-json\/wp\/v2\/product\/41643","targetHints":{"allow":["GET"]}}],"collection":[{"href":"https:\/\/e.kosmolat.eu\/lt\/wp-json\/wp\/v2\/product"}],"about":[{"href":"https:\/\/e.kosmolat.eu\/lt\/wp-json\/wp\/v2\/types\/product"}],"wp:featuredmedia":[{"embeddable":true,"href":"https:\/\/e.kosmolat.eu\/lt\/wp-json\/wp\/v2\/media\/87806"}],"wp:attachment":[{"href":"https:\/\/e.kosmolat.eu\/lt\/wp-json\/wp\/v2\/media?parent=41643"}],"wp:term":[{"taxonomy":"product_cat","embeddable":true,"href":"https:\/\/e.kosmolat.eu\/lt\/wp-json\/wp\/v2\/product_cat?post=41643"},{"taxonomy":"product_tag","embeddable":true,"href":"https:\/\/e.kosmolat.eu\/lt\/wp-json\/wp\/v2\/product_tag?post=41643"}],"curies":[{"name":"wp","href":"https:\/\/api.w.org\/{rel}","templated":true}]}}