{"id":41631,"date":"2023-12-23T03:18:04","date_gmt":"2023-12-23T03:18:04","guid":{"rendered":"https:\/\/e.kosmolat.eu\/product\/shik-tualetes-ziepes-pirtij-180-g\/"},"modified":"2026-04-21T12:09:15","modified_gmt":"2026-04-21T12:09:15","slug":"shik-tualetes-ziepes-pirtij-180-g","status":"publish","type":"product","link":"https:\/\/e.kosmolat.eu\/lt\/produktas\/shik-tualetes-ziepes-pirtij-180-g\/","title":{"rendered":"SHIK Tualetinis muilas Pir\u010diai ir hamamui, 180 g"},"content":{"rendered":"<p>Nat\u016bralus vonios muilas puikiai i&scaron;valo od\u0105 nuo ne&scaron;varum\u0173. Sukuria sodrias, &scaron;velnias putas, kurios &scaron;velniai ir kruop&scaron;\u010diai nuvalo, lengvai nuplaunamos, nepalikdamos ant odos slid\u017eios pl\u0117vel\u0117s poj\u016b\u010dio. Jis turi malon\u0173 lengv\u0105 aromat\u0105. Idealiai tinka da\u017enam naudojimui &ndash; plauti rankas ir k\u016bn\u0105. Rekomenduojama naudoti pirtyse, hamamuose.<\/p>\n<p>93% nat\u016bralios kilm\u0117s ingredient\u0173.<\/p>\n<p><strong>Atsargumo priemon\u0117s:<\/strong> Patekus \u012f akis, nedelsiant praplauti tekan\u010diu vandeniu.<\/p>\n<p>Laikyti sausoje, u\u017edaroje, gerai v\u0117dinamoje vietoje.<\/p>\n<p><strong>Geriausias: <\/strong>5 metai nuo pagaminimo datos.<br \/>\n&nbsp;<\/p>\n","protected":false},"excerpt":{"rendered":"<p>Nat\u016bralus vonios muilas puikiai i&scaron;valo od\u0105 nuo ne&scaron;varum\u0173. Sukuria sodrias, &scaron;velnias putas, kurios &scaron;velniai ir kruop&scaron;\u010diai nuvalo, lengvai nuplaunamos, nepalikdamos ant odos slid\u017eios pl\u0117vel\u0117s poj\u016b\u010dio. Jis turi malon\u0173 lengv\u0105 aromat\u0105. Idealiai tinka da\u017enam naudojimui &ndash; plauti rankas ir k\u016bn\u0105. Rekomenduojama naudoti pirtyse, hamamuose. 93% nat\u016bralios kilm\u0117s ingredient\u0173. Atsargumo priemon\u0117s: Patekus \u012f akis, nedelsiant praplauti tekan\u010diu [&#8230;]\n","protected":false},"featured_media":87790,"template":"","meta":[],"product_cat":[2181],"product_tag":[],"class_list":{"0":"post-41631","1":"product","2":"type-product","3":"status-publish","4":"has-post-thumbnail","6":"product_brand-slobozanskij-milovar_ua-lt","7":"product_cat-bez-kategorijas-lt","9":"first","10":"instock","11":"taxable","12":"shipping-taxable","13":"product-type-simple"},"_links":{"self":[{"href":"https:\/\/e.kosmolat.eu\/lt\/wp-json\/wp\/v2\/product\/41631","targetHints":{"allow":["GET"]}}],"collection":[{"href":"https:\/\/e.kosmolat.eu\/lt\/wp-json\/wp\/v2\/product"}],"about":[{"href":"https:\/\/e.kosmolat.eu\/lt\/wp-json\/wp\/v2\/types\/product"}],"wp:featuredmedia":[{"embeddable":true,"href":"https:\/\/e.kosmolat.eu\/lt\/wp-json\/wp\/v2\/media\/87790"}],"wp:attachment":[{"href":"https:\/\/e.kosmolat.eu\/lt\/wp-json\/wp\/v2\/media?parent=41631"}],"wp:term":[{"taxonomy":"product_cat","embeddable":true,"href":"https:\/\/e.kosmolat.eu\/lt\/wp-json\/wp\/v2\/product_cat?post=41631"},{"taxonomy":"product_tag","embeddable":true,"href":"https:\/\/e.kosmolat.eu\/lt\/wp-json\/wp\/v2\/product_tag?post=41631"}],"curies":[{"name":"wp","href":"https:\/\/api.w.org\/{rel}","templated":true}]}}