{"id":41627,"date":"2023-12-23T03:17:44","date_gmt":"2023-12-23T03:17:44","guid":{"rendered":"https:\/\/e.kosmolat.eu\/product\/cosmeplant-roku-krems-viegla-barosana-ar-baltas-akacijas-zied-ekstr-vis-adas-tip-75-ml\/"},"modified":"2026-04-11T18:23:50","modified_gmt":"2026-04-11T18:23:50","slug":"cosmeplant-roku-krems-viegla-barosana-ar-baltas-akacijas-zied-ekstr-vis-adas-tip-75-ml","status":"publish","type":"product","link":"https:\/\/e.kosmolat.eu\/lt\/produktas\/cosmeplant-roku-krems-viegla-barosana-ar-baltas-akacijas-zied-ekstr-vis-adas-tip-75-ml\/","title":{"rendered":"COSMEPLANT Rank\u0173 kremas \u201eLengvas maitinimas\u201c su organiniu balt\u0173j\u0173 akacij\u0173 \u017eied\u0173 ekstraktu vis\u0173 tip\u0173"},"content":{"rendered":"<p>Susigeria akimirksniu, apsaugo nuo i&scaron;saus\u0117jimo, suteikia komforto jausm\u0105.&nbsp;<\/p>\n<p><strong>Naudojimas:<\/strong> tepkite krem\u0105 ant &scaron;varios ir sausos rank\u0173 odos, masa\u017euokite, kol visi&scaron;kai \u012fsigers.&nbsp;<\/p>\n<p>Laikyti &nbsp;nuo +5&deg;\u0421 iki +25&deg;\u0421, saugoti nuo tiesiogini\u0173 saul\u0117s spinduli\u0173.&nbsp;<\/p>\n<p><strong>Geriausias: <\/strong>30 m\u0117nesi\u0173 nuo pagaminimo datos.<br \/>\n&nbsp;<\/p>\n","protected":false},"excerpt":{"rendered":"<p>Susigeria akimirksniu, apsaugo nuo i&scaron;saus\u0117jimo, suteikia komforto jausm\u0105.&nbsp; Naudojimas: tepkite krem\u0105 ant &scaron;varios ir sausos rank\u0173 odos, masa\u017euokite, kol visi&scaron;kai \u012fsigers.&nbsp; Laikyti &nbsp;nuo +5&deg;\u0421 iki +25&deg;\u0421, saugoti nuo tiesiogini\u0173 saul\u0117s spinduli\u0173.&nbsp; Geriausias: 30 m\u0117nesi\u0173 nuo pagaminimo datos. &nbsp;<\/p>\n","protected":false},"featured_media":87786,"template":"","meta":[],"product_cat":[1304],"product_tag":[],"class_list":{"0":"post-41627","1":"product","2":"type-product","3":"status-publish","4":"has-post-thumbnail","6":"product_brand-viorica-cosmeplant_bg-lt","7":"product_cat-ranku-prieziuros-kosmetika","9":"first","10":"instock","11":"taxable","12":"shipping-taxable","13":"product-type-simple"},"_links":{"self":[{"href":"https:\/\/e.kosmolat.eu\/lt\/wp-json\/wp\/v2\/product\/41627","targetHints":{"allow":["GET"]}}],"collection":[{"href":"https:\/\/e.kosmolat.eu\/lt\/wp-json\/wp\/v2\/product"}],"about":[{"href":"https:\/\/e.kosmolat.eu\/lt\/wp-json\/wp\/v2\/types\/product"}],"wp:featuredmedia":[{"embeddable":true,"href":"https:\/\/e.kosmolat.eu\/lt\/wp-json\/wp\/v2\/media\/87786"}],"wp:attachment":[{"href":"https:\/\/e.kosmolat.eu\/lt\/wp-json\/wp\/v2\/media?parent=41627"}],"wp:term":[{"taxonomy":"product_cat","embeddable":true,"href":"https:\/\/e.kosmolat.eu\/lt\/wp-json\/wp\/v2\/product_cat?post=41627"},{"taxonomy":"product_tag","embeddable":true,"href":"https:\/\/e.kosmolat.eu\/lt\/wp-json\/wp\/v2\/product_tag?post=41627"}],"curies":[{"name":"wp","href":"https:\/\/api.w.org\/{rel}","templated":true}]}}