{"id":41623,"date":"2023-12-23T03:17:19","date_gmt":"2023-12-23T03:17:19","guid":{"rendered":"https:\/\/e.kosmolat.eu\/product\/cosmeplant-pretblaugznu-losjons-ar-salvijas-ekstr-propolisu-un-klimbazolu-200-ml\/"},"modified":"2025-09-20T00:13:11","modified_gmt":"2025-09-20T00:13:11","slug":"cosmeplant-pretblaugznu-losjons-ar-salvijas-ekstr-propolisu-un-klimbazolu-200-ml","status":"publish","type":"product","link":"https:\/\/e.kosmolat.eu\/lt\/produktas\/cosmeplant-pretblaugznu-losjons-ar-salvijas-ekstr-propolisu-un-klimbazolu-200-ml\/","title":{"rendered":"COSMEPLANT Losjonas nuo pleiskan\u0173 su organiniu \u0161alavij\u0173 ekstraktu, propoliu ir klimbazolu, 200 ml"},"content":{"rendered":"<p>Intensyviai veikia galvos od\u0105, normalizuoja riebal\u0173 gamyb\u0105, pasi\u017eymi antibakteriniu ir prie&scaron;grybeliniu poveikiu, sulaiko dr\u0117gm\u0119, tod\u0117l pa&scaron;alina pleiskanojim\u0105. Rezultatas &ndash; sveiki ir pri\u017ei\u016br\u0117ti plaukai be pleiskan\u0173.<\/p>\n<p><strong>Naudojimas:<\/strong> purk&scaron;ti ant dr\u0117gn\u0173 arba saus\u0173 plauk\u0173 &scaron;akn\u0173, &scaron;velniai masa\u017euoti galvos od\u0105. Nereikalauja skalavimo.<\/p>\n<p>Laikyti t&deg; nuo +5&deg;\u0421 iki +25&deg;\u0421, saugoti nuo tiesiogini\u0173 saul\u0117s spinduli\u0173.&nbsp;<\/p>\n<p><strong>Geriausias:<\/strong> 36 m\u0117nesi\u0173 nuo pagaminimo datos.<br \/>\n&nbsp;<\/p>\n","protected":false},"excerpt":{"rendered":"<p>Intensyviai veikia galvos od\u0105, normalizuoja riebal\u0173 gamyb\u0105, pasi\u017eymi antibakteriniu ir prie&scaron;grybeliniu poveikiu, sulaiko dr\u0117gm\u0119, tod\u0117l pa&scaron;alina pleiskanojim\u0105. Rezultatas &ndash; sveiki ir pri\u017ei\u016br\u0117ti plaukai be pleiskan\u0173. Naudojimas: purk&scaron;ti ant dr\u0117gn\u0173 arba saus\u0173 plauk\u0173 &scaron;akn\u0173, &scaron;velniai masa\u017euoti galvos od\u0105. Nereikalauja skalavimo. Laikyti t&deg; nuo +5&deg;\u0421 iki +25&deg;\u0421, saugoti nuo tiesiogini\u0173 saul\u0117s spinduli\u0173.&nbsp; Geriausias: 36 m\u0117nesi\u0173 nuo pagaminimo [&#8230;]\n","protected":false},"featured_media":87782,"template":"","meta":[],"product_cat":[1345],"product_tag":[],"class_list":{"0":"post-41623","1":"product","2":"type-product","3":"status-publish","4":"has-post-thumbnail","6":"product_brand-viorica-cosmeplant_bg-lt","7":"product_cat-kitos-plauku-prieziuros-priemones","9":"first","10":"outofstock","11":"taxable","12":"shipping-taxable","13":"product-type-simple"},"_links":{"self":[{"href":"https:\/\/e.kosmolat.eu\/lt\/wp-json\/wp\/v2\/product\/41623","targetHints":{"allow":["GET"]}}],"collection":[{"href":"https:\/\/e.kosmolat.eu\/lt\/wp-json\/wp\/v2\/product"}],"about":[{"href":"https:\/\/e.kosmolat.eu\/lt\/wp-json\/wp\/v2\/types\/product"}],"wp:featuredmedia":[{"embeddable":true,"href":"https:\/\/e.kosmolat.eu\/lt\/wp-json\/wp\/v2\/media\/87782"}],"wp:attachment":[{"href":"https:\/\/e.kosmolat.eu\/lt\/wp-json\/wp\/v2\/media?parent=41623"}],"wp:term":[{"taxonomy":"product_cat","embeddable":true,"href":"https:\/\/e.kosmolat.eu\/lt\/wp-json\/wp\/v2\/product_cat?post=41623"},{"taxonomy":"product_tag","embeddable":true,"href":"https:\/\/e.kosmolat.eu\/lt\/wp-json\/wp\/v2\/product_tag?post=41623"}],"curies":[{"name":"wp","href":"https:\/\/api.w.org\/{rel}","templated":true}]}}