{"id":41619,"date":"2023-12-23T03:16:58","date_gmt":"2023-12-23T03:16:58","guid":{"rendered":"https:\/\/e.kosmolat.eu\/product\/cosmeplant-fiksejoss-matu-losjons-ar-ehinacijas-un-rozmarina-ekstr-200-ml\/"},"modified":"2026-04-11T18:23:37","modified_gmt":"2026-04-11T18:23:37","slug":"cosmeplant-fiksejoss-matu-losjons-ar-ehinacijas-un-rozmarina-ekstr-200-ml","status":"publish","type":"product","link":"https:\/\/e.kosmolat.eu\/lt\/produktas\/cosmeplant-fiksejoss-matu-losjons-ar-ehinacijas-un-rozmarina-ekstr-200-ml\/","title":{"rendered":"COSMEPLANT Fiksuojantis losjonas su organiniais ir rozmarino ekstraktais, 200 ml"},"content":{"rendered":"<p>I&scaron;laiko stili\u0173, nesulipdo plauk\u0173. Suteikia apimties, o sruog\u0173 tampa elastingos ir elastingos. Plaukai \u012fgauna i&scaron;puosel\u0117t\u0105 i&scaron;vaizd\u0105 ir nesivelia net esant didelei dr\u0117gmei.<\/p>\n<p><strong>Naudojimas:<\/strong> purk&scaron;ti ant dr\u0117gn\u0173 arba saus\u0173 plauk\u0173 &scaron;akn\u0173, &scaron;velniai masa\u017euoti galvos od\u0105. Nereikalauja skalavimo.<\/p>\n<p>Laikyti t&deg; nuo +5&deg;\u0421 iki +25&deg;\u0421, saugoti nuo tiesiogini\u0173 saul\u0117s spinduli\u0173.&nbsp;<\/p>\n<p><strong>Geriausias:<\/strong> 36 m\u0117nesi\u0173 nuo pagaminimo datos.<br \/>\n&nbsp;<\/p>\n","protected":false},"excerpt":{"rendered":"<p>I&scaron;laiko stili\u0173, nesulipdo plauk\u0173. Suteikia apimties, o sruog\u0173 tampa elastingos ir elastingos. Plaukai \u012fgauna i&scaron;puosel\u0117t\u0105 i&scaron;vaizd\u0105 ir nesivelia net esant didelei dr\u0117gmei. Naudojimas: purk&scaron;ti ant dr\u0117gn\u0173 arba saus\u0173 plauk\u0173 &scaron;akn\u0173, &scaron;velniai masa\u017euoti galvos od\u0105. Nereikalauja skalavimo. Laikyti t&deg; nuo +5&deg;\u0421 iki +25&deg;\u0421, saugoti nuo tiesiogini\u0173 saul\u0117s spinduli\u0173.&nbsp; Geriausias: 36 m\u0117nesi\u0173 nuo pagaminimo datos. &nbsp;<\/p>\n","protected":false},"featured_media":87778,"template":"","meta":[],"product_cat":[1653],"product_tag":[],"class_list":{"0":"post-41619","1":"product","2":"type-product","3":"status-publish","4":"has-post-thumbnail","6":"product_brand-viorica-cosmeplant_bg-lt","7":"product_cat-geliai-kremai-aliejai-ir-kt","9":"first","10":"outofstock","11":"taxable","12":"shipping-taxable","13":"product-type-simple"},"_links":{"self":[{"href":"https:\/\/e.kosmolat.eu\/lt\/wp-json\/wp\/v2\/product\/41619","targetHints":{"allow":["GET"]}}],"collection":[{"href":"https:\/\/e.kosmolat.eu\/lt\/wp-json\/wp\/v2\/product"}],"about":[{"href":"https:\/\/e.kosmolat.eu\/lt\/wp-json\/wp\/v2\/types\/product"}],"wp:featuredmedia":[{"embeddable":true,"href":"https:\/\/e.kosmolat.eu\/lt\/wp-json\/wp\/v2\/media\/87778"}],"wp:attachment":[{"href":"https:\/\/e.kosmolat.eu\/lt\/wp-json\/wp\/v2\/media?parent=41619"}],"wp:term":[{"taxonomy":"product_cat","embeddable":true,"href":"https:\/\/e.kosmolat.eu\/lt\/wp-json\/wp\/v2\/product_cat?post=41619"},{"taxonomy":"product_tag","embeddable":true,"href":"https:\/\/e.kosmolat.eu\/lt\/wp-json\/wp\/v2\/product_tag?post=41619"}],"curies":[{"name":"wp","href":"https:\/\/api.w.org\/{rel}","templated":true}]}}