{"id":41615,"date":"2023-12-23T03:16:33","date_gmt":"2023-12-23T03:16:33","guid":{"rendered":"https:\/\/e.kosmolat.eu\/product\/cosmeplant-losjons-viegla-kemmesana-ar-vinogu-lapu-ekstr-200-ml\/"},"modified":"2026-04-17T13:09:44","modified_gmt":"2026-04-17T13:09:44","slug":"cosmeplant-losjons-viegla-kemmesana-ar-vinogu-lapu-ekstr-200-ml","status":"publish","type":"product","link":"https:\/\/e.kosmolat.eu\/lt\/produktas\/cosmeplant-losjons-viegla-kemmesana-ar-vinogu-lapu-ekstr-200-ml\/","title":{"rendered":"COSMEPLANT Losjonas &#8220;Lengvas \u0161ukavimas&#8221; su organiniu vynuogi\u0173 lap\u0173 ekstraktu, 200 ml"},"content":{"rendered":"<p>Nepaklusni\u0173, &scaron;iurk&scaron;\u010di\u0173 plauk\u0173, linkusi\u0173 veltis, prie\u017ei\u016brai. Tai palengvina tiek saus\u0173, tiek &scaron;lapi\u0173 plauk\u0173 su&scaron;ukavim\u0105 ir neleid\u017eia veltis. Suteikia papildomo blizgesio, elastingumo ir &scaron;velnumo, saugo nuo i&scaron;orini\u0173 veiksni\u0173. Neapsunkina.<\/p>\n<p><strong>Naudojimas: <\/strong>purk&scaron;ti ant dr\u0117gn\u0173 arba saus\u0173 plauk\u0173 &scaron;akn\u0173, &scaron;velniai masa\u017euoti galvos od\u0105. Nereikalauja skalavimo.<\/p>\n<p>Laikyti t&deg; nuo +5&deg;\u0421 iki +25&deg;\u0421, saugoti nuo tiesiogini\u0173 saul\u0117s spinduli\u0173.<\/p>\n<p><strong>Geriausias:<\/strong> 36 m\u0117nesi\u0173 nuo pagaminimo datos.&nbsp;<br \/>\n&nbsp;<\/p>\n","protected":false},"excerpt":{"rendered":"<p>Nepaklusni\u0173, &scaron;iurk&scaron;\u010di\u0173 plauk\u0173, linkusi\u0173 veltis, prie\u017ei\u016brai. Tai palengvina tiek saus\u0173, tiek &scaron;lapi\u0173 plauk\u0173 su&scaron;ukavim\u0105 ir neleid\u017eia veltis. Suteikia papildomo blizgesio, elastingumo ir &scaron;velnumo, saugo nuo i&scaron;orini\u0173 veiksni\u0173. Neapsunkina. Naudojimas: purk&scaron;ti ant dr\u0117gn\u0173 arba saus\u0173 plauk\u0173 &scaron;akn\u0173, &scaron;velniai masa\u017euoti galvos od\u0105. Nereikalauja skalavimo. Laikyti t&deg; nuo +5&deg;\u0421 iki +25&deg;\u0421, saugoti nuo tiesiogini\u0173 saul\u0117s spinduli\u0173. Geriausias: 36 [&#8230;]\n","protected":false},"featured_media":87774,"template":"","meta":[],"product_cat":[1345],"product_tag":[],"class_list":{"0":"post-41615","1":"product","2":"type-product","3":"status-publish","4":"has-post-thumbnail","6":"product_brand-viorica-cosmeplant_bg-lt","7":"product_cat-kitos-plauku-prieziuros-priemones","9":"first","10":"outofstock","11":"taxable","12":"shipping-taxable","13":"product-type-simple"},"_links":{"self":[{"href":"https:\/\/e.kosmolat.eu\/lt\/wp-json\/wp\/v2\/product\/41615","targetHints":{"allow":["GET"]}}],"collection":[{"href":"https:\/\/e.kosmolat.eu\/lt\/wp-json\/wp\/v2\/product"}],"about":[{"href":"https:\/\/e.kosmolat.eu\/lt\/wp-json\/wp\/v2\/types\/product"}],"wp:featuredmedia":[{"embeddable":true,"href":"https:\/\/e.kosmolat.eu\/lt\/wp-json\/wp\/v2\/media\/87774"}],"wp:attachment":[{"href":"https:\/\/e.kosmolat.eu\/lt\/wp-json\/wp\/v2\/media?parent=41615"}],"wp:term":[{"taxonomy":"product_cat","embeddable":true,"href":"https:\/\/e.kosmolat.eu\/lt\/wp-json\/wp\/v2\/product_cat?post=41615"},{"taxonomy":"product_tag","embeddable":true,"href":"https:\/\/e.kosmolat.eu\/lt\/wp-json\/wp\/v2\/product_tag?post=41615"}],"curies":[{"name":"wp","href":"https:\/\/api.w.org\/{rel}","templated":true}]}}