{"id":41611,"date":"2023-12-23T03:16:14","date_gmt":"2023-12-23T03:16:14","guid":{"rendered":"https:\/\/e.kosmolat.eu\/product\/cosmeplant-victorita-bernu-samp-ar-liepziedu-klingerites-un-gurka-ekstr-250-ml\/"},"modified":"2026-03-10T05:16:07","modified_gmt":"2026-03-10T05:16:07","slug":"cosmeplant-victorita-bernu-samp-ar-liepziedu-klingerites-un-gurka-ekstr-250-ml","status":"publish","type":"product","link":"https:\/\/e.kosmolat.eu\/lt\/produktas\/cosmeplant-victorita-bernu-samp-ar-liepziedu-klingerites-un-gurka-ekstr-250-ml\/","title":{"rendered":"COSMEPLANT VICTORITA Vaiki\u0161kas \u0161amp\u016bnas su liep\u017eied\u017ei\u0173, medetk\u0173 ir agurk\u0173 ekstraktais, 250 ml"},"content":{"rendered":"<p>&Scaron;velni &scaron;amp\u016bno formul\u0117 &scaron;velniai valo jautri\u0105 k\u016bdikio od\u0105 ir plaukus. Augalini\u0173 ekstrakt\u0173 kompleksas mink&scaron;tina ir dr\u0117kina od\u0105, stiprina plaukus ir visi&scaron;kai negrau\u017eia aki\u0173.&nbsp;<\/p>\n<p><strong>Naudojimas: <\/strong>paskirstykite ant dr\u0117gn\u0173 plauk\u0173, suputokite, tada nuplaukite vandeniu.&nbsp;<\/p>\n<p>Laikyti t&deg; nuo +5&deg;\u0421 iki +25&deg;\u0421, saugoti nuo tiesiogini\u0173 saul\u0117s spinduli\u0173.&nbsp;<\/p>\n<p><strong>Geriausias: <\/strong>36 m\u0117nesiai nuo pagaminimo datos.<br \/>\n&nbsp;<\/p>\n","protected":false},"excerpt":{"rendered":"<p>&Scaron;velni &scaron;amp\u016bno formul\u0117 &scaron;velniai valo jautri\u0105 k\u016bdikio od\u0105 ir plaukus. Augalini\u0173 ekstrakt\u0173 kompleksas mink&scaron;tina ir dr\u0117kina od\u0105, stiprina plaukus ir visi&scaron;kai negrau\u017eia aki\u0173.&nbsp; Naudojimas: paskirstykite ant dr\u0117gn\u0173 plauk\u0173, suputokite, tada nuplaukite vandeniu.&nbsp; Laikyti t&deg; nuo +5&deg;\u0421 iki +25&deg;\u0421, saugoti nuo tiesiogini\u0173 saul\u0117s spinduli\u0173.&nbsp; Geriausias: 36 m\u0117nesiai nuo pagaminimo datos. &nbsp;<\/p>\n","protected":false},"featured_media":87770,"template":"","meta":[],"product_cat":[1793],"product_tag":[],"class_list":{"0":"post-41611","1":"product","2":"type-product","3":"status-publish","4":"has-post-thumbnail","6":"product_brand-viorica-cosmeplant_bg-lt","7":"product_cat-plauku-prieziura-vaikams","9":"first","10":"instock","11":"taxable","12":"shipping-taxable","13":"product-type-simple"},"_links":{"self":[{"href":"https:\/\/e.kosmolat.eu\/lt\/wp-json\/wp\/v2\/product\/41611","targetHints":{"allow":["GET"]}}],"collection":[{"href":"https:\/\/e.kosmolat.eu\/lt\/wp-json\/wp\/v2\/product"}],"about":[{"href":"https:\/\/e.kosmolat.eu\/lt\/wp-json\/wp\/v2\/types\/product"}],"wp:featuredmedia":[{"embeddable":true,"href":"https:\/\/e.kosmolat.eu\/lt\/wp-json\/wp\/v2\/media\/87770"}],"wp:attachment":[{"href":"https:\/\/e.kosmolat.eu\/lt\/wp-json\/wp\/v2\/media?parent=41611"}],"wp:term":[{"taxonomy":"product_cat","embeddable":true,"href":"https:\/\/e.kosmolat.eu\/lt\/wp-json\/wp\/v2\/product_cat?post=41611"},{"taxonomy":"product_tag","embeddable":true,"href":"https:\/\/e.kosmolat.eu\/lt\/wp-json\/wp\/v2\/product_tag?post=41611"}],"curies":[{"name":"wp","href":"https:\/\/api.w.org\/{rel}","templated":true}]}}