{"id":41603,"date":"2023-12-23T03:15:33","date_gmt":"2023-12-23T03:15:33","guid":{"rendered":"https:\/\/e.kosmolat.eu\/product\/cosmeplant-victorita-bernu-ella-ar-a-vitaminu-200-ml\/"},"modified":"2026-04-10T05:30:33","modified_gmt":"2026-04-10T05:30:33","slug":"cosmeplant-victorita-bernu-ella-ar-a-vitaminu-200-ml","status":"publish","type":"product","link":"https:\/\/e.kosmolat.eu\/lt\/produktas\/cosmeplant-victorita-bernu-ella-ar-a-vitaminu-200-ml\/","title":{"rendered":"COSMEPLANT VICTORITA Vaiki\u0161kas aliejus su vitaminu A, 200 ml"},"content":{"rendered":"<p>Priemon\u0117s r\u016bpestingai \u0161velniai vaiko odai pri\u017ei\u016br\u0117ti. Galima naudoti tiek masa\u017eui, tiek vietoj kremo. Lengvai susigeria, palieka \u0161velnumo ir komforto poj\u016bt\u012f. <\/p>\n<p>Sud\u0117tyje yra vitamino A. Prie\u0161 naudojant atsi\u017evelgti \u012f paros doz\u0119.<\/p>\n<p>Naudojimas: tepkite aliejumi ant \u0161varios ir sausos odos, masa\u017euokite. <\/p>\n<p>Laikyti t\u00b0 nuo +5\u00b0\u0421 iki +25\u00b0\u0421, saugoti nuo tiesiogini\u0173 saul\u0117s spinduli\u0173. <\/p>\n<p>Geriausias: 24 m\u0117nesiai nuo pagaminimo datos.<\/p>\n","protected":false},"excerpt":{"rendered":"<p>Priemon\u0117s r\u016bpestingai \u0161velniai vaiko odai pri\u017ei\u016br\u0117ti. Galima naudoti tiek masa\u017eui, tiek vietoj kremo. Lengvai susigeria, palieka \u0161velnumo ir komforto poj\u016bt\u012f. Sud\u0117tyje yra vitamino A. Prie\u0161 naudojant atsi\u017evelgti \u012f paros doz\u0119. Naudojimas: tepkite aliejumi ant \u0161varios ir sausos odos, masa\u017euokite. Laikyti t\u00b0 nuo +5\u00b0\u0421 iki +25\u00b0\u0421, saugoti nuo tiesiogini\u0173 saul\u0117s spinduli\u0173. Geriausias: 24 m\u0117nesiai nuo pagaminimo [&#8230;]\n","protected":false},"featured_media":87762,"template":"","meta":[],"product_cat":[1363],"product_tag":[],"class_list":{"0":"post-41603","1":"product","2":"type-product","3":"status-publish","4":"has-post-thumbnail","6":"product_brand-viorica-cosmeplant_bg-lt","7":"product_cat-kuno-prieziuros-kosmetika","9":"first","10":"instock","11":"taxable","12":"shipping-taxable","13":"product-type-simple"},"_links":{"self":[{"href":"https:\/\/e.kosmolat.eu\/lt\/wp-json\/wp\/v2\/product\/41603","targetHints":{"allow":["GET"]}}],"collection":[{"href":"https:\/\/e.kosmolat.eu\/lt\/wp-json\/wp\/v2\/product"}],"about":[{"href":"https:\/\/e.kosmolat.eu\/lt\/wp-json\/wp\/v2\/types\/product"}],"wp:featuredmedia":[{"embeddable":true,"href":"https:\/\/e.kosmolat.eu\/lt\/wp-json\/wp\/v2\/media\/87762"}],"wp:attachment":[{"href":"https:\/\/e.kosmolat.eu\/lt\/wp-json\/wp\/v2\/media?parent=41603"}],"wp:term":[{"taxonomy":"product_cat","embeddable":true,"href":"https:\/\/e.kosmolat.eu\/lt\/wp-json\/wp\/v2\/product_cat?post=41603"},{"taxonomy":"product_tag","embeddable":true,"href":"https:\/\/e.kosmolat.eu\/lt\/wp-json\/wp\/v2\/product_tag?post=41603"}],"curies":[{"name":"wp","href":"https:\/\/api.w.org\/{rel}","templated":true}]}}